{"id":8396,"date":"2021-02-14T23:12:15","date_gmt":"2021-02-14T20:12:15","guid":{"rendered":"https:\/\/ceoparts.com\/?post_type=product&#038;p=8396"},"modified":"2026-05-16T13:14:52","modified_gmt":"2026-05-16T10:14:52","slug":"85x90-95-25-yuk-tekeri","status":"publish","type":"product","link":"https:\/\/ceoparts.com\/tr\/urun\/85x90-95-25-yuk-tekeri\/","title":{"rendered":"85&#215;90\/95-25 Ceoparts Y\u00fck Tekeri"},"content":{"rendered":"<p>85&#215;90\/95-25 Ceoparts Y\u00fck Tekeri <\/p>","protected":false},"excerpt":{"rendered":"<p data-start=\"98\" data-end=\"602\"><br data-start=\"103\" data-end=\"106\" \/><strong data-start=\"106\" data-end=\"141\">85\u00d790\/95-25 Ceoparts Y\u00fck Tekeri<\/strong>, forklift y\u00fck ta\u015f\u0131ma sistemlerinde y\u00fcksek performans ve dayan\u0131kl\u0131l\u0131k sa\u011flamak amac\u0131yla \u00f6zel olarak \u00fcretilmi\u015f profesyonel bir y\u00fck tekeridir. A\u015f\u0131nmaya ve darbelere dayan\u0131kl\u0131 \u00f6zel kau\u00e7uk kaplamas\u0131, sa\u011flam metal g\u00f6vdesiyle birlikte uzun s\u00fcreli, g\u00fcvenli ve dengeli kullan\u0131m imkan\u0131 sunar. Forkliftin ta\u015f\u0131ma performans\u0131n\u0131 ve manevra kabiliyetini art\u0131r\u0131rken, \u00e7al\u0131\u015fma ortam\u0131nda operasyonel verimlilik sa\u011flar. Depo, lojistik ve sanayi tesisleri i\u00e7in ideal bir tercihtir.<\/p>\n<p data-start=\"604\" data-end=\"889\"><strong data-start=\"604\" data-end=\"618\">\u00d6zellikler<\/strong><br data-start=\"618\" data-end=\"621\" \/><strong data-start=\"621\" data-end=\"634\">\u00dcr\u00fcn Ad\u0131:<\/strong> 85\u00d790\/95-25 Ceoparts Y\u00fck Tekeri<br data-start=\"666\" data-end=\"669\" \/><strong data-start=\"669\" data-end=\"681\">Malzeme:<\/strong> A\u015f\u0131nmaya dayan\u0131kl\u0131 \u00f6zel kau\u00e7uk ve sa\u011flam metal ala\u015f\u0131m\u0131<br data-start=\"736\" data-end=\"739\" \/><strong data-start=\"739\" data-end=\"758\">Kullan\u0131m Alan\u0131:<\/strong> Forklift y\u00fck ta\u015f\u0131ma ve denge sistemleri<br data-start=\"798\" data-end=\"801\" \/><strong data-start=\"801\" data-end=\"813\">Avantaj:<\/strong> Y\u00fcksek a\u015f\u0131nma ve darbe direnci, uzun \u00f6m\u00fcr, kolay montaj, g\u00fcvenli kullan\u0131m<\/p>\n<p data-start=\"891\" data-end=\"1370\">\n","protected":false},"featured_media":16001,"template":"","meta":[],"product_brand":[],"product_cat":[398,400],"product_tag":[],"class_list":{"0":"post-8396","1":"product","2":"type-product","3":"status-publish","4":"has-post-thumbnail","6":"product_cat-catal-tekeri-ceo","7":"product_cat-catal-tekeri","9":"first","10":"instock","11":"taxable","12":"shipping-taxable","13":"purchasable","14":"product-type-simple"},"_links":{"self":[{"href":"https:\/\/ceoparts.com\/tr\/wp-json\/wp\/v2\/product\/8396","targetHints":{"allow":["GET"]}}],"collection":[{"href":"https:\/\/ceoparts.com\/tr\/wp-json\/wp\/v2\/product"}],"about":[{"href":"https:\/\/ceoparts.com\/tr\/wp-json\/wp\/v2\/types\/product"}],"wp:featuredmedia":[{"embeddable":true,"href":"https:\/\/ceoparts.com\/tr\/wp-json\/wp\/v2\/media\/16001"}],"wp:attachment":[{"href":"https:\/\/ceoparts.com\/tr\/wp-json\/wp\/v2\/media?parent=8396"}],"wp:term":[{"taxonomy":"product_brand","embeddable":true,"href":"https:\/\/ceoparts.com\/tr\/wp-json\/wp\/v2\/product_brand?post=8396"},{"taxonomy":"product_cat","embeddable":true,"href":"https:\/\/ceoparts.com\/tr\/wp-json\/wp\/v2\/product_cat?post=8396"},{"taxonomy":"product_tag","embeddable":true,"href":"https:\/\/ceoparts.com\/tr\/wp-json\/wp\/v2\/product_tag?post=8396"}],"curies":[{"name":"wp","href":"https:\/\/api.w.org\/{rel}","templated":true}]}}