{"id":8400,"date":"2021-02-14T23:16:44","date_gmt":"2021-02-14T20:16:44","guid":{"rendered":"https:\/\/ceoparts.com\/?post_type=product&#038;p=8400"},"modified":"2026-05-16T11:55:04","modified_gmt":"2026-05-16T08:55:04","slug":"85x95-100-20-yuk-tekeri-2","status":"publish","type":"product","link":"https:\/\/ceoparts.com\/tr\/urun\/85x95-100-20-yuk-tekeri-2\/","title":{"rendered":"85&#215;95\/100-20 Ceoparts Y\u00fck Tekeri &#8211; 0039903502"},"content":{"rendered":"<p>85&#215;95\/100-20 Ceoparts Y\u00fck Tekeri &#8211; 0039903502<\/p>","protected":false},"excerpt":{"rendered":"<div id=\"product-description-short-5239\" class=\"description-short\">\n<p data-start=\"109\" data-end=\"540\"><br data-start=\"114\" data-end=\"117\" \/><strong data-start=\"117\" data-end=\"153\">85\u00d795\/100-20 Ceoparts Y\u00fck Tekeri<\/strong>, forkliftlerin y\u00fcksek y\u00fck ta\u015f\u0131ma kapasitesini desteklemek amac\u0131yla \u00f6zel olarak tasarlanm\u0131\u015f dayan\u0131kl\u0131 ve kaliteli bir y\u00fck tekeridir. Y\u00fcksek a\u015f\u0131nma direncine sahip kau\u00e7uk ve sa\u011flam metal ala\u015f\u0131mdan \u00fcretilmi\u015ftir. Zorlu \u00e7al\u0131\u015fma ko\u015fullar\u0131nda uzun \u00f6m\u00fcrl\u00fc performans sunar ve forkliftin stabilitesi ile manevra kabiliyetini art\u0131r\u0131r. Ceoparts kalitesiyle kolay montaj ve g\u00fcvenli kullan\u0131m sa\u011flar.<\/p>\n<p data-start=\"542\" data-end=\"820\"><strong data-start=\"542\" data-end=\"556\">\u00d6zellikler<\/strong><br data-start=\"556\" data-end=\"559\" \/><strong data-start=\"559\" data-end=\"572\">\u00dcr\u00fcn Ad\u0131:<\/strong> 85\u00d795\/100-20 Ceoparts Y\u00fck Tekeri<br data-start=\"605\" data-end=\"608\" \/><strong data-start=\"608\" data-end=\"623\">Par\u00e7a Kodu:<\/strong> 0039903502<br data-start=\"634\" data-end=\"637\" \/><strong data-start=\"637\" data-end=\"649\">Malzeme:<\/strong> Dayan\u0131kl\u0131 kau\u00e7uk ve metal ala\u015f\u0131m\u0131<br data-start=\"683\" data-end=\"686\" \/><strong data-start=\"686\" data-end=\"705\">Kullan\u0131m Alan\u0131:<\/strong> Forklift y\u00fck ta\u015f\u0131ma sistemi<br data-start=\"733\" data-end=\"736\" \/><strong data-start=\"736\" data-end=\"748\">Avantaj:<\/strong> Y\u00fcksek a\u015f\u0131nma direnci, dayan\u0131kl\u0131 yap\u0131, kolay montaj, g\u00fcvenli kullan\u0131m<\/p>\n<p data-start=\"822\" data-end=\"1201\">\n","protected":false},"featured_media":16007,"template":"","meta":[],"product_brand":[],"product_cat":[398,400],"product_tag":[],"class_list":{"0":"post-8400","1":"product","2":"type-product","3":"status-publish","4":"has-post-thumbnail","6":"product_cat-catal-tekeri-ceo","7":"product_cat-catal-tekeri","9":"first","10":"instock","11":"taxable","12":"shipping-taxable","13":"purchasable","14":"product-type-simple"},"_links":{"self":[{"href":"https:\/\/ceoparts.com\/tr\/wp-json\/wp\/v2\/product\/8400","targetHints":{"allow":["GET"]}}],"collection":[{"href":"https:\/\/ceoparts.com\/tr\/wp-json\/wp\/v2\/product"}],"about":[{"href":"https:\/\/ceoparts.com\/tr\/wp-json\/wp\/v2\/types\/product"}],"wp:featuredmedia":[{"embeddable":true,"href":"https:\/\/ceoparts.com\/tr\/wp-json\/wp\/v2\/media\/16007"}],"wp:attachment":[{"href":"https:\/\/ceoparts.com\/tr\/wp-json\/wp\/v2\/media?parent=8400"}],"wp:term":[{"taxonomy":"product_brand","embeddable":true,"href":"https:\/\/ceoparts.com\/tr\/wp-json\/wp\/v2\/product_brand?post=8400"},{"taxonomy":"product_cat","embeddable":true,"href":"https:\/\/ceoparts.com\/tr\/wp-json\/wp\/v2\/product_cat?post=8400"},{"taxonomy":"product_tag","embeddable":true,"href":"https:\/\/ceoparts.com\/tr\/wp-json\/wp\/v2\/product_tag?post=8400"}],"curies":[{"name":"wp","href":"https:\/\/api.w.org\/{rel}","templated":true}]}}