{"id":8401,"date":"2021-02-14T23:18:24","date_gmt":"2021-02-14T20:18:24","guid":{"rendered":"https:\/\/ceoparts.com\/?post_type=product&#038;p=8401"},"modified":"2026-05-16T21:00:18","modified_gmt":"2026-05-16T18:00:18","slug":"85x95-100-25-yuk-tekeri","status":"publish","type":"product","link":"https:\/\/ceoparts.com\/tr\/urun\/85x95-100-25-yuk-tekeri\/","title":{"rendered":"85&#215;95\/100-25 Ceoparts Y\u00fck Tekeri &#8211; 27631390"},"content":{"rendered":"<p>85&#215;95\/100-25 Ceoparts Y\u00fck Tekeri &#8211; 27631390<\/p>\n<p>Jungheinrich 85&#215;95\/100-25\u00a0 27631390<\/p>\n<p>EKC 12,5 \/ 16 \/ 20\u00a01.91 &#8211; 1.95<\/p>\n<p>ECE 310\u00a04.04 &#8211; 12.07<br \/>\nECE 310\u00a01.08 &#8211;<\/p>\n<p>EJC 10 KGL (BW)\u00a06.78 &#8211;<br \/>\nEJC Z14\/Z16\u00a05.05 &#8211;<br \/>\nEJC-Z 14\/16\u00a01.99 &#8211; 4.05<br \/>\nEJCc 12,5\/16\u00a05.82 &#8211; 1.85<\/p>\n<p>EJD 16\u00a09.92 &#8211; 4.94<br \/>\nEJD 16\u00a05.91 &#8211; 12.91<br \/>\nEJD 20-3\u00a05.94 &#8211; 10.94<br \/>\nEJD 20-3\u00a010.94 &#8211; 3.95<br \/>\nEJD 20-3\u00a04.95 &#8211; 12.01<br \/>\nEJD 220\u00a01.10 &#8211;<br \/>\nEJD K18\u00a05.05 &#8211; 5.08<\/p>\n<p>EJE 12,5-16\u00a010.88 &#8211; 3.91<br \/>\nEJE 16-4\u00a08.96 &#8211; 12.99<br \/>\nEJE 16-4\u00a01.00 &#8211;<br \/>\nEJE 16\/20\u00a09.92 &#8211; 7.93<br \/>\nEJE KMS B\u00a011.79 &#8211; 8.84<br \/>\nEJE\/-R 20\u00a09.92 &#8211; 7.93<br \/>\nEJE\/-R 20-24\u00a06.96 &#8211; 4.97<\/p>\n<p>EKC 12,5\u00a05.82 &#8211; 11.84<br \/>\nEKC 16 \/ 20\u00a05.82 &#8211; 11.84<br \/>\nEKC 20\u00a01.83 &#8211; 5.86<br \/>\nEKC 20\u00a06.86 &#8211; 12.90<\/p>\n<p>EKE 20\u00a05.94 &#8211; 5.97<\/p>\n<p>EKS 308 F\/S\/I\u00a01.06 &#8211; 12.09<\/p>\n<p>ERC Z12\/Z14\/Z16\u00a04.04 &#8211;<br \/>\nERC-Z 12-16\u00a04.01 &#8211; 3.04<\/p>\n<p>ERD 220\u00a06.10 &#8211;<\/p>\n<p>ERE 20\u00a05.94 &#8211; 6.97<\/p>","protected":false},"excerpt":{"rendered":"<p data-start=\"107\" data-end=\"570\"><br data-start=\"112\" data-end=\"115\" \/><strong data-start=\"115\" data-end=\"151\">85\u00d795\/100-25 Ceoparts Y\u00fck Tekeri<\/strong>, forkliftlerin y\u00fck ta\u015f\u0131ma kapasitesini art\u0131rmak ve operasyon verimlili\u011fini desteklemek amac\u0131yla tasarlanm\u0131\u015f dayan\u0131kl\u0131 ve y\u00fcksek kaliteli bir y\u00fck tekeridir. \u00d6zel kau\u00e7uk bile\u015fimi ve sa\u011flam metal ala\u015f\u0131m\u0131 sayesinde zorlu \u00e7al\u0131\u015fma ko\u015fullar\u0131nda uzun \u00f6m\u00fcrl\u00fc performans sa\u011flar. Bu teker, forkliftin dengeli hareket etmesine ve g\u00fcvenli y\u00fck ta\u015f\u0131mas\u0131na olanak tan\u0131r. Ceoparts kalitesi ile kolay montaj ve \u00fcst\u00fcn dayan\u0131kl\u0131l\u0131k sunar.<\/p>\n<p data-start=\"572\" data-end=\"848\"><strong data-start=\"572\" data-end=\"586\">\u00d6zellikler<\/strong><br data-start=\"586\" data-end=\"589\" \/><strong data-start=\"589\" data-end=\"602\">\u00dcr\u00fcn Ad\u0131:<\/strong> 85\u00d795\/100-25 Ceoparts Y\u00fck Tekeri<br data-start=\"635\" data-end=\"638\" \/><strong data-start=\"638\" data-end=\"653\">Par\u00e7a Kodu:<\/strong> 27631390<br data-start=\"662\" data-end=\"665\" \/><strong data-start=\"665\" data-end=\"677\">Malzeme:<\/strong> Dayan\u0131kl\u0131 kau\u00e7uk ve metal ala\u015f\u0131m\u0131<br data-start=\"711\" data-end=\"714\" \/><strong data-start=\"714\" data-end=\"733\">Kullan\u0131m Alan\u0131:<\/strong> Forklift y\u00fck ta\u015f\u0131ma sistemi<br data-start=\"761\" data-end=\"764\" \/><strong data-start=\"764\" data-end=\"776\">Avantaj:<\/strong> Y\u00fcksek a\u015f\u0131nma direnci, dayan\u0131kl\u0131 yap\u0131, kolay montaj, g\u00fcvenli kullan\u0131m<\/p>\n<p data-start=\"850\" data-end=\"1271\">\n","protected":false},"featured_media":16010,"template":"","meta":[],"product_brand":[],"product_cat":[236,238,398,400],"product_tag":[],"class_list":{"0":"post-8401","1":"product","2":"type-product","3":"status-publish","4":"has-post-thumbnail","6":"product_cat-jungheinrich","7":"product_cat-catal-tekeri-jungheinrich","8":"product_cat-catal-tekeri-ceo","9":"product_cat-catal-tekeri","11":"first","12":"instock","13":"taxable","14":"shipping-taxable","15":"purchasable","16":"product-type-simple"},"_links":{"self":[{"href":"https:\/\/ceoparts.com\/tr\/wp-json\/wp\/v2\/product\/8401","targetHints":{"allow":["GET"]}}],"collection":[{"href":"https:\/\/ceoparts.com\/tr\/wp-json\/wp\/v2\/product"}],"about":[{"href":"https:\/\/ceoparts.com\/tr\/wp-json\/wp\/v2\/types\/product"}],"wp:featuredmedia":[{"embeddable":true,"href":"https:\/\/ceoparts.com\/tr\/wp-json\/wp\/v2\/media\/16010"}],"wp:attachment":[{"href":"https:\/\/ceoparts.com\/tr\/wp-json\/wp\/v2\/media?parent=8401"}],"wp:term":[{"taxonomy":"product_brand","embeddable":true,"href":"https:\/\/ceoparts.com\/tr\/wp-json\/wp\/v2\/product_brand?post=8401"},{"taxonomy":"product_cat","embeddable":true,"href":"https:\/\/ceoparts.com\/tr\/wp-json\/wp\/v2\/product_cat?post=8401"},{"taxonomy":"product_tag","embeddable":true,"href":"https:\/\/ceoparts.com\/tr\/wp-json\/wp\/v2\/product_tag?post=8401"}],"curies":[{"name":"wp","href":"https:\/\/api.w.org\/{rel}","templated":true}]}}