{"id":8402,"date":"2021-02-14T23:20:53","date_gmt":"2021-02-14T20:20:53","guid":{"rendered":"https:\/\/ceoparts.com\/?post_type=product&#038;p=8402"},"modified":"2026-05-16T14:06:41","modified_gmt":"2026-05-16T11:06:41","slug":"85x100-105-12-yuk-tekeri","status":"publish","type":"product","link":"https:\/\/ceoparts.com\/tr\/urun\/85x100-105-12-yuk-tekeri\/","title":{"rendered":"85&#215;100\/105-12 Ceoparts Y\u00fck Tekeri"},"content":{"rendered":"<p>85&#215;100\/105-12 Ceoparts Y\u00fck Tekeri<\/p>","protected":false},"excerpt":{"rendered":"<p data-start=\"97\" data-end=\"519\"><br data-start=\"102\" data-end=\"105\" \/><strong data-start=\"105\" data-end=\"142\">85\u00d7100\/105-12 Ceoparts Y\u00fck Tekeri<\/strong>, forkliftlerde y\u00fck ta\u015f\u0131ma performans\u0131n\u0131 art\u0131rmak \u00fczere geli\u015ftirilmi\u015f dayan\u0131kl\u0131 ve kaliteli bir y\u00fck tekeridir. Y\u00fcksek a\u015f\u0131nma direncine sahip kau\u00e7uk ve sa\u011flam metal ala\u015f\u0131mdan \u00fcretilmi\u015f olup, zorlu \u00e7al\u0131\u015fma ko\u015fullar\u0131nda uzun \u00f6m\u00fcrl\u00fc kullan\u0131m sa\u011flar. Bu teker forkliftin dengeli ve g\u00fcvenli hareket etmesini destekler. Ceoparts g\u00fcvencesiyle kolay montaj ve maksimum verimlilik sunar.<\/p>\n<p data-start=\"521\" data-end=\"778\"><strong data-start=\"521\" data-end=\"535\">\u00d6zellikler<\/strong><br data-start=\"535\" data-end=\"538\" \/><strong data-start=\"538\" data-end=\"551\">\u00dcr\u00fcn Ad\u0131:<\/strong> 85\u00d7100\/105-12 Ceoparts Y\u00fck Tekeri<br data-start=\"585\" data-end=\"588\" \/><strong data-start=\"588\" data-end=\"600\">Malzeme:<\/strong> Y\u00fcksek dayan\u0131ml\u0131 kau\u00e7uk ve metal ala\u015f\u0131m\u0131<br data-start=\"641\" data-end=\"644\" \/><strong data-start=\"644\" data-end=\"663\">Kullan\u0131m Alan\u0131:<\/strong> Forklift y\u00fck ta\u015f\u0131ma sistemi<br data-start=\"691\" data-end=\"694\" \/><strong data-start=\"694\" data-end=\"706\">Avantaj:<\/strong> Y\u00fcksek a\u015f\u0131nma direnci, dayan\u0131kl\u0131 yap\u0131, kolay montaj, g\u00fcvenli kullan\u0131m<\/p>\n<p data-start=\"780\" data-end=\"1171\">\n","protected":false},"featured_media":15564,"template":"","meta":[],"product_brand":[],"product_cat":[400,398],"product_tag":[],"class_list":{"0":"post-8402","1":"product","2":"type-product","3":"status-publish","4":"has-post-thumbnail","6":"product_cat-catal-tekeri","7":"product_cat-catal-tekeri-ceo","9":"first","10":"instock","11":"taxable","12":"shipping-taxable","13":"purchasable","14":"product-type-simple"},"_links":{"self":[{"href":"https:\/\/ceoparts.com\/tr\/wp-json\/wp\/v2\/product\/8402","targetHints":{"allow":["GET"]}}],"collection":[{"href":"https:\/\/ceoparts.com\/tr\/wp-json\/wp\/v2\/product"}],"about":[{"href":"https:\/\/ceoparts.com\/tr\/wp-json\/wp\/v2\/types\/product"}],"wp:featuredmedia":[{"embeddable":true,"href":"https:\/\/ceoparts.com\/tr\/wp-json\/wp\/v2\/media\/15564"}],"wp:attachment":[{"href":"https:\/\/ceoparts.com\/tr\/wp-json\/wp\/v2\/media?parent=8402"}],"wp:term":[{"taxonomy":"product_brand","embeddable":true,"href":"https:\/\/ceoparts.com\/tr\/wp-json\/wp\/v2\/product_brand?post=8402"},{"taxonomy":"product_cat","embeddable":true,"href":"https:\/\/ceoparts.com\/tr\/wp-json\/wp\/v2\/product_cat?post=8402"},{"taxonomy":"product_tag","embeddable":true,"href":"https:\/\/ceoparts.com\/tr\/wp-json\/wp\/v2\/product_tag?post=8402"}],"curies":[{"name":"wp","href":"https:\/\/api.w.org\/{rel}","templated":true}]}}