{"id":8404,"date":"2021-02-14T23:23:10","date_gmt":"2021-02-14T20:23:10","guid":{"rendered":"https:\/\/ceoparts.com\/?post_type=product&#038;p=8404"},"modified":"2026-05-16T18:47:24","modified_gmt":"2026-05-16T15:47:24","slug":"85x100-105-20-yuk-tekeri","status":"publish","type":"product","link":"https:\/\/ceoparts.com\/tr\/urun\/85x100-105-20-yuk-tekeri\/","title":{"rendered":"85&#215;100\/105-20 Ceoparts Y\u00fck Tekeri &#8211; 50452737"},"content":{"rendered":"<p>85&#215;100\/105-20 Ceoparts Y\u00fck Tekeri &#8211; 50452737<\/p>\n<p>85&#215;100\/105-20 Ceoparts Y\u00fck Tekeri<\/p>","protected":false},"excerpt":{"rendered":"<p data-start=\"108\" data-end=\"535\"><br data-start=\"113\" data-end=\"116\" \/><strong data-start=\"116\" data-end=\"153\">85\u00d7100\/105-20 Ceoparts Y\u00fck Tekeri<\/strong>, forkliftlerin y\u00fck ta\u015f\u0131ma kapasitesini art\u0131rmak \u00fczere \u00f6zel olarak tasarlanm\u0131\u015f dayan\u0131kl\u0131 ve y\u00fcksek kaliteli bir y\u00fck tekeridir. Y\u00fcksek a\u015f\u0131nma direncine sahip kau\u00e7uk ve sa\u011flam metal ala\u015f\u0131m\u0131ndan \u00fcretilmi\u015ftir. Bu teker, forkliftinizin stabilitesini ve manevra kabiliyetini art\u0131rarak g\u00fcvenli ve verimli y\u00fck ta\u015f\u0131ma sa\u011flar. Ceoparts g\u00fcvencesiyle kolay montaj ve uzun \u00f6m\u00fcrl\u00fc kullan\u0131m sunar.<\/p>\n<p data-start=\"537\" data-end=\"814\"><strong data-start=\"537\" data-end=\"551\">\u00d6zellikler<\/strong><br data-start=\"551\" data-end=\"554\" \/><strong data-start=\"554\" data-end=\"567\">\u00dcr\u00fcn Ad\u0131:<\/strong> 85\u00d7100\/105-20 Ceoparts Y\u00fck Tekeri<br data-start=\"601\" data-end=\"604\" \/><strong data-start=\"604\" data-end=\"619\">Par\u00e7a Kodu:<\/strong> 50452737<br data-start=\"628\" data-end=\"631\" \/><strong data-start=\"631\" data-end=\"643\">Malzeme:<\/strong> Dayan\u0131kl\u0131 kau\u00e7uk ve metal ala\u015f\u0131m\u0131<br data-start=\"677\" data-end=\"680\" \/><strong data-start=\"680\" data-end=\"699\">Kullan\u0131m Alan\u0131:<\/strong> Forklift y\u00fck ta\u015f\u0131ma sistemi<br data-start=\"727\" data-end=\"730\" \/><strong data-start=\"730\" data-end=\"742\">Avantaj:<\/strong> Y\u00fcksek a\u015f\u0131nma direnci, dayan\u0131kl\u0131 yap\u0131, kolay montaj, g\u00fcvenli kullan\u0131m<\/p>\n<p data-start=\"816\" data-end=\"1195\">\n","protected":false},"featured_media":15570,"template":"","meta":[],"product_brand":[],"product_cat":[398,400],"product_tag":[],"class_list":{"0":"post-8404","1":"product","2":"type-product","3":"status-publish","4":"has-post-thumbnail","6":"product_cat-catal-tekeri-ceo","7":"product_cat-catal-tekeri","9":"first","10":"instock","11":"taxable","12":"shipping-taxable","13":"purchasable","14":"product-type-simple"},"_links":{"self":[{"href":"https:\/\/ceoparts.com\/tr\/wp-json\/wp\/v2\/product\/8404","targetHints":{"allow":["GET"]}}],"collection":[{"href":"https:\/\/ceoparts.com\/tr\/wp-json\/wp\/v2\/product"}],"about":[{"href":"https:\/\/ceoparts.com\/tr\/wp-json\/wp\/v2\/types\/product"}],"wp:featuredmedia":[{"embeddable":true,"href":"https:\/\/ceoparts.com\/tr\/wp-json\/wp\/v2\/media\/15570"}],"wp:attachment":[{"href":"https:\/\/ceoparts.com\/tr\/wp-json\/wp\/v2\/media?parent=8404"}],"wp:term":[{"taxonomy":"product_brand","embeddable":true,"href":"https:\/\/ceoparts.com\/tr\/wp-json\/wp\/v2\/product_brand?post=8404"},{"taxonomy":"product_cat","embeddable":true,"href":"https:\/\/ceoparts.com\/tr\/wp-json\/wp\/v2\/product_cat?post=8404"},{"taxonomy":"product_tag","embeddable":true,"href":"https:\/\/ceoparts.com\/tr\/wp-json\/wp\/v2\/product_tag?post=8404"}],"curies":[{"name":"wp","href":"https:\/\/api.w.org\/{rel}","templated":true}]}}