{"id":8405,"date":"2021-02-14T23:24:14","date_gmt":"2021-02-14T20:24:14","guid":{"rendered":"https:\/\/ceoparts.com\/?post_type=product&#038;p=8405"},"modified":"2026-05-16T17:04:51","modified_gmt":"2026-05-16T14:04:51","slug":"85x100-105-25-yuk-tekeri","status":"publish","type":"product","link":"https:\/\/ceoparts.com\/tr\/urun\/85x100-105-25-yuk-tekeri\/","title":{"rendered":"85&#215;100\/105-25 Ceoparts Y\u00fck Tekeri &#8211; 27631330 , 51064610"},"content":{"rendered":"<p>85&#215;100\/105-25 Ceoparts Y\u00fck Tekeri &#8211; 27631330 , 51064610<\/p>\n<p>Jungheinrich 85&#215;100\/105-25<\/p>\n<p>27631330 50410186, 51064610<\/p>\n<p>EJC 12 &#8211; 5.94 &#8211; 6.94<br \/>\nEJC 12-16 &#8211; 7.96 &#8211; 4.98<br \/>\nEJC 12,5\/15 &#8211; 10,84 &#8211; 4,87<br \/>\nEJC 15 &#8211; 5.87 &#8211; 9.88<br \/>\nEJC 16 &#8211; 11.92 &#8211; 7.93<br \/>\nEJC 220 &#8211; 8.06 &#8211;<br \/>\nEJC-Z 12.5 &#8211; 10.88 &#8211; 12.92<br \/>\nEJC c 12,5\/16 &#8211; 2.85 &#8211; 5.87<br \/>\nEJC c 12,5\/16 &#8211; 2,88 &#8211; 9,88<br \/>\nEJC c 12.5\/16 &#8211; 6.87 &#8211; 1.88<\/p>\n<p>EJG 06-10 &#8211; 12.04 &#8211;<br \/>\nEJG 06-10 (PR) &#8211; 1.98 &#8211; 4.05<\/p>\n<p>EKC 12,5 &#8211; 6,86 &#8211; 12,90<br \/>\nEKC 12,5 \/ 16 &#8211; 1.00 &#8211; 4.04<br \/>\nEKC 12,5 \/ 16 &#8211; 2,95 &#8211; 12,99<br \/>\nEKC 20 &#8211; 5.04 &#8211; 12.04<\/p>\n<p>EKE 20 48V &#8211; 8,94 &#8211; 10,97<\/p>\n<p>ERC 12,5 &#8211; 4,87 &#8211; 6,88<br \/>\nERC 12,5 &#8211; 6,84 &#8211; 7,85<br \/>\nERC 12,5 &#8211; 8,85 &#8211; 3,87<\/p>\n<p>&nbsp;<\/p>","protected":false},"excerpt":{"rendered":"<p data-start=\"118\" data-end=\"580\"><br data-start=\"123\" data-end=\"126\" \/><strong data-start=\"126\" data-end=\"163\">85\u00d7100\/105-25 Ceoparts Y\u00fck Tekeri<\/strong>, forkliftlerin y\u00fck ta\u015f\u0131ma kapasitesini art\u0131rmak ve \u00e7al\u0131\u015fma performans\u0131n\u0131 optimize etmek amac\u0131yla tasarlanm\u0131\u015f dayan\u0131kl\u0131 ve y\u00fcksek kaliteli bir y\u00fck tekeridir. \u00dcst\u00fcn a\u015f\u0131nma direnci sunan \u00f6zel kau\u00e7uk ve metal ala\u015f\u0131m\u0131 sayesinde zorlu \u00e7al\u0131\u015fma ko\u015fullar\u0131nda uzun \u00f6m\u00fcrl\u00fc kullan\u0131m sa\u011flar. Bu y\u00fck tekeri, forkliftin dengeli ve g\u00fcvenli hareket etmesini destekler. Ceoparts kalitesiyle kolay montaj ve maksimum verimlilik sa\u011flar.<\/p>\n<p data-start=\"582\" data-end=\"876\"><strong data-start=\"582\" data-end=\"596\">\u00d6zellikler<\/strong><br data-start=\"596\" data-end=\"599\" \/><strong data-start=\"599\" data-end=\"612\">\u00dcr\u00fcn Ad\u0131:<\/strong> 85\u00d7100\/105-25 Ceoparts Y\u00fck Tekeri<br data-start=\"646\" data-end=\"649\" \/><strong data-start=\"649\" data-end=\"667\">Par\u00e7a Kodlar\u0131:<\/strong> 27631330, 51064610<br data-start=\"686\" data-end=\"689\" \/><strong data-start=\"689\" data-end=\"701\">Malzeme:<\/strong> Y\u00fcksek dayan\u0131ml\u0131 kau\u00e7uk ve metal ala\u015f\u0131m\u0131<br data-start=\"742\" data-end=\"745\" \/><strong data-start=\"745\" data-end=\"764\">Kullan\u0131m Alan\u0131:<\/strong> Forklift y\u00fck ta\u015f\u0131ma sistemi<br data-start=\"792\" data-end=\"795\" \/><strong data-start=\"795\" data-end=\"807\">Avantaj:<\/strong> Y\u00fcksek a\u015f\u0131nma direnci, uzun \u00f6m\u00fcrl\u00fc, kolay montaj, g\u00fcvenli kullan\u0131m<\/p>\n<p data-start=\"878\" data-end=\"1318\">\n","protected":false},"featured_media":15576,"template":"","meta":[],"product_brand":[],"product_cat":[236,238,398,400],"product_tag":[],"class_list":{"0":"post-8405","1":"product","2":"type-product","3":"status-publish","4":"has-post-thumbnail","6":"product_cat-jungheinrich","7":"product_cat-catal-tekeri-jungheinrich","8":"product_cat-catal-tekeri-ceo","9":"product_cat-catal-tekeri","11":"first","12":"instock","13":"taxable","14":"shipping-taxable","15":"purchasable","16":"product-type-simple"},"_links":{"self":[{"href":"https:\/\/ceoparts.com\/tr\/wp-json\/wp\/v2\/product\/8405","targetHints":{"allow":["GET"]}}],"collection":[{"href":"https:\/\/ceoparts.com\/tr\/wp-json\/wp\/v2\/product"}],"about":[{"href":"https:\/\/ceoparts.com\/tr\/wp-json\/wp\/v2\/types\/product"}],"wp:featuredmedia":[{"embeddable":true,"href":"https:\/\/ceoparts.com\/tr\/wp-json\/wp\/v2\/media\/15576"}],"wp:attachment":[{"href":"https:\/\/ceoparts.com\/tr\/wp-json\/wp\/v2\/media?parent=8405"}],"wp:term":[{"taxonomy":"product_brand","embeddable":true,"href":"https:\/\/ceoparts.com\/tr\/wp-json\/wp\/v2\/product_brand?post=8405"},{"taxonomy":"product_cat","embeddable":true,"href":"https:\/\/ceoparts.com\/tr\/wp-json\/wp\/v2\/product_cat?post=8405"},{"taxonomy":"product_tag","embeddable":true,"href":"https:\/\/ceoparts.com\/tr\/wp-json\/wp\/v2\/product_tag?post=8405"}],"curies":[{"name":"wp","href":"https:\/\/api.w.org\/{rel}","templated":true}]}}