{"id":8408,"date":"2021-02-14T23:28:52","date_gmt":"2021-02-14T20:28:52","guid":{"rendered":"https:\/\/ceoparts.com\/?post_type=product&#038;p=8408"},"modified":"2026-05-16T17:15:19","modified_gmt":"2026-05-16T14:15:19","slug":"85x105-110-25-yuk-tekeri","status":"publish","type":"product","link":"https:\/\/ceoparts.com\/tr\/urun\/85x105-110-25-yuk-tekeri\/","title":{"rendered":"85&#215;105\/110-25 Ceoparts Y\u00fck Tekeri &#8211; 0009903555 , 51064610"},"content":{"rendered":"<p>85&#215;105\/110-25 Ceoparts Y\u00fck Tekeri &#8211; 0009903555 , 51064610<\/p>","protected":false},"excerpt":{"rendered":"<p data-start=\"120\" data-end=\"582\"><br data-start=\"125\" data-end=\"128\" \/><strong data-start=\"128\" data-end=\"165\">85\u00d7105\/110-25 Ceoparts Y\u00fck Tekeri<\/strong>, forkliftlerin y\u00fck ta\u015f\u0131ma performans\u0131n\u0131 art\u0131rmak i\u00e7in tasarlanm\u0131\u015f dayan\u0131kl\u0131 ve y\u00fcksek kaliteli bir y\u00fck tekeridir. Y\u00fcksek a\u015f\u0131nma direnci sa\u011flayan malzemelerden \u00fcretilmi\u015f olup, zorlu \u00e7al\u0131\u015fma ko\u015fullar\u0131na kar\u015f\u0131 diren\u00e7lidir. Bu teker, forkliftinizin stabilitesini ve hareket kabiliyetini art\u0131rarak g\u00fcvenli ve verimli y\u00fck ta\u015f\u0131ma imkan\u0131 sunar. Ceoparts g\u00fcvencesiyle, kolay montaj ve uzun \u00f6m\u00fcrl\u00fc kullan\u0131m avantajlar\u0131 sa\u011flar.<\/p>\n<p data-start=\"584\" data-end=\"883\"><strong data-start=\"584\" data-end=\"598\">\u00d6zellikler<\/strong><br data-start=\"598\" data-end=\"601\" \/><strong data-start=\"601\" data-end=\"614\">\u00dcr\u00fcn Ad\u0131:<\/strong> 85\u00d7105\/110-25 Ceoparts Y\u00fck Tekeri<br data-start=\"648\" data-end=\"651\" \/><strong data-start=\"651\" data-end=\"669\">Par\u00e7a Kodlar\u0131:<\/strong> 0009903555, 51064610<br data-start=\"690\" data-end=\"693\" \/><strong data-start=\"693\" data-end=\"705\">Malzeme:<\/strong> Y\u00fcksek dayan\u0131ml\u0131 kau\u00e7uk ve metal ala\u015f\u0131m\u0131<br data-start=\"746\" data-end=\"749\" \/><strong data-start=\"749\" data-end=\"768\">Kullan\u0131m Alan\u0131:<\/strong> Forklift y\u00fck ta\u015f\u0131ma sistemi<br data-start=\"796\" data-end=\"799\" \/><strong data-start=\"799\" data-end=\"811\">Avantaj:<\/strong> Y\u00fcksek a\u015f\u0131nma direnci, dayan\u0131kl\u0131 yap\u0131, kolay montaj, g\u00fcvenli kullan\u0131m<\/p>\n<p data-start=\"885\" data-end=\"1304\">\n","protected":false},"featured_media":15920,"template":"","meta":[],"product_brand":[],"product_cat":[398,400],"product_tag":[],"class_list":{"0":"post-8408","1":"product","2":"type-product","3":"status-publish","4":"has-post-thumbnail","6":"product_cat-catal-tekeri-ceo","7":"product_cat-catal-tekeri","9":"first","10":"instock","11":"taxable","12":"shipping-taxable","13":"purchasable","14":"product-type-simple"},"_links":{"self":[{"href":"https:\/\/ceoparts.com\/tr\/wp-json\/wp\/v2\/product\/8408","targetHints":{"allow":["GET"]}}],"collection":[{"href":"https:\/\/ceoparts.com\/tr\/wp-json\/wp\/v2\/product"}],"about":[{"href":"https:\/\/ceoparts.com\/tr\/wp-json\/wp\/v2\/types\/product"}],"wp:featuredmedia":[{"embeddable":true,"href":"https:\/\/ceoparts.com\/tr\/wp-json\/wp\/v2\/media\/15920"}],"wp:attachment":[{"href":"https:\/\/ceoparts.com\/tr\/wp-json\/wp\/v2\/media?parent=8408"}],"wp:term":[{"taxonomy":"product_brand","embeddable":true,"href":"https:\/\/ceoparts.com\/tr\/wp-json\/wp\/v2\/product_brand?post=8408"},{"taxonomy":"product_cat","embeddable":true,"href":"https:\/\/ceoparts.com\/tr\/wp-json\/wp\/v2\/product_cat?post=8408"},{"taxonomy":"product_tag","embeddable":true,"href":"https:\/\/ceoparts.com\/tr\/wp-json\/wp\/v2\/product_tag?post=8408"}],"curies":[{"name":"wp","href":"https:\/\/api.w.org\/{rel}","templated":true}]}}