{"id":8409,"date":"2021-02-14T23:30:01","date_gmt":"2021-02-14T20:30:01","guid":{"rendered":"https:\/\/ceoparts.com\/?post_type=product&#038;p=8409"},"modified":"2026-05-03T05:05:52","modified_gmt":"2026-05-03T02:05:52","slug":"85x110-115-12-yuk-tekeri","status":"publish","type":"product","link":"https:\/\/ceoparts.com\/tr\/urun\/85x110-115-12-yuk-tekeri\/","title":{"rendered":"85&#215;110\/115-12 Ceoparts Y\u00fck Tekeri &#8211; 1590996 , 580064668"},"content":{"rendered":"<p>85&#215;110\/115-12 Ceoparts Y\u00fck Tekeri &#8211; 1590996 , 580064668<\/p>\n<p>Yale MP16\/18\/20\u00a0 Serie C 841X<\/p>\n<p>Hyster P 1.3, P 1.6<\/p>","protected":false},"excerpt":{"rendered":"<p data-start=\"118\" data-end=\"554\"><br data-start=\"123\" data-end=\"126\" \/>Forklift ve i\u015f makineleri i\u00e7in \u00f6zel olarak tasarlanm\u0131\u015f <strong data-start=\"181\" data-end=\"239\">85\u00d7110\/115-12 Ceoparts Y\u00fck Tekeri \u2013 1590996, 580064668<\/strong>, y\u00fcksek ta\u015f\u0131ma kapasitesi ve dayan\u0131kl\u0131l\u0131k sa\u011flar. Kaliteli kau\u00e7uk ve sa\u011flam metal g\u00f6vde birle\u015fimi, zorlu \u00e7al\u0131\u015fma ko\u015fullar\u0131nda uzun \u00f6m\u00fcrl\u00fc performans sunar. \u0130\u015f makinelerinin verimlili\u011fini art\u0131r\u0131rken, titre\u015fimleri azaltarak operat\u00f6r konforunu destekler. Bak\u0131m\u0131 kolayd\u0131r ve i\u015f g\u00fcvenli\u011fi a\u00e7\u0131s\u0131ndan kritik bir par\u00e7ad\u0131r.<\/p>\n<p data-start=\"556\" data-end=\"862\"><strong data-start=\"556\" data-end=\"570\">\u00d6zellikler<\/strong><br data-start=\"570\" data-end=\"573\" \/><strong data-start=\"573\" data-end=\"586\">\u00dcr\u00fcn Ad\u0131:<\/strong> Y\u00fck Tekeri<br data-start=\"597\" data-end=\"600\" \/><strong data-start=\"600\" data-end=\"615\">Par\u00e7a Kodu:<\/strong> 1590996, 580064668<br data-start=\"634\" data-end=\"637\" \/><strong data-start=\"637\" data-end=\"649\">Malzeme:<\/strong> Dayan\u0131kl\u0131 kau\u00e7uk, g\u00fc\u00e7lendirilmi\u015f metal g\u00f6vde<br data-start=\"694\" data-end=\"697\" \/><strong data-start=\"697\" data-end=\"716\">Kullan\u0131m Alan\u0131:<\/strong> Forklift ve i\u015f makineleri y\u00fck ta\u015f\u0131ma sistemi<br data-start=\"761\" data-end=\"764\" \/><strong data-start=\"764\" data-end=\"776\">Avantaj:<\/strong> Y\u00fcksek a\u015f\u0131nma direnci, uzun \u00f6m\u00fcr, titre\u015fim azaltma, kolay bak\u0131m, geli\u015fmi\u015f stabilite<\/p>\n<p data-start=\"864\" data-end=\"1309\">\n","protected":false},"featured_media":15925,"template":"","meta":[],"product_brand":[],"product_cat":[256,259,395,398,400],"product_tag":[],"class_list":{"0":"post-8409","1":"product","2":"type-product","3":"status-publish","4":"has-post-thumbnail","6":"product_cat-hyster","7":"product_cat-catal-tekeri-hyster","8":"product_cat-ceoparts","9":"product_cat-catal-tekeri-ceo","10":"product_cat-catal-tekeri","12":"first","13":"instock","14":"taxable","15":"shipping-taxable","16":"purchasable","17":"product-type-simple"},"_links":{"self":[{"href":"https:\/\/ceoparts.com\/tr\/wp-json\/wp\/v2\/product\/8409","targetHints":{"allow":["GET"]}}],"collection":[{"href":"https:\/\/ceoparts.com\/tr\/wp-json\/wp\/v2\/product"}],"about":[{"href":"https:\/\/ceoparts.com\/tr\/wp-json\/wp\/v2\/types\/product"}],"wp:featuredmedia":[{"embeddable":true,"href":"https:\/\/ceoparts.com\/tr\/wp-json\/wp\/v2\/media\/15925"}],"wp:attachment":[{"href":"https:\/\/ceoparts.com\/tr\/wp-json\/wp\/v2\/media?parent=8409"}],"wp:term":[{"taxonomy":"product_brand","embeddable":true,"href":"https:\/\/ceoparts.com\/tr\/wp-json\/wp\/v2\/product_brand?post=8409"},{"taxonomy":"product_cat","embeddable":true,"href":"https:\/\/ceoparts.com\/tr\/wp-json\/wp\/v2\/product_cat?post=8409"},{"taxonomy":"product_tag","embeddable":true,"href":"https:\/\/ceoparts.com\/tr\/wp-json\/wp\/v2\/product_tag?post=8409"}],"curies":[{"name":"wp","href":"https:\/\/api.w.org\/{rel}","templated":true}]}}