{"id":8412,"date":"2021-02-14T23:36:06","date_gmt":"2021-02-14T20:36:06","guid":{"rendered":"https:\/\/ceoparts.com\/?post_type=product&#038;p=8412"},"modified":"2026-05-16T14:06:19","modified_gmt":"2026-05-16T11:06:19","slug":"85x100-102-25-yuk-tekeri","status":"publish","type":"product","link":"https:\/\/ceoparts.com\/tr\/urun\/85x100-102-25-yuk-tekeri\/","title":{"rendered":"85&#215;100\/102-25 Ceoparts Y\u00fck Tekeri &#8211; 4413923 , 4490050"},"content":{"rendered":"<p>85&#215;100\/102-25 Ceoparts Y\u00fck Tekeri &#8211; 4413923 , 4490050<\/p>\n<p>CS20\/711040\/06-06<\/p>\n<p>CX20\/711044\/01-07<\/p>\n<p>EGU-710115\/710117\/710119\/710125<\/p>\n<p>EGV 14\/16-710244\/710248\/710250<br \/>\nEGV 10-12\/710239-710241\/01-07<br \/>\nEGV 10-12\/710240-710242\/01-07<\/p>\n<p>EXU-S\/710148-710149\/01-07<br \/>\nEXU 710140\/710141\/710142\/710143\/01-07<br \/>\nEXU AC 710150\/710151\/710152\/0143<\/p>","protected":false},"excerpt":{"rendered":"<p data-start=\"116\" data-end=\"598\"><br data-start=\"121\" data-end=\"124\" \/>Forklift ve i\u015f makineleri i\u00e7in \u00f6zel olarak tasarlanm\u0131\u015f <strong data-start=\"179\" data-end=\"235\">85\u00d7100\/102-25 Ceoparts Y\u00fck Tekeri \u2013 4413923, 4490050<\/strong>, y\u00fcksek ta\u015f\u0131ma kapasitesi ve dayan\u0131kl\u0131l\u0131k sunar. Kaliteli kau\u00e7uk malzeme ile g\u00fc\u00e7lendirilmi\u015f metal g\u00f6vde birle\u015fimi, zorlu \u00e7al\u0131\u015fma ko\u015fullar\u0131nda uzun \u00f6m\u00fcrl\u00fc performans sa\u011flar. Y\u00fcksek y\u00fck ta\u015f\u0131ma kapasitesi sayesinde i\u015f makinelerinin verimlili\u011fini art\u0131r\u0131r, titre\u015fimleri azaltarak operat\u00f6r konforunu destekler. Bak\u0131m\u0131 kolayd\u0131r ve i\u015f g\u00fcvenli\u011fi i\u00e7in kritik bir par\u00e7ad\u0131r.<\/p>\n<p data-start=\"600\" data-end=\"904\"><strong data-start=\"600\" data-end=\"614\">\u00d6zellikler<\/strong><br data-start=\"614\" data-end=\"617\" \/><strong data-start=\"617\" data-end=\"630\">\u00dcr\u00fcn Ad\u0131:<\/strong> Y\u00fck Tekeri<br data-start=\"641\" data-end=\"644\" \/><strong data-start=\"644\" data-end=\"659\">Par\u00e7a Kodu:<\/strong> 4413923, 4490050<br data-start=\"676\" data-end=\"679\" \/><strong data-start=\"679\" data-end=\"691\">Malzeme:<\/strong> Dayan\u0131kl\u0131 kau\u00e7uk, g\u00fc\u00e7lendirilmi\u015f metal g\u00f6vde<br data-start=\"736\" data-end=\"739\" \/><strong data-start=\"739\" data-end=\"758\">Kullan\u0131m Alan\u0131:<\/strong> Forklift ve i\u015f makineleri y\u00fck ta\u015f\u0131ma sistemi<br data-start=\"803\" data-end=\"806\" \/><strong data-start=\"806\" data-end=\"818\">Avantaj:<\/strong> Y\u00fcksek a\u015f\u0131nma direnci, uzun \u00f6m\u00fcr, titre\u015fim azaltma, kolay bak\u0131m, geli\u015fmi\u015f stabilite<\/p>\n<p data-start=\"906\" data-end=\"1372\">\n","protected":false},"featured_media":15561,"template":"","meta":[],"product_brand":[],"product_cat":[398,400],"product_tag":[],"class_list":{"0":"post-8412","1":"product","2":"type-product","3":"status-publish","4":"has-post-thumbnail","6":"product_cat-catal-tekeri-ceo","7":"product_cat-catal-tekeri","9":"first","10":"instock","11":"taxable","12":"shipping-taxable","13":"purchasable","14":"product-type-simple"},"_links":{"self":[{"href":"https:\/\/ceoparts.com\/tr\/wp-json\/wp\/v2\/product\/8412","targetHints":{"allow":["GET"]}}],"collection":[{"href":"https:\/\/ceoparts.com\/tr\/wp-json\/wp\/v2\/product"}],"about":[{"href":"https:\/\/ceoparts.com\/tr\/wp-json\/wp\/v2\/types\/product"}],"wp:featuredmedia":[{"embeddable":true,"href":"https:\/\/ceoparts.com\/tr\/wp-json\/wp\/v2\/media\/15561"}],"wp:attachment":[{"href":"https:\/\/ceoparts.com\/tr\/wp-json\/wp\/v2\/media?parent=8412"}],"wp:term":[{"taxonomy":"product_brand","embeddable":true,"href":"https:\/\/ceoparts.com\/tr\/wp-json\/wp\/v2\/product_brand?post=8412"},{"taxonomy":"product_cat","embeddable":true,"href":"https:\/\/ceoparts.com\/tr\/wp-json\/wp\/v2\/product_cat?post=8412"},{"taxonomy":"product_tag","embeddable":true,"href":"https:\/\/ceoparts.com\/tr\/wp-json\/wp\/v2\/product_tag?post=8412"}],"curies":[{"name":"wp","href":"https:\/\/api.w.org\/{rel}","templated":true}]}}