{"id":8413,"date":"2021-02-14T23:37:22","date_gmt":"2021-02-14T20:37:22","guid":{"rendered":"https:\/\/ceoparts.com\/?post_type=product&#038;p=8413"},"modified":"2026-05-16T15:08:44","modified_gmt":"2026-05-16T12:08:44","slug":"85x100-102-20-yuk-tekeri","status":"publish","type":"product","link":"https:\/\/ceoparts.com\/tr\/urun\/85x100-102-20-yuk-tekeri\/","title":{"rendered":"85&#215;100\/102-20 Ceoparts Y\u00fck Tekeri &#8211; 215176"},"content":{"rendered":"<p>85&#215;100\/102-20 Ceoparts Y\u00fck Tekeri &#8211; 215176<\/p>\n<p>BT 10100 BT 215176<\/p>\n<p>BT LPE200<br \/>\nBT LWE200<br \/>\nBT P20 ORION<br \/>\nBT W20 ORION<br \/>\nBT LT2200<br \/>\nBT MP 16\/20<br \/>\nBT MT 22<\/p>","protected":false},"excerpt":{"rendered":"<p data-start=\"106\" data-end=\"543\"><br data-start=\"111\" data-end=\"114\" \/>Forklift ve i\u015f makineleri i\u00e7in \u00f6zel olarak \u00fcretilmi\u015f <strong data-start=\"167\" data-end=\"213\">85\u00d7100\/102-20 Ceoparts Y\u00fck Tekeri \u2013 215176<\/strong>, y\u00fcksek ta\u015f\u0131ma kapasitesi ve dayan\u0131kl\u0131l\u0131k sunar. Kaliteli kau\u00e7uk ve sa\u011flam metal g\u00f6vde birle\u015fimi, zorlu ko\u015fullarda uzun \u00f6m\u00fcrl\u00fc performans sa\u011flar. Y\u00fcksek y\u00fck ta\u015f\u0131ma kapasitesi ile i\u015f makinelerinin verimlili\u011fini art\u0131r\u0131r, titre\u015fimleri azaltarak operat\u00f6r konforunu destekler. Bak\u0131m\u0131 kolayd\u0131r ve i\u015f g\u00fcvenli\u011fi i\u00e7in \u00f6nemli bir par\u00e7ad\u0131r.<\/p>\n<p data-start=\"545\" data-end=\"842\"><strong data-start=\"545\" data-end=\"559\">\u00d6zellikler<\/strong><br data-start=\"559\" data-end=\"562\" \/><strong data-start=\"562\" data-end=\"575\">\u00dcr\u00fcn Ad\u0131:<\/strong> Y\u00fck Tekeri<br data-start=\"586\" data-end=\"589\" \/><strong data-start=\"589\" data-end=\"604\">Par\u00e7a Kodu:<\/strong> 215176<br data-start=\"611\" data-end=\"614\" \/><strong data-start=\"614\" data-end=\"626\">Malzeme:<\/strong> Dayan\u0131kl\u0131 kau\u00e7uk, g\u00fc\u00e7lendirilmi\u015f metal g\u00f6vde<br data-start=\"671\" data-end=\"674\" \/><strong data-start=\"674\" data-end=\"693\">Kullan\u0131m Alan\u0131:<\/strong> Forklift ve i\u015f makineleri y\u00fck ta\u015f\u0131ma sistemi<br data-start=\"738\" data-end=\"741\" \/><strong data-start=\"741\" data-end=\"753\">Avantaj:<\/strong> Y\u00fcksek ta\u015f\u0131ma kapasitesi, uzun \u00f6m\u00fcr, titre\u015fim azaltma, kolay bak\u0131m, geli\u015fmi\u015f stabilite<\/p>\n<p data-start=\"844\" data-end=\"1301\">\n","protected":false},"featured_media":15558,"template":"","meta":[],"product_brand":[],"product_cat":[251,253,398,400],"product_tag":[],"class_list":{"0":"post-8413","1":"product","2":"type-product","3":"status-publish","4":"has-post-thumbnail","6":"product_cat-bt","7":"product_cat-catal-tekeri-bt","8":"product_cat-catal-tekeri-ceo","9":"product_cat-catal-tekeri","11":"first","12":"instock","13":"taxable","14":"shipping-taxable","15":"purchasable","16":"product-type-simple"},"_links":{"self":[{"href":"https:\/\/ceoparts.com\/tr\/wp-json\/wp\/v2\/product\/8413","targetHints":{"allow":["GET"]}}],"collection":[{"href":"https:\/\/ceoparts.com\/tr\/wp-json\/wp\/v2\/product"}],"about":[{"href":"https:\/\/ceoparts.com\/tr\/wp-json\/wp\/v2\/types\/product"}],"wp:featuredmedia":[{"embeddable":true,"href":"https:\/\/ceoparts.com\/tr\/wp-json\/wp\/v2\/media\/15558"}],"wp:attachment":[{"href":"https:\/\/ceoparts.com\/tr\/wp-json\/wp\/v2\/media?parent=8413"}],"wp:term":[{"taxonomy":"product_brand","embeddable":true,"href":"https:\/\/ceoparts.com\/tr\/wp-json\/wp\/v2\/product_brand?post=8413"},{"taxonomy":"product_cat","embeddable":true,"href":"https:\/\/ceoparts.com\/tr\/wp-json\/wp\/v2\/product_cat?post=8413"},{"taxonomy":"product_tag","embeddable":true,"href":"https:\/\/ceoparts.com\/tr\/wp-json\/wp\/v2\/product_tag?post=8413"}],"curies":[{"name":"wp","href":"https:\/\/api.w.org\/{rel}","templated":true}]}}