{"id":8414,"date":"2021-02-14T23:38:21","date_gmt":"2021-02-14T20:38:21","guid":{"rendered":"https:\/\/ceoparts.com\/?post_type=product&#038;p=8414"},"modified":"2026-05-16T18:39:25","modified_gmt":"2026-05-16T15:39:25","slug":"85x100-102-17-yuk-tekeri","status":"publish","type":"product","link":"https:\/\/ceoparts.com\/tr\/urun\/85x100-102-17-yuk-tekeri\/","title":{"rendered":"85&#215;100\/102-17 Ceoparts Y\u00fck Tekeri -167599 , 225152"},"content":{"rendered":"<p>85&#215;100\/102-17 Ceoparts Y\u00fck Tekeri -167599 , 225152<\/p>\n<p>BT 167599, 225152, 119991, 129929,129930<\/p>\n<p>BT L2000<br \/>\nBT L23<br \/>\nBT LWE 180<br \/>\nBT LWE 200<br \/>\nBT PPT 1400<br \/>\nBT PPT1600<br \/>\nBT PPT1800<br \/>\nBT PPT2000<br \/>\nBT W18 ORION<br \/>\nBT W20<\/p>","protected":false},"excerpt":{"rendered":"<p data-start=\"116\" data-end=\"558\"><br data-start=\"121\" data-end=\"124\" \/>Forklift ve i\u015f makineleri i\u00e7in \u00f6zel olarak \u00fcretilen <strong data-start=\"176\" data-end=\"230\">85\u00d7100\/102-17 Ceoparts Y\u00fck Tekeri &#8211; 167599, 225152<\/strong>, y\u00fcksek ta\u015f\u0131ma kapasitesi ve dayan\u0131kl\u0131l\u0131k sa\u011flar. Kaliteli kau\u00e7uk ve sa\u011flam metal g\u00f6vde kombinasyonu, zorlu \u00e7al\u0131\u015fma ko\u015fullar\u0131nda uzun \u00f6m\u00fcrl\u00fc performans sunar. Y\u00fcksek y\u00fck ta\u015f\u0131ma kapasitesi ile i\u015f makinelerinin verimlili\u011fini art\u0131r\u0131r, titre\u015fimleri azaltarak operat\u00f6r konforunu destekler. Bak\u0131m\u0131 kolayd\u0131r ve i\u015f g\u00fcvenli\u011fini art\u0131r\u0131r.<\/p>\n<p data-start=\"560\" data-end=\"865\"><strong data-start=\"560\" data-end=\"574\">\u00d6zellikler<\/strong><br data-start=\"574\" data-end=\"577\" \/><strong data-start=\"577\" data-end=\"590\">\u00dcr\u00fcn Ad\u0131:<\/strong> Y\u00fck Tekeri<br data-start=\"601\" data-end=\"604\" \/><strong data-start=\"604\" data-end=\"619\">Par\u00e7a Kodu:<\/strong> 167599, 225152<br data-start=\"634\" data-end=\"637\" \/><strong data-start=\"637\" data-end=\"649\">Malzeme:<\/strong> Dayan\u0131kl\u0131 kau\u00e7uk, g\u00fc\u00e7lendirilmi\u015f metal g\u00f6vde<br data-start=\"694\" data-end=\"697\" \/><strong data-start=\"697\" data-end=\"716\">Kullan\u0131m Alan\u0131:<\/strong> Forklift ve i\u015f makineleri y\u00fck ta\u015f\u0131ma sistemi<br data-start=\"761\" data-end=\"764\" \/><strong data-start=\"764\" data-end=\"776\">Avantaj:<\/strong> Y\u00fcksek ta\u015f\u0131ma kapasitesi, uzun \u00f6m\u00fcr, titre\u015fim azaltma, kolay bak\u0131m, geli\u015fmi\u015f stabilite<\/p>\n<p data-start=\"867\" data-end=\"1322\">\n","protected":false},"featured_media":15552,"template":"","meta":[],"product_brand":[],"product_cat":[251,253,398,400],"product_tag":[],"class_list":{"0":"post-8414","1":"product","2":"type-product","3":"status-publish","4":"has-post-thumbnail","6":"product_cat-bt","7":"product_cat-catal-tekeri-bt","8":"product_cat-catal-tekeri-ceo","9":"product_cat-catal-tekeri","11":"first","12":"instock","13":"taxable","14":"shipping-taxable","15":"purchasable","16":"product-type-simple"},"_links":{"self":[{"href":"https:\/\/ceoparts.com\/tr\/wp-json\/wp\/v2\/product\/8414","targetHints":{"allow":["GET"]}}],"collection":[{"href":"https:\/\/ceoparts.com\/tr\/wp-json\/wp\/v2\/product"}],"about":[{"href":"https:\/\/ceoparts.com\/tr\/wp-json\/wp\/v2\/types\/product"}],"wp:featuredmedia":[{"embeddable":true,"href":"https:\/\/ceoparts.com\/tr\/wp-json\/wp\/v2\/media\/15552"}],"wp:attachment":[{"href":"https:\/\/ceoparts.com\/tr\/wp-json\/wp\/v2\/media?parent=8414"}],"wp:term":[{"taxonomy":"product_brand","embeddable":true,"href":"https:\/\/ceoparts.com\/tr\/wp-json\/wp\/v2\/product_brand?post=8414"},{"taxonomy":"product_cat","embeddable":true,"href":"https:\/\/ceoparts.com\/tr\/wp-json\/wp\/v2\/product_cat?post=8414"},{"taxonomy":"product_tag","embeddable":true,"href":"https:\/\/ceoparts.com\/tr\/wp-json\/wp\/v2\/product_tag?post=8414"}],"curies":[{"name":"wp","href":"https:\/\/api.w.org\/{rel}","templated":true}]}}