{"id":8419,"date":"2021-02-15T01:52:32","date_gmt":"2021-02-14T22:52:32","guid":{"rendered":"https:\/\/ceoparts.com\/?post_type=product&#038;p=8419"},"modified":"2026-05-03T01:10:09","modified_gmt":"2026-05-02T22:10:09","slug":"100x40-20-denge-tekeri","status":"publish","type":"product","link":"https:\/\/ceoparts.com\/tr\/urun\/100x40-20-denge-tekeri\/","title":{"rendered":"100&#215;40-20 Wicke Denge Tekeri &#8211; 580037736 , 1530397 , 51161163"},"content":{"rendered":"<p>100&#215;40-20 Wicke Denge Tekeri &#8211; 580037736 , 1530397 , 51161163<\/p>\n<p>Yale MP16\/18\/20\u00a0 Serie C 841X\u00a0\u00a0 100&#215;40-20<\/p>\n<p><span style=\"color: #231f20; font-family: Arial; font-size: xx-large;\"><span style=\"color: #000000; font-family: Times New Roman; font-size: medium;\">Hyster P 1.6\/1.8\/2.0 Serie C437<\/span><\/span><\/p>","protected":false},"excerpt":{"rendered":"<p data-start=\"123\" data-end=\"608\"><br data-start=\"128\" data-end=\"131\" \/>Forklift ve i\u015f makineleri i\u00e7in \u00f6zel olarak \u00fcretilen <strong data-start=\"183\" data-end=\"246\">100\u00d740-20 Wicke Denge Tekeri \u2013 580037736, 1530397, 51161163<\/strong>, \u00fcst\u00fcn dayan\u0131kl\u0131l\u0131k ve y\u00fcksek stabilite sa\u011flar. Kaliteli kau\u00e7uk malzeme ile g\u00fc\u00e7lendirilmi\u015f metal g\u00f6vde kombinasyonu, zor ko\u015fullarda uzun \u00f6m\u00fcrl\u00fc performans sunar. Titre\u015fimleri minimize ederek operat\u00f6r konforunu art\u0131r\u0131r, bak\u0131m ihtiyac\u0131n\u0131 azalt\u0131r ve makine verimlili\u011fini art\u0131r\u0131r. Dar ve zorlu alanlarda \u00e7al\u0131\u015fan forkliftler i\u00e7in ideal olup i\u015f g\u00fcvenli\u011fini destekler.<\/p>\n<p data-start=\"610\" data-end=\"927\"><strong data-start=\"610\" data-end=\"624\">\u00d6zellikler<\/strong><br data-start=\"624\" data-end=\"627\" \/><strong data-start=\"627\" data-end=\"640\">\u00dcr\u00fcn Ad\u0131:<\/strong> Denge Tekeri<br data-start=\"653\" data-end=\"656\" \/><strong data-start=\"656\" data-end=\"671\">Par\u00e7a Kodu:<\/strong> 580037736, 1530397, 51161163<br data-start=\"700\" data-end=\"703\" \/><strong data-start=\"703\" data-end=\"715\">Malzeme:<\/strong> Dayan\u0131kl\u0131 kau\u00e7uk, g\u00fc\u00e7lendirilmi\u015f metal g\u00f6vde<br data-start=\"760\" data-end=\"763\" \/><strong data-start=\"763\" data-end=\"782\">Kullan\u0131m Alan\u0131:<\/strong> Forklift ve i\u015f makineleri dengeleme sistemi<br data-start=\"826\" data-end=\"829\" \/><strong data-start=\"829\" data-end=\"841\">Avantaj:<\/strong> Y\u00fcksek a\u015f\u0131nma direnci, uzun \u00f6m\u00fcr, titre\u015fim azaltma, kolay bak\u0131m, geli\u015fmi\u015f stabilite<\/p>\n<p data-start=\"929\" data-end=\"1440\">\n","protected":false},"featured_media":15080,"template":"","meta":[],"product_brand":[],"product_cat":[258,403,256,185],"product_tag":[],"class_list":{"0":"post-8419","1":"product","2":"type-product","3":"status-publish","4":"has-post-thumbnail","6":"product_cat-denge-tekeri-hyster","7":"product_cat-denge-tekeri-wicke","8":"product_cat-hyster","9":"product_cat-denge-tekeri","11":"first","12":"instock","13":"taxable","14":"shipping-taxable","15":"purchasable","16":"product-type-simple"},"_links":{"self":[{"href":"https:\/\/ceoparts.com\/tr\/wp-json\/wp\/v2\/product\/8419","targetHints":{"allow":["GET"]}}],"collection":[{"href":"https:\/\/ceoparts.com\/tr\/wp-json\/wp\/v2\/product"}],"about":[{"href":"https:\/\/ceoparts.com\/tr\/wp-json\/wp\/v2\/types\/product"}],"wp:featuredmedia":[{"embeddable":true,"href":"https:\/\/ceoparts.com\/tr\/wp-json\/wp\/v2\/media\/15080"}],"wp:attachment":[{"href":"https:\/\/ceoparts.com\/tr\/wp-json\/wp\/v2\/media?parent=8419"}],"wp:term":[{"taxonomy":"product_brand","embeddable":true,"href":"https:\/\/ceoparts.com\/tr\/wp-json\/wp\/v2\/product_brand?post=8419"},{"taxonomy":"product_cat","embeddable":true,"href":"https:\/\/ceoparts.com\/tr\/wp-json\/wp\/v2\/product_cat?post=8419"},{"taxonomy":"product_tag","embeddable":true,"href":"https:\/\/ceoparts.com\/tr\/wp-json\/wp\/v2\/product_tag?post=8419"}],"curies":[{"name":"wp","href":"https:\/\/api.w.org\/{rel}","templated":true}]}}