{"id":8420,"date":"2021-02-15T01:53:29","date_gmt":"2021-02-14T22:53:29","guid":{"rendered":"https:\/\/ceoparts.com\/?post_type=product&#038;p=8420"},"modified":"2026-05-03T01:40:44","modified_gmt":"2026-05-02T22:40:44","slug":"115x55x20-denge-tekeri","status":"publish","type":"product","link":"https:\/\/ceoparts.com\/tr\/urun\/115x55x20-denge-tekeri\/","title":{"rendered":"115&#215;55-20 Ceoparts Denge Tekeri &#8211; 2700332001 , 2700332003"},"content":{"rendered":"<p>115&#215;55-20 Ceoparts Denge Tekeri &#8211; 2700332001 , 2700332003<\/p>\n<p>2700300000 2700332001 2700332003<\/p>\n<p>Heli CBD25<\/p>\n<p>CBD20-460\/470,<\/p>\n<p>CDD14-16L-930\/950\/960\/980<\/p>\n<p>CDD12-030<\/p>\n<p>CDD10-050 CDD10-070 CDD10-080 CDD10-090<\/p>","protected":false},"excerpt":{"rendered":"<p data-start=\"120\" data-end=\"621\"><br data-start=\"125\" data-end=\"128\" \/>Forklift ve i\u015f makineleri i\u00e7in \u00f6zel olarak tasarlanm\u0131\u015f <strong data-start=\"183\" data-end=\"243\">115\u00d755-20 Ceoparts Denge Tekeri \u2013 2700332001, 2700332003<\/strong>, y\u00fcksek dayan\u0131kl\u0131l\u0131k ve \u00fcst\u00fcn stabilite sa\u011flar. Kaliteli kau\u00e7uk malzeme ve g\u00fc\u00e7lendirilmi\u015f metal g\u00f6vde birle\u015fimi, zorlu \u00e7al\u0131\u015fma ko\u015fullar\u0131nda uzun \u00f6m\u00fcrl\u00fc performans sunar. Titre\u015fimleri azaltarak operat\u00f6r konforunu art\u0131r\u0131r ve makine verimlili\u011fini destekler. Bak\u0131m\u0131 kolayd\u0131r ve dar alanlarda \u00e7al\u0131\u015fan forkliftler i\u00e7in idealdir. \u0130\u015f g\u00fcvenli\u011fi ve performans i\u00e7in kritik \u00f6neme sahiptir.<\/p>\n<p data-start=\"623\" data-end=\"934\"><strong data-start=\"623\" data-end=\"637\">\u00d6zellikler<\/strong><br data-start=\"637\" data-end=\"640\" \/><strong data-start=\"640\" data-end=\"653\">\u00dcr\u00fcn Ad\u0131:<\/strong> Denge Tekeri<br data-start=\"666\" data-end=\"669\" \/><strong data-start=\"669\" data-end=\"684\">Par\u00e7a Kodu:<\/strong> 2700332001, 2700332003<br data-start=\"707\" data-end=\"710\" \/><strong data-start=\"710\" data-end=\"722\">Malzeme:<\/strong> Dayan\u0131kl\u0131 kau\u00e7uk, g\u00fc\u00e7lendirilmi\u015f metal g\u00f6vde<br data-start=\"767\" data-end=\"770\" \/><strong data-start=\"770\" data-end=\"789\">Kullan\u0131m Alan\u0131:<\/strong> Forklift ve i\u015f makineleri dengeleme sistemi<br data-start=\"833\" data-end=\"836\" \/><strong data-start=\"836\" data-end=\"848\">Avantaj:<\/strong> Y\u00fcksek a\u015f\u0131nma direnci, uzun \u00f6m\u00fcr, titre\u015fim azaltma, kolay bak\u0131m, geli\u015fmi\u015f stabilite<\/p>\n<p data-start=\"936\" data-end=\"1448\">\n","protected":false},"featured_media":15083,"template":"","meta":[],"product_brand":[],"product_cat":[396,185],"product_tag":[],"class_list":{"0":"post-8420","1":"product","2":"type-product","3":"status-publish","4":"has-post-thumbnail","6":"product_cat-denge-tekeri-ceo","7":"product_cat-denge-tekeri","9":"first","10":"instock","11":"taxable","12":"shipping-taxable","13":"purchasable","14":"product-type-simple"},"_links":{"self":[{"href":"https:\/\/ceoparts.com\/tr\/wp-json\/wp\/v2\/product\/8420","targetHints":{"allow":["GET"]}}],"collection":[{"href":"https:\/\/ceoparts.com\/tr\/wp-json\/wp\/v2\/product"}],"about":[{"href":"https:\/\/ceoparts.com\/tr\/wp-json\/wp\/v2\/types\/product"}],"wp:featuredmedia":[{"embeddable":true,"href":"https:\/\/ceoparts.com\/tr\/wp-json\/wp\/v2\/media\/15083"}],"wp:attachment":[{"href":"https:\/\/ceoparts.com\/tr\/wp-json\/wp\/v2\/media?parent=8420"}],"wp:term":[{"taxonomy":"product_brand","embeddable":true,"href":"https:\/\/ceoparts.com\/tr\/wp-json\/wp\/v2\/product_brand?post=8420"},{"taxonomy":"product_cat","embeddable":true,"href":"https:\/\/ceoparts.com\/tr\/wp-json\/wp\/v2\/product_cat?post=8420"},{"taxonomy":"product_tag","embeddable":true,"href":"https:\/\/ceoparts.com\/tr\/wp-json\/wp\/v2\/product_tag?post=8420"}],"curies":[{"name":"wp","href":"https:\/\/api.w.org\/{rel}","templated":true}]}}