{"id":8422,"date":"2021-02-15T10:20:17","date_gmt":"2021-02-15T07:20:17","guid":{"rendered":"https:\/\/ceoparts.com\/?post_type=product&#038;p=8422"},"modified":"2026-05-16T17:22:29","modified_gmt":"2026-05-16T14:22:29","slug":"125x40-40-15-denge-tekeri-dokum","status":"publish","type":"product","link":"https:\/\/ceoparts.com\/tr\/urun\/125x40-40-15-denge-tekeri-dokum\/","title":{"rendered":"125&#215;40\/40-15  Denge Tekeri"},"content":{"rendered":"<p>125&#215;40\/40-15  Denge Tekeri<\/p>","protected":false},"excerpt":{"rendered":"<p data-start=\"169\" data-end=\"625\"><br data-start=\"174\" data-end=\"177\" \/>Forklift ve i\u015f makineleri i\u00e7in tasarlanm\u0131\u015f <strong data-start=\"220\" data-end=\"249\">125\u00d740\/40-15 Denge Tekeri<\/strong>, y\u00fcksek dayan\u0131kl\u0131l\u0131k ve stabilite sunar. Kaliteli kau\u00e7uk ve sa\u011flam metal g\u00f6vde birle\u015fimiyle, a\u011f\u0131r y\u00fcklerde bile uzun \u00f6m\u00fcrl\u00fc performans sa\u011flar. Titre\u015fimleri azaltarak operat\u00f6r konforunu art\u0131r\u0131r, zorlu saha ko\u015fullar\u0131na dayan\u0131kl\u0131d\u0131r ve bak\u0131m gereksinimini en aza indirir. Dar ve engebeli zeminlerde \u00e7al\u0131\u015fan makineler i\u00e7in idealdir, b\u00f6ylece i\u015f g\u00fcvenli\u011fini ve verimlili\u011fi art\u0131r\u0131r.<\/p>\n<p data-start=\"627\" data-end=\"949\"><strong data-start=\"627\" data-end=\"641\">\u00d6zellikler<\/strong><br data-start=\"641\" data-end=\"644\" \/><strong data-start=\"644\" data-end=\"657\">\u00dcr\u00fcn Ad\u0131:<\/strong> Denge Tekeri<br data-start=\"670\" data-end=\"673\" \/><strong data-start=\"673\" data-end=\"688\">Par\u00e7a Kodu:<\/strong> (\u00dcr\u00fcn etiketinde belirtilmelidir)<br data-start=\"722\" data-end=\"725\" \/><strong data-start=\"725\" data-end=\"737\">Malzeme:<\/strong> Dayan\u0131kl\u0131 kau\u00e7uk, g\u00fc\u00e7lendirilmi\u015f metal g\u00f6vde<br data-start=\"782\" data-end=\"785\" \/><strong data-start=\"785\" data-end=\"804\">Kullan\u0131m Alan\u0131:<\/strong> Forklift ve i\u015f makineleri dengeleme sistemi<br data-start=\"848\" data-end=\"851\" \/><strong data-start=\"851\" data-end=\"863\">Avantaj:<\/strong> Y\u00fcksek a\u015f\u0131nma direnci, uzun \u00f6m\u00fcr, titre\u015fim azaltma, kolay bak\u0131m, geli\u015fmi\u015f stabilite<\/p>\n<p data-start=\"951\" data-end=\"1408\">\n","protected":false},"featured_media":17641,"template":"","meta":[],"product_brand":[],"product_cat":[185],"product_tag":[],"class_list":{"0":"post-8422","1":"product","2":"type-product","3":"status-publish","4":"has-post-thumbnail","6":"product_cat-denge-tekeri","8":"first","9":"instock","10":"taxable","11":"shipping-taxable","12":"purchasable","13":"product-type-simple"},"_links":{"self":[{"href":"https:\/\/ceoparts.com\/tr\/wp-json\/wp\/v2\/product\/8422","targetHints":{"allow":["GET"]}}],"collection":[{"href":"https:\/\/ceoparts.com\/tr\/wp-json\/wp\/v2\/product"}],"about":[{"href":"https:\/\/ceoparts.com\/tr\/wp-json\/wp\/v2\/types\/product"}],"wp:featuredmedia":[{"embeddable":true,"href":"https:\/\/ceoparts.com\/tr\/wp-json\/wp\/v2\/media\/17641"}],"wp:attachment":[{"href":"https:\/\/ceoparts.com\/tr\/wp-json\/wp\/v2\/media?parent=8422"}],"wp:term":[{"taxonomy":"product_brand","embeddable":true,"href":"https:\/\/ceoparts.com\/tr\/wp-json\/wp\/v2\/product_brand?post=8422"},{"taxonomy":"product_cat","embeddable":true,"href":"https:\/\/ceoparts.com\/tr\/wp-json\/wp\/v2\/product_cat?post=8422"},{"taxonomy":"product_tag","embeddable":true,"href":"https:\/\/ceoparts.com\/tr\/wp-json\/wp\/v2\/product_tag?post=8422"}],"curies":[{"name":"wp","href":"https:\/\/api.w.org\/{rel}","templated":true}]}}