{"id":8425,"date":"2021-02-15T10:33:50","date_gmt":"2021-02-15T07:33:50","guid":{"rendered":"https:\/\/ceoparts.com\/?post_type=product&#038;p=8425"},"modified":"2026-05-16T14:58:45","modified_gmt":"2026-05-16T11:58:45","slug":"125x50-54-20-denge-tekeri","status":"publish","type":"product","link":"https:\/\/ceoparts.com\/tr\/urun\/125x50-54-20-denge-tekeri\/","title":{"rendered":"125&#215;50\/54-20 Ceoparts Denge Tekeri &#8211; 156259"},"content":{"rendered":"<p>125&#215;50\/54-20 Ceoparts Denge Tekeri &#8211; 156259<\/p>\n<p>MO 15<\/p>\n<p>PPO 1500MX<\/p>\n<p>MPH 16<br \/>\nMPL 10<br \/>\nMPL 12<br \/>\nMPL 12 F<br \/>\nMPL 16D<\/p>\n<p>PPH 1600 MX<\/p>\n<p>PPS 1000 MX<br \/>\nPPS 1200 MX<br \/>\nPPS 1200MXF<br \/>\nPPS 1600 MXD<\/p>\n<p>S12 F<br \/>\nS16 D<\/p>\n<p>SWE 080 L<br \/>\nSWE100 STAXIO<br \/>\nSWE 120 IKEA<br \/>\nSWE 120 STAXIO<br \/>\nSWE 120 L<br \/>\nSWE 120 LIKEA<br \/>\nSWE 140 STAXIO<br \/>\nSWE 140 L STAXIO<br \/>\nSWE 160 D IKEA<br \/>\nSWE 160D<br \/>\nSWE 200 D IKEA<br \/>\nSWE 200 D<\/p>\n<p>LWE 140 LEVIO<br \/>\nLWE 160LEVIO<br \/>\nLWE 180<br \/>\nLWE 180 LEVIO<br \/>\nLWE 200<br \/>\nLWE 200 N<br \/>\nLWE 250LEVIO<\/p>\n<p>MP 14 C<br \/>\nMP 14<br \/>\nMP 16<br \/>\nMP 20<br \/>\nMP 20L<\/p>\n<p>PPL 2000 MX<\/p>\n<p>PPT 1400 C<br \/>\nPPT 1400 MX<br \/>\nPPT 1400MXC<br \/>\nPPT 1600 MX<br \/>\nPPT 1800 MMD<br \/>\nPPT 2000 MX<br \/>\nPPT 2000MMD<\/p>\n<p>W18 ORION<br \/>\nW20 ORION<br \/>\nW20 N<\/p>","protected":false},"excerpt":{"rendered":"<p data-start=\"203\" data-end=\"789\"><br data-start=\"208\" data-end=\"211\" \/>Forklift ve i\u015f makineleri i\u00e7in tasarlanm\u0131\u015f <strong data-start=\"254\" data-end=\"301\">125\u00d750\/54-20 Ceoparts Denge Tekeri \u2013 156259<\/strong>, ara\u00e7 stabilitesini art\u0131rarak g\u00fcvenli ve dengeli \u00e7al\u0131\u015fma sa\u011flar. Y\u00fcksek kaliteli kau\u00e7uk ve dayan\u0131kl\u0131 metalden \u00fcretilen bu denge tekeri, a\u011f\u0131r y\u00fckler alt\u0131nda bile uzun \u00f6m\u00fcrl\u00fc performans sunar. Titre\u015fimleri azaltarak operat\u00f6r konforunu art\u0131r\u0131r ve makinenin \u00e7al\u0131\u015fma verimlili\u011fini y\u00fckseltir. Zorlu saha ko\u015fullar\u0131na dayan\u0131kl\u0131 yap\u0131s\u0131 sayesinde bak\u0131m ihtiyac\u0131n\u0131 minimuma indirir. Forkliftin \u00f6zellikle dar alanlarda ve zorlu zeminlerde daha stabil hareket etmesini sa\u011flar, i\u015f g\u00fcvenli\u011fini art\u0131r\u0131r.<\/p>\n<p data-start=\"791\" data-end=\"1095\"><strong data-start=\"791\" data-end=\"805\">\u00d6zellikler<\/strong><br data-start=\"805\" data-end=\"808\" \/><strong data-start=\"808\" data-end=\"821\">\u00dcr\u00fcn Ad\u0131:<\/strong> Denge Tekeri<br data-start=\"834\" data-end=\"837\" \/><strong data-start=\"837\" data-end=\"852\">Par\u00e7a Kodu:<\/strong> 156259<br data-start=\"859\" data-end=\"862\" \/><strong data-start=\"862\" data-end=\"874\">Malzeme:<\/strong> Dayan\u0131kl\u0131 kau\u00e7uk, g\u00fc\u00e7lendirilmi\u015f metal g\u00f6vde<br data-start=\"919\" data-end=\"922\" \/><strong data-start=\"922\" data-end=\"941\">Kullan\u0131m Alan\u0131:<\/strong> Forklift ve i\u015f makineleri dengeleme sistemi<br data-start=\"985\" data-end=\"988\" \/><strong data-start=\"988\" data-end=\"1000\">Avantaj:<\/strong> Y\u00fcksek a\u015f\u0131nma direnci, uzun kullan\u0131m \u00f6mr\u00fc, titre\u015fim azaltma, kolay bak\u0131m, geli\u015fmi\u015f stabilite<\/p>\n<p data-start=\"1097\" data-end=\"1681\">\n","protected":false},"featured_media":12048,"template":"","meta":[],"product_brand":[],"product_cat":[396,185],"product_tag":[],"class_list":{"0":"post-8425","1":"product","2":"type-product","3":"status-publish","4":"has-post-thumbnail","6":"product_cat-denge-tekeri-ceo","7":"product_cat-denge-tekeri","9":"first","10":"instock","11":"taxable","12":"shipping-taxable","13":"purchasable","14":"product-type-simple"},"_links":{"self":[{"href":"https:\/\/ceoparts.com\/tr\/wp-json\/wp\/v2\/product\/8425","targetHints":{"allow":["GET"]}}],"collection":[{"href":"https:\/\/ceoparts.com\/tr\/wp-json\/wp\/v2\/product"}],"about":[{"href":"https:\/\/ceoparts.com\/tr\/wp-json\/wp\/v2\/types\/product"}],"wp:featuredmedia":[{"embeddable":true,"href":"https:\/\/ceoparts.com\/tr\/wp-json\/wp\/v2\/media\/12048"}],"wp:attachment":[{"href":"https:\/\/ceoparts.com\/tr\/wp-json\/wp\/v2\/media?parent=8425"}],"wp:term":[{"taxonomy":"product_brand","embeddable":true,"href":"https:\/\/ceoparts.com\/tr\/wp-json\/wp\/v2\/product_brand?post=8425"},{"taxonomy":"product_cat","embeddable":true,"href":"https:\/\/ceoparts.com\/tr\/wp-json\/wp\/v2\/product_cat?post=8425"},{"taxonomy":"product_tag","embeddable":true,"href":"https:\/\/ceoparts.com\/tr\/wp-json\/wp\/v2\/product_tag?post=8425"}],"curies":[{"name":"wp","href":"https:\/\/api.w.org\/{rel}","templated":true}]}}