{"id":8428,"date":"2021-02-15T10:40:31","date_gmt":"2021-02-15T07:40:31","guid":{"rendered":"https:\/\/ceoparts.com\/?post_type=product&#038;p=8428"},"modified":"2026-05-16T15:54:54","modified_gmt":"2026-05-16T12:54:54","slug":"125x50-60-20-alu-denge-tekeri","status":"publish","type":"product","link":"https:\/\/ceoparts.com\/tr\/urun\/125x50-60-20-alu-denge-tekeri\/","title":{"rendered":"125&#215;50\/60-20 Tellure Rota Denge Tekeri 7563324 \/ 50464813 \/ 7611201"},"content":{"rendered":"<p>125&#215;50\/60-20 Tellure Rota Denge Tekeri 7563324 \/ 50464813 \/ 7611201<\/p>\n<div class=\"font12\">BT LPE200 \/LPE220 \/ LPE250 z 2016r.<\/div>\n<div class=\"font12\">SPE160 L po 2015<\/div>","protected":false},"excerpt":{"rendered":"<div>\n<p data-start=\"122\" data-end=\"558\"><br data-start=\"127\" data-end=\"130\" \/><strong data-start=\"130\" data-end=\"172\">125\u00d750\/60-20 Tellure Rota Denge Tekeri<\/strong>, forklift ve a\u011f\u0131r i\u015f makinelerinde dengeyi sa\u011flamak i\u00e7in \u00f6zel olarak tasarlanm\u0131\u015f y\u00fcksek kaliteli ve dayan\u0131kl\u0131 bir denge tekeridir. Tellure Rota markas\u0131n\u0131n g\u00fcvencesi ile \u00fcretilen bu denge tekeri, sa\u011flam metal g\u00f6vde ve kau\u00e7uk ya da poli\u00fcretan kaplama ile uzun \u00f6m\u00fcrl\u00fc ve sessiz bir performans sunar. Forklift ve i\u015f makinelerinin stabilitesini art\u0131rarak g\u00fcvenli ve verimli kullan\u0131m sa\u011flar.<\/p>\n<p data-start=\"560\" data-end=\"913\"><strong data-start=\"560\" data-end=\"574\">\u00d6zellikler<\/strong><br data-start=\"574\" data-end=\"577\" \/><strong data-start=\"577\" data-end=\"590\">\u00dcr\u00fcn Ad\u0131:<\/strong> 125\u00d750\/60-20 Tellure Rota Denge Tekeri<br data-start=\"629\" data-end=\"632\" \/><strong data-start=\"632\" data-end=\"647\">Par\u00e7a Kodu:<\/strong> 7563324 \/ 50464813<br data-start=\"666\" data-end=\"669\" \/><strong data-start=\"669\" data-end=\"681\">Malzeme:<\/strong> Sa\u011flam metal g\u00f6vde, kau\u00e7uk veya poli\u00fcretan kaplama<br data-start=\"732\" data-end=\"735\" \/><strong data-start=\"735\" data-end=\"754\">Kullan\u0131m Alan\u0131:<\/strong> Forklift ve a\u011f\u0131r i\u015f makineleri dengeleme sistemleri<br data-start=\"806\" data-end=\"809\" \/><strong data-start=\"809\" data-end=\"821\">Avantaj:<\/strong> Y\u00fcksek dayan\u0131kl\u0131l\u0131k, uzun \u00f6m\u00fcr, sessiz \u00e7al\u0131\u015fma, m\u00fckemmel denge ve stabilite, kolay montaj<\/p>\n<hr data-start=\"915\" data-end=\"918\" \/>\n<p data-start=\"920\" data-end=\"1337\">\n<\/div>\n","protected":false},"featured_media":11476,"template":"","meta":[],"product_brand":[],"product_cat":[251,252,412,413,185],"product_tag":[],"class_list":{"0":"post-8428","1":"product","2":"type-product","3":"status-publish","4":"has-post-thumbnail","6":"product_cat-bt","7":"product_cat-denge-tekeri-bt","8":"product_cat-tellure-rota","9":"product_cat-tellure-rota-denge-tekeri","10":"product_cat-denge-tekeri","12":"first","13":"instock","14":"taxable","15":"shipping-taxable","16":"purchasable","17":"product-type-simple"},"_links":{"self":[{"href":"https:\/\/ceoparts.com\/tr\/wp-json\/wp\/v2\/product\/8428","targetHints":{"allow":["GET"]}}],"collection":[{"href":"https:\/\/ceoparts.com\/tr\/wp-json\/wp\/v2\/product"}],"about":[{"href":"https:\/\/ceoparts.com\/tr\/wp-json\/wp\/v2\/types\/product"}],"wp:featuredmedia":[{"embeddable":true,"href":"https:\/\/ceoparts.com\/tr\/wp-json\/wp\/v2\/media\/11476"}],"wp:attachment":[{"href":"https:\/\/ceoparts.com\/tr\/wp-json\/wp\/v2\/media?parent=8428"}],"wp:term":[{"taxonomy":"product_brand","embeddable":true,"href":"https:\/\/ceoparts.com\/tr\/wp-json\/wp\/v2\/product_brand?post=8428"},{"taxonomy":"product_cat","embeddable":true,"href":"https:\/\/ceoparts.com\/tr\/wp-json\/wp\/v2\/product_cat?post=8428"},{"taxonomy":"product_tag","embeddable":true,"href":"https:\/\/ceoparts.com\/tr\/wp-json\/wp\/v2\/product_tag?post=8428"}],"curies":[{"name":"wp","href":"https:\/\/api.w.org\/{rel}","templated":true}]}}