{"id":8433,"date":"2021-02-15T10:53:57","date_gmt":"2021-02-15T07:53:57","guid":{"rendered":"https:\/\/ceoparts.com\/?post_type=product&#038;p=8433"},"modified":"2026-05-16T15:54:54","modified_gmt":"2026-05-16T12:54:54","slug":"125x60-60-20-denge-tekeri","status":"publish","type":"product","link":"https:\/\/ceoparts.com\/tr\/urun\/125x60-60-20-denge-tekeri\/","title":{"rendered":"125&#215;60\/60-20 Denge Tekeri"},"content":{"rendered":"<p>125&#215;60\/60-20 Denge Tekeri<\/p>","protected":false},"excerpt":{"rendered":"<p data-start=\"88\" data-end=\"447\"><br data-start=\"93\" data-end=\"96\" \/><strong data-start=\"96\" data-end=\"125\">125\u00d760\/60-20 Denge Tekeri<\/strong>, forklift ve a\u011f\u0131r i\u015f makinelerinde denge sa\u011flamak i\u00e7in tasarlanm\u0131\u015f dayan\u0131kl\u0131 ve sa\u011flam bir denge tekeridir. Sa\u011flam metal g\u00f6vde yap\u0131s\u0131 ile kau\u00e7uk veya poli\u00fcretan kaplama sayesinde uzun \u00f6m\u00fcrl\u00fc, sessiz ve g\u00fcvenilir bir performans sunar. Forklift ve i\u015f makinelerinin stabilitesini art\u0131rarak g\u00fcvenli ve verimli \u00e7al\u0131\u015fma sa\u011flar.<\/p>\n<p data-start=\"449\" data-end=\"752\"><strong data-start=\"449\" data-end=\"463\">\u00d6zellikler<\/strong><br data-start=\"463\" data-end=\"466\" \/><strong data-start=\"466\" data-end=\"479\">\u00dcr\u00fcn Ad\u0131:<\/strong> 125\u00d760\/60-20 Denge Tekeri<br data-start=\"505\" data-end=\"508\" \/><strong data-start=\"508\" data-end=\"520\">Malzeme:<\/strong> Sa\u011flam metal g\u00f6vde, kau\u00e7uk veya poli\u00fcretan kaplama<br data-start=\"571\" data-end=\"574\" \/><strong data-start=\"574\" data-end=\"593\">Kullan\u0131m Alan\u0131:<\/strong> Forklift ve a\u011f\u0131r i\u015f makineleri dengeleme sistemleri<br data-start=\"645\" data-end=\"648\" \/><strong data-start=\"648\" data-end=\"660\">Avantaj:<\/strong> Y\u00fcksek dayan\u0131kl\u0131l\u0131k, uzun \u00f6m\u00fcr, sessiz \u00e7al\u0131\u015fma, m\u00fckemmel denge ve stabilite, kolay montaj<\/p>\n<hr data-start=\"754\" data-end=\"757\" \/>\n<p data-start=\"759\" data-end=\"1102\">\n","protected":false},"featured_media":17645,"template":"","meta":[],"product_brand":[],"product_cat":[185],"product_tag":[],"class_list":{"0":"post-8433","1":"product","2":"type-product","3":"status-publish","4":"has-post-thumbnail","6":"product_cat-denge-tekeri","8":"first","9":"instock","10":"taxable","11":"shipping-taxable","12":"purchasable","13":"product-type-simple"},"_links":{"self":[{"href":"https:\/\/ceoparts.com\/tr\/wp-json\/wp\/v2\/product\/8433","targetHints":{"allow":["GET"]}}],"collection":[{"href":"https:\/\/ceoparts.com\/tr\/wp-json\/wp\/v2\/product"}],"about":[{"href":"https:\/\/ceoparts.com\/tr\/wp-json\/wp\/v2\/types\/product"}],"wp:featuredmedia":[{"embeddable":true,"href":"https:\/\/ceoparts.com\/tr\/wp-json\/wp\/v2\/media\/17645"}],"wp:attachment":[{"href":"https:\/\/ceoparts.com\/tr\/wp-json\/wp\/v2\/media?parent=8433"}],"wp:term":[{"taxonomy":"product_brand","embeddable":true,"href":"https:\/\/ceoparts.com\/tr\/wp-json\/wp\/v2\/product_brand?post=8433"},{"taxonomy":"product_cat","embeddable":true,"href":"https:\/\/ceoparts.com\/tr\/wp-json\/wp\/v2\/product_cat?post=8433"},{"taxonomy":"product_tag","embeddable":true,"href":"https:\/\/ceoparts.com\/tr\/wp-json\/wp\/v2\/product_tag?post=8433"}],"curies":[{"name":"wp","href":"https:\/\/api.w.org\/{rel}","templated":true}]}}