{"id":8437,"date":"2021-02-15T11:00:24","date_gmt":"2021-02-15T08:00:24","guid":{"rendered":"https:\/\/ceoparts.com\/?post_type=product&#038;p=8437"},"modified":"2026-05-16T12:14:18","modified_gmt":"2026-05-16T09:14:18","slug":"140x50-62-20-denge-tekeri-39933811","status":"publish","type":"product","link":"https:\/\/ceoparts.com\/tr\/urun\/140x50-62-20-denge-tekeri-39933811\/","title":{"rendered":"140&#215;50\/62-20 Ceoparts Denge Tekeri &#8211; 0039933811"},"content":{"rendered":"<p>140&#215;50\/62-20 Ceoparts Denge Tekeri &#8211; 0039933811<\/p>\n<p>132\u00a0N20\/N24\/N20L\/N20LI<br \/>\n133\u00a0L12\/L14-L12L\/L14L-L12LHP<br \/>\n140\u00a0T20R<br \/>\n144\u00a0T20S\/T20SF<br \/>\n149\u00a0N20\/N25\/N20L\/LI\/LX<br \/>\n149\u00a0N20V-N20VI<br \/>\n372\u00a0L14\/16\/L14AP\/16AP<\/p>","protected":false},"excerpt":{"rendered":"<p data-start=\"110\" data-end=\"527\"><br data-start=\"115\" data-end=\"118\" \/><strong data-start=\"118\" data-end=\"156\">140\u00d750\/62-20 Ceoparts Denge Tekeri<\/strong>, forklift ve a\u011f\u0131r i\u015f makinelerinde denge sa\u011flamak amac\u0131yla tasarlanm\u0131\u015f, Ceoparts kalitesi ile \u00fcretilmi\u015f dayan\u0131kl\u0131 ve y\u00fcksek performansl\u0131 bir denge tekeridir. Sa\u011flam metal g\u00f6vde ve kau\u00e7uk veya poli\u00fcretan kaplama sayesinde uzun \u00f6m\u00fcrl\u00fc, sessiz ve g\u00fcvenilir bir kullan\u0131m sunar. Forklift ve i\u015f makinelerinin stabilitesini art\u0131rarak g\u00fcvenli ve verimli \u00e7al\u0131\u015fmas\u0131na destek olur.<\/p>\n<p data-start=\"529\" data-end=\"870\"><strong data-start=\"529\" data-end=\"543\">\u00d6zellikler<\/strong><br data-start=\"543\" data-end=\"546\" \/><strong data-start=\"546\" data-end=\"559\">\u00dcr\u00fcn Ad\u0131:<\/strong> 140\u00d750\/62-20 Ceoparts Denge Tekeri<br data-start=\"594\" data-end=\"597\" \/><strong data-start=\"597\" data-end=\"612\">Par\u00e7a Kodu:<\/strong> 0039933811<br data-start=\"623\" data-end=\"626\" \/><strong data-start=\"626\" data-end=\"638\">Malzeme:<\/strong> Sa\u011flam metal g\u00f6vde, kau\u00e7uk veya poli\u00fcretan kaplama<br data-start=\"689\" data-end=\"692\" \/><strong data-start=\"692\" data-end=\"711\">Kullan\u0131m Alan\u0131:<\/strong> Forklift ve a\u011f\u0131r i\u015f makineleri dengeleme sistemleri<br data-start=\"763\" data-end=\"766\" \/><strong data-start=\"766\" data-end=\"778\">Avantaj:<\/strong> Y\u00fcksek dayan\u0131kl\u0131l\u0131k, uzun \u00f6m\u00fcr, sessiz \u00e7al\u0131\u015fma, m\u00fckemmel denge ve stabilite, kolay montaj<\/p>\n<hr data-start=\"872\" data-end=\"875\" \/>\n<p data-start=\"877\" data-end=\"1269\">\n","protected":false},"featured_media":16423,"template":"","meta":[],"product_brand":[],"product_cat":[396,185],"product_tag":[],"class_list":{"0":"post-8437","1":"product","2":"type-product","3":"status-publish","4":"has-post-thumbnail","6":"product_cat-denge-tekeri-ceo","7":"product_cat-denge-tekeri","9":"first","10":"instock","11":"taxable","12":"shipping-taxable","13":"purchasable","14":"product-type-simple"},"_links":{"self":[{"href":"https:\/\/ceoparts.com\/tr\/wp-json\/wp\/v2\/product\/8437","targetHints":{"allow":["GET"]}}],"collection":[{"href":"https:\/\/ceoparts.com\/tr\/wp-json\/wp\/v2\/product"}],"about":[{"href":"https:\/\/ceoparts.com\/tr\/wp-json\/wp\/v2\/types\/product"}],"wp:featuredmedia":[{"embeddable":true,"href":"https:\/\/ceoparts.com\/tr\/wp-json\/wp\/v2\/media\/16423"}],"wp:attachment":[{"href":"https:\/\/ceoparts.com\/tr\/wp-json\/wp\/v2\/media?parent=8437"}],"wp:term":[{"taxonomy":"product_brand","embeddable":true,"href":"https:\/\/ceoparts.com\/tr\/wp-json\/wp\/v2\/product_brand?post=8437"},{"taxonomy":"product_cat","embeddable":true,"href":"https:\/\/ceoparts.com\/tr\/wp-json\/wp\/v2\/product_cat?post=8437"},{"taxonomy":"product_tag","embeddable":true,"href":"https:\/\/ceoparts.com\/tr\/wp-json\/wp\/v2\/product_tag?post=8437"}],"curies":[{"name":"wp","href":"https:\/\/api.w.org\/{rel}","templated":true}]}}