{"id":8438,"date":"2021-02-15T11:01:34","date_gmt":"2021-02-15T08:01:34","guid":{"rendered":"https:\/\/ceoparts.com\/?post_type=product&#038;p=8438"},"modified":"2026-05-16T19:50:49","modified_gmt":"2026-05-16T16:50:49","slug":"140x50-62-20-denge-tekeri-2","status":"publish","type":"product","link":"https:\/\/ceoparts.com\/tr\/urun\/140x50-62-20-denge-tekeri-2\/","title":{"rendered":"140&#215;50\/62-20 Denge Tekeri"},"content":{"rendered":"<p>140&#215;50\/62-20 Denge Tekeri<\/p>","protected":false},"excerpt":{"rendered":"<p data-start=\"88\" data-end=\"455\"><br data-start=\"93\" data-end=\"96\" \/><strong data-start=\"96\" data-end=\"125\">140\u00d750\/62-20 Denge Tekeri<\/strong>, forklift ve a\u011f\u0131r i\u015f makinelerinde denge sa\u011flamak amac\u0131yla tasarlanm\u0131\u015f y\u00fcksek kaliteli ve dayan\u0131kl\u0131 bir denge tekeridir. Sa\u011flam metal g\u00f6vde yap\u0131s\u0131 ile kau\u00e7uk veya poli\u00fcretan kaplama sayesinde uzun \u00f6m\u00fcrl\u00fc, sessiz ve g\u00fcvenilir bir kullan\u0131m sunar. \u0130\u015f makinelerinin stabilitesini art\u0131rarak g\u00fcvenli ve verimli \u00e7al\u0131\u015fmas\u0131na destek olur.<\/p>\n<p data-start=\"457\" data-end=\"760\"><strong data-start=\"457\" data-end=\"471\">\u00d6zellikler<\/strong><br data-start=\"471\" data-end=\"474\" \/><strong data-start=\"474\" data-end=\"487\">\u00dcr\u00fcn Ad\u0131:<\/strong> 140\u00d750\/62-20 Denge Tekeri<br data-start=\"513\" data-end=\"516\" \/><strong data-start=\"516\" data-end=\"528\">Malzeme:<\/strong> Sa\u011flam metal g\u00f6vde, kau\u00e7uk veya poli\u00fcretan kaplama<br data-start=\"579\" data-end=\"582\" \/><strong data-start=\"582\" data-end=\"601\">Kullan\u0131m Alan\u0131:<\/strong> Forklift ve a\u011f\u0131r i\u015f makineleri dengeleme sistemleri<br data-start=\"653\" data-end=\"656\" \/><strong data-start=\"656\" data-end=\"668\">Avantaj:<\/strong> Y\u00fcksek dayan\u0131kl\u0131l\u0131k, uzun \u00f6m\u00fcr, sessiz \u00e7al\u0131\u015fma, m\u00fckemmel denge ve stabilite, kolay montaj<\/p>\n<hr data-start=\"762\" data-end=\"765\" \/>\n<p data-start=\"767\" data-end=\"1090\">\n","protected":false},"featured_media":17647,"template":"","meta":[],"product_brand":[],"product_cat":[185],"product_tag":[],"class_list":{"0":"post-8438","1":"product","2":"type-product","3":"status-publish","4":"has-post-thumbnail","6":"product_cat-denge-tekeri","8":"first","9":"instock","10":"taxable","11":"shipping-taxable","12":"purchasable","13":"product-type-simple"},"_links":{"self":[{"href":"https:\/\/ceoparts.com\/tr\/wp-json\/wp\/v2\/product\/8438","targetHints":{"allow":["GET"]}}],"collection":[{"href":"https:\/\/ceoparts.com\/tr\/wp-json\/wp\/v2\/product"}],"about":[{"href":"https:\/\/ceoparts.com\/tr\/wp-json\/wp\/v2\/types\/product"}],"wp:featuredmedia":[{"embeddable":true,"href":"https:\/\/ceoparts.com\/tr\/wp-json\/wp\/v2\/media\/17647"}],"wp:attachment":[{"href":"https:\/\/ceoparts.com\/tr\/wp-json\/wp\/v2\/media?parent=8438"}],"wp:term":[{"taxonomy":"product_brand","embeddable":true,"href":"https:\/\/ceoparts.com\/tr\/wp-json\/wp\/v2\/product_brand?post=8438"},{"taxonomy":"product_cat","embeddable":true,"href":"https:\/\/ceoparts.com\/tr\/wp-json\/wp\/v2\/product_cat?post=8438"},{"taxonomy":"product_tag","embeddable":true,"href":"https:\/\/ceoparts.com\/tr\/wp-json\/wp\/v2\/product_tag?post=8438"}],"curies":[{"name":"wp","href":"https:\/\/api.w.org\/{rel}","templated":true}]}}