{"id":8439,"date":"2021-02-15T11:02:26","date_gmt":"2021-02-15T08:02:26","guid":{"rendered":"https:\/\/ceoparts.com\/?post_type=product&#038;p=8439"},"modified":"2026-05-16T18:36:37","modified_gmt":"2026-05-16T15:36:37","slug":"140x55-64-143-denge-tekeri","status":"publish","type":"product","link":"https:\/\/ceoparts.com\/tr\/urun\/140x55-64-143-denge-tekeri\/","title":{"rendered":"140&#215;55\/64-14,3 Denge Tekeri"},"content":{"rendered":"<p>140&#215;55\/64-14,3 Denge Tekeri<\/p>","protected":false},"excerpt":{"rendered":"<p data-start=\"90\" data-end=\"443\"><br data-start=\"95\" data-end=\"98\" \/><strong data-start=\"98\" data-end=\"129\">140\u00d755\/64-14,3 Denge Tekeri<\/strong>, forklift ve a\u011f\u0131r i\u015f makinelerinde denge sa\u011flamak amac\u0131yla tasarlanm\u0131\u015f dayan\u0131kl\u0131 ve y\u00fcksek performansl\u0131 bir denge tekeridir. Sa\u011flam metal g\u00f6vde ve kau\u00e7uk veya poli\u00fcretan kaplama ile uzun \u00f6m\u00fcrl\u00fc, sessiz ve g\u00fcvenilir kullan\u0131m sa\u011flar. \u0130\u015f makinelerinin stabilitesini art\u0131rarak g\u00fcvenli ve verimli \u00e7al\u0131\u015fma imkan\u0131 sunar.<\/p>\n<p data-start=\"445\" data-end=\"750\"><strong data-start=\"445\" data-end=\"459\">\u00d6zellikler<\/strong><br data-start=\"459\" data-end=\"462\" \/><strong data-start=\"462\" data-end=\"475\">\u00dcr\u00fcn Ad\u0131:<\/strong> 140\u00d755\/64-14,3 Denge Tekeri<br data-start=\"503\" data-end=\"506\" \/><strong data-start=\"506\" data-end=\"518\">Malzeme:<\/strong> Sa\u011flam metal g\u00f6vde, kau\u00e7uk veya poli\u00fcretan kaplama<br data-start=\"569\" data-end=\"572\" \/><strong data-start=\"572\" data-end=\"591\">Kullan\u0131m Alan\u0131:<\/strong> Forklift ve a\u011f\u0131r i\u015f makineleri dengeleme sistemleri<br data-start=\"643\" data-end=\"646\" \/><strong data-start=\"646\" data-end=\"658\">Avantaj:<\/strong> Y\u00fcksek dayan\u0131kl\u0131l\u0131k, uzun \u00f6m\u00fcr, sessiz \u00e7al\u0131\u015fma, m\u00fckemmel denge ve stabilite, kolay montaj<\/p>\n<hr data-start=\"752\" data-end=\"755\" \/>\n<p data-start=\"757\" data-end=\"1080\">\n","protected":false},"featured_media":17648,"template":"","meta":[],"product_brand":[],"product_cat":[185],"product_tag":[],"class_list":{"0":"post-8439","1":"product","2":"type-product","3":"status-publish","4":"has-post-thumbnail","6":"product_cat-denge-tekeri","8":"first","9":"instock","10":"taxable","11":"shipping-taxable","12":"purchasable","13":"product-type-simple"},"_links":{"self":[{"href":"https:\/\/ceoparts.com\/tr\/wp-json\/wp\/v2\/product\/8439","targetHints":{"allow":["GET"]}}],"collection":[{"href":"https:\/\/ceoparts.com\/tr\/wp-json\/wp\/v2\/product"}],"about":[{"href":"https:\/\/ceoparts.com\/tr\/wp-json\/wp\/v2\/types\/product"}],"wp:featuredmedia":[{"embeddable":true,"href":"https:\/\/ceoparts.com\/tr\/wp-json\/wp\/v2\/media\/17648"}],"wp:attachment":[{"href":"https:\/\/ceoparts.com\/tr\/wp-json\/wp\/v2\/media?parent=8439"}],"wp:term":[{"taxonomy":"product_brand","embeddable":true,"href":"https:\/\/ceoparts.com\/tr\/wp-json\/wp\/v2\/product_brand?post=8439"},{"taxonomy":"product_cat","embeddable":true,"href":"https:\/\/ceoparts.com\/tr\/wp-json\/wp\/v2\/product_cat?post=8439"},{"taxonomy":"product_tag","embeddable":true,"href":"https:\/\/ceoparts.com\/tr\/wp-json\/wp\/v2\/product_tag?post=8439"}],"curies":[{"name":"wp","href":"https:\/\/api.w.org\/{rel}","templated":true}]}}