{"id":8448,"date":"2021-02-15T12:13:16","date_gmt":"2021-02-15T09:13:16","guid":{"rendered":"https:\/\/ceoparts.com\/?post_type=product&#038;p=8448"},"modified":"2026-05-16T19:34:48","modified_gmt":"2026-05-16T16:34:48","slug":"150x40-55-20-denge-tekeri","status":"publish","type":"product","link":"https:\/\/ceoparts.com\/tr\/urun\/150x40-55-20-denge-tekeri\/","title":{"rendered":"150&#215;40\/55-20  Denge Tekeri"},"content":{"rendered":"<p>150&#215;40\/55-20  Denge Tekeri<\/p>","protected":false},"excerpt":{"rendered":"<p data-start=\"88\" data-end=\"477\"><br data-start=\"93\" data-end=\"96\" \/><strong data-start=\"96\" data-end=\"125\">150\u00d740\/55-20 Denge Tekeri<\/strong>, forklift ve a\u011f\u0131r i\u015f makinelerinde denge sa\u011flamak amac\u0131yla kullan\u0131lan dayan\u0131kl\u0131 ve y\u00fcksek performansl\u0131 bir denge tekeridir. Sa\u011flam metal g\u00f6vde yap\u0131s\u0131 ve kau\u00e7uk ya da poli\u00fcretan kaplamas\u0131 ile uzun \u00f6m\u00fcrl\u00fc, sessiz ve g\u00fcvenilir \u00e7al\u0131\u015fma sunar. End\u00fcstriyel ortamlarda m\u00fckemmel denge ve stabilite sa\u011flar, i\u015f makinelerinin verimli \u00e7al\u0131\u015fmas\u0131na katk\u0131da bulunur.<\/p>\n<p data-start=\"479\" data-end=\"782\"><strong data-start=\"479\" data-end=\"493\">\u00d6zellikler<\/strong><br data-start=\"493\" data-end=\"496\" \/><strong data-start=\"496\" data-end=\"509\">\u00dcr\u00fcn Ad\u0131:<\/strong> 150\u00d740\/55-20 Denge Tekeri<br data-start=\"535\" data-end=\"538\" \/><strong data-start=\"538\" data-end=\"550\">Malzeme:<\/strong> Sa\u011flam metal g\u00f6vde, kau\u00e7uk veya poli\u00fcretan kaplama<br data-start=\"601\" data-end=\"604\" \/><strong data-start=\"604\" data-end=\"623\">Kullan\u0131m Alan\u0131:<\/strong> Forklift ve a\u011f\u0131r i\u015f makineleri dengeleme sistemleri<br data-start=\"675\" data-end=\"678\" \/><strong data-start=\"678\" data-end=\"690\">Avantaj:<\/strong> Y\u00fcksek dayan\u0131kl\u0131l\u0131k, uzun \u00f6m\u00fcr, sessiz \u00e7al\u0131\u015fma, m\u00fckemmel denge ve stabilite, kolay montaj<\/p>\n<hr data-start=\"784\" data-end=\"787\" \/>\n<p data-start=\"789\" data-end=\"1155\">\n","protected":false},"featured_media":17653,"template":"","meta":[],"product_brand":[],"product_cat":[185],"product_tag":[],"class_list":{"0":"post-8448","1":"product","2":"type-product","3":"status-publish","4":"has-post-thumbnail","6":"product_cat-denge-tekeri","8":"first","9":"instock","10":"taxable","11":"shipping-taxable","12":"purchasable","13":"product-type-simple"},"_links":{"self":[{"href":"https:\/\/ceoparts.com\/tr\/wp-json\/wp\/v2\/product\/8448","targetHints":{"allow":["GET"]}}],"collection":[{"href":"https:\/\/ceoparts.com\/tr\/wp-json\/wp\/v2\/product"}],"about":[{"href":"https:\/\/ceoparts.com\/tr\/wp-json\/wp\/v2\/types\/product"}],"wp:featuredmedia":[{"embeddable":true,"href":"https:\/\/ceoparts.com\/tr\/wp-json\/wp\/v2\/media\/17653"}],"wp:attachment":[{"href":"https:\/\/ceoparts.com\/tr\/wp-json\/wp\/v2\/media?parent=8448"}],"wp:term":[{"taxonomy":"product_brand","embeddable":true,"href":"https:\/\/ceoparts.com\/tr\/wp-json\/wp\/v2\/product_brand?post=8448"},{"taxonomy":"product_cat","embeddable":true,"href":"https:\/\/ceoparts.com\/tr\/wp-json\/wp\/v2\/product_cat?post=8448"},{"taxonomy":"product_tag","embeddable":true,"href":"https:\/\/ceoparts.com\/tr\/wp-json\/wp\/v2\/product_tag?post=8448"}],"curies":[{"name":"wp","href":"https:\/\/api.w.org\/{rel}","templated":true}]}}