{"id":8451,"date":"2021-02-15T12:17:45","date_gmt":"2021-02-15T09:17:45","guid":{"rendered":"https:\/\/ceoparts.com\/?post_type=product&#038;p=8451"},"modified":"2026-05-16T16:50:53","modified_gmt":"2026-05-16T13:50:53","slug":"150x50-60-25-denge-tekeri","status":"publish","type":"product","link":"https:\/\/ceoparts.com\/tr\/urun\/150x50-60-25-denge-tekeri\/","title":{"rendered":"150&#215;50\/60-25 Denge Tekeri"},"content":{"rendered":"<p>150&#215;50\/60-25 Denge Tekeri<\/p>","protected":false},"excerpt":{"rendered":"<p data-start=\"88\" data-end=\"488\"><br data-start=\"93\" data-end=\"96\" \/><strong data-start=\"96\" data-end=\"125\">150\u00d750\/60-25 Denge Tekeri<\/strong>, forklift ve a\u011f\u0131r i\u015f makinelerinde dengeyi sa\u011flamak i\u00e7in kullan\u0131lan dayan\u0131kl\u0131 bir denge tekeridir. Sa\u011flam metal g\u00f6vde yap\u0131s\u0131 ve kau\u00e7uk veya poli\u00fcretan kaplamas\u0131 sayesinde uzun \u00f6m\u00fcrl\u00fc, sessiz ve g\u00fcvenilir bir kullan\u0131m sunar. End\u00fcstriyel ortamlarda m\u00fckemmel denge ve stabilite sa\u011flar. Lojistik, depo ve \u00fcretim tesislerinde yayg\u0131n olarak tercih edilen bir par\u00e7ad\u0131r.<\/p>\n<p data-start=\"490\" data-end=\"793\"><strong data-start=\"490\" data-end=\"504\">\u00d6zellikler<\/strong><br data-start=\"504\" data-end=\"507\" \/><strong data-start=\"507\" data-end=\"520\">\u00dcr\u00fcn Ad\u0131:<\/strong> 150\u00d750\/60-25 Denge Tekeri<br data-start=\"546\" data-end=\"549\" \/><strong data-start=\"549\" data-end=\"561\">Malzeme:<\/strong> Kau\u00e7uk veya poli\u00fcretan kaplama, sa\u011flam metal g\u00f6vde<br data-start=\"612\" data-end=\"615\" \/><strong data-start=\"615\" data-end=\"634\">Kullan\u0131m Alan\u0131:<\/strong> Forklift ve a\u011f\u0131r i\u015f makineleri dengeleme sistemleri<br data-start=\"686\" data-end=\"689\" \/><strong data-start=\"689\" data-end=\"701\">Avantaj:<\/strong> Y\u00fcksek dayan\u0131kl\u0131l\u0131k, uzun \u00f6m\u00fcr, sessiz \u00e7al\u0131\u015fma, m\u00fckemmel denge ve stabilite, kolay montaj<\/p>\n<hr data-start=\"795\" data-end=\"798\" \/>\n<p data-start=\"800\" data-end=\"1171\">\n","protected":false},"featured_media":17655,"template":"","meta":[],"product_brand":[],"product_cat":[185],"product_tag":[],"class_list":{"0":"post-8451","1":"product","2":"type-product","3":"status-publish","4":"has-post-thumbnail","6":"product_cat-denge-tekeri","8":"first","9":"instock","10":"taxable","11":"shipping-taxable","12":"purchasable","13":"product-type-simple"},"_links":{"self":[{"href":"https:\/\/ceoparts.com\/tr\/wp-json\/wp\/v2\/product\/8451","targetHints":{"allow":["GET"]}}],"collection":[{"href":"https:\/\/ceoparts.com\/tr\/wp-json\/wp\/v2\/product"}],"about":[{"href":"https:\/\/ceoparts.com\/tr\/wp-json\/wp\/v2\/types\/product"}],"wp:featuredmedia":[{"embeddable":true,"href":"https:\/\/ceoparts.com\/tr\/wp-json\/wp\/v2\/media\/17655"}],"wp:attachment":[{"href":"https:\/\/ceoparts.com\/tr\/wp-json\/wp\/v2\/media?parent=8451"}],"wp:term":[{"taxonomy":"product_brand","embeddable":true,"href":"https:\/\/ceoparts.com\/tr\/wp-json\/wp\/v2\/product_brand?post=8451"},{"taxonomy":"product_cat","embeddable":true,"href":"https:\/\/ceoparts.com\/tr\/wp-json\/wp\/v2\/product_cat?post=8451"},{"taxonomy":"product_tag","embeddable":true,"href":"https:\/\/ceoparts.com\/tr\/wp-json\/wp\/v2\/product_tag?post=8451"}],"curies":[{"name":"wp","href":"https:\/\/api.w.org\/{rel}","templated":true}]}}