{"id":8452,"date":"2021-02-15T12:18:48","date_gmt":"2021-02-15T09:18:48","guid":{"rendered":"https:\/\/ceoparts.com\/?post_type=product&#038;p=8452"},"modified":"2026-05-16T14:58:27","modified_gmt":"2026-05-16T11:58:27","slug":"150x54-60-20-denge-tekeri","status":"publish","type":"product","link":"https:\/\/ceoparts.com\/tr\/urun\/150x54-60-20-denge-tekeri\/","title":{"rendered":"150&#215;54\/60-20 Blickle Denge Tekeri &#8211; 1694817"},"content":{"rendered":"<p>150&#215;54\/60-20 Blickle Denge Tekeri &#8211; 1694817<\/p>\n<p><\/p>\n<div class=\"font12\">Hyster C456 (S 1.6 AC)<\/div>\n<div class=\"font12\"><\/div>\n<div class=\"font12\">EJC 12,5 \/ 9.92 &#8211; 7.93<br \/>\nEJC 12 \/ 9.92 &#8211; 7.93<br \/>\nEJC-L 10 \/ 5.93 &#8211; 7.93<br \/>\nEJC-L 10 \/ 5.94 &#8211; 6.96<br \/>\nEJC-Z 12,5\/16 \/ 7.94 &#8211; 6.96<br \/>\nEJC 08\/10 \/ 12.84 &#8211; 8.86<br \/>\nEJC 16 \/ 10.88 &#8211; 10.92<br \/>\nEJC 16 \/ 11.92 &#8211; 7.93<br \/>\nEJC-Z 12,5 \/ 10.88 &#8211; 12.92<br \/>\nEJC-Z 12,5 \/ 1.93 &#8211; 7.93<br \/>\nEJC-Z 16 \/ 1.93 &#8211; 7.93<br \/>\nEJC-L 10 \/ 7.96 &#8211; 9.97<br \/>\nEJC 14\/16 \/ 6.98 &#8211; 2.06<\/div>\n<div class=\"font12\"><\/div>\n<div class=\"font12\">EJD 20-4 \/ 5.94 \u2013 10.94<br \/>\nEJD 20-4 \/ 10.94 &#8211; 3.95<br \/>\nEJD 20-4 \/ 4.95 \u2013 12.01<\/div>\n<div class=\"font12\"><\/div>\n<div class=\"font12\">EJE 16-4 \/ 1.00 &#8211;<br \/>\nEJE 16-4 \/ 8.96 &#8211; 12.99<\/div>\n<div class=\"font12\"><\/div>\n<div class=\"font12\">ERC 12,5 \/ 7.88 &#8211; 9.94<br \/>\nERC 12,5 \/ 8.85 &#8211; 3.87<br \/>\nERC 12,5 \/ 4.87 &#8211; 6.88<\/div>\n<div class=\"font12\"><\/div>\n<div class=\"font12\">ERE 20 \/ 1.92 &#8211; 4.94<br \/>\nERE 20 \/ 5.94 &#8211; 6.97<br \/>\nERE 20 \/ 11.83 &#8211; 8.84<br \/>\nEMC 110\/ 10<\/div>\n<p><\/p>","protected":false},"excerpt":{"rendered":"<p data-start=\"106\" data-end=\"524\"><br data-start=\"111\" data-end=\"114\" \/><strong data-start=\"114\" data-end=\"151\">150\u00d754\/60-20 Blickle Denge Tekeri<\/strong>, forklift ve a\u011f\u0131r i\u015f makinelerinde denge sa\u011flamak amac\u0131yla kullan\u0131lan y\u00fcksek kaliteli bir denge tekeridir. Blickle markas\u0131n\u0131n dayan\u0131kl\u0131 kau\u00e7uk veya poli\u00fcretan kaplamas\u0131 sayesinde uzun \u00f6m\u00fcrl\u00fc ve sessiz kullan\u0131m sunar. Sa\u011flam metal g\u00f6vdesi ile end\u00fcstriyel ortamlarda m\u00fckemmel denge ve stabilite sa\u011flar. Lojistik, depo ve \u00fcretim tesislerinde s\u0131k\u00e7a tercih edilen bir par\u00e7ad\u0131r.<\/p>\n<p data-start=\"526\" data-end=\"863\"><strong data-start=\"526\" data-end=\"540\">\u00d6zellikler<\/strong><br data-start=\"540\" data-end=\"543\" \/><strong data-start=\"543\" data-end=\"556\">\u00dcr\u00fcn Ad\u0131:<\/strong> 150\u00d754\/60-20 Blickle Denge Tekeri<br data-start=\"590\" data-end=\"593\" \/><strong data-start=\"593\" data-end=\"608\">Par\u00e7a Kodu:<\/strong> 1694817<br data-start=\"616\" data-end=\"619\" \/><strong data-start=\"619\" data-end=\"631\">Malzeme:<\/strong> Kau\u00e7uk veya poli\u00fcretan kaplama, sa\u011flam metal g\u00f6vde<br data-start=\"682\" data-end=\"685\" \/><strong data-start=\"685\" data-end=\"704\">Kullan\u0131m Alan\u0131:<\/strong> Forklift ve a\u011f\u0131r i\u015f makineleri dengeleme sistemleri<br data-start=\"756\" data-end=\"759\" \/><strong data-start=\"759\" data-end=\"771\">Avantaj:<\/strong> Uzun \u00f6m\u00fcr, sessiz \u00e7al\u0131\u015fma, y\u00fcksek dayan\u0131kl\u0131l\u0131k, m\u00fckemmel denge ve stabilite, kolay montaj<\/p>\n<hr data-start=\"865\" data-end=\"868\" \/>\n<p data-start=\"870\" data-end=\"1260\">\n","protected":false},"featured_media":16050,"template":"","meta":[],"product_brand":[],"product_cat":[501,256,258,499,185],"product_tag":[],"class_list":{"0":"post-8452","1":"product","2":"type-product","3":"status-publish","4":"has-post-thumbnail","6":"product_cat-denge-tekeri-blickle","7":"product_cat-hyster","8":"product_cat-denge-tekeri-hyster","9":"product_cat-blickle","10":"product_cat-denge-tekeri","12":"first","13":"instock","14":"taxable","15":"shipping-taxable","16":"purchasable","17":"product-type-simple"},"_links":{"self":[{"href":"https:\/\/ceoparts.com\/tr\/wp-json\/wp\/v2\/product\/8452","targetHints":{"allow":["GET"]}}],"collection":[{"href":"https:\/\/ceoparts.com\/tr\/wp-json\/wp\/v2\/product"}],"about":[{"href":"https:\/\/ceoparts.com\/tr\/wp-json\/wp\/v2\/types\/product"}],"wp:featuredmedia":[{"embeddable":true,"href":"https:\/\/ceoparts.com\/tr\/wp-json\/wp\/v2\/media\/16050"}],"wp:attachment":[{"href":"https:\/\/ceoparts.com\/tr\/wp-json\/wp\/v2\/media?parent=8452"}],"wp:term":[{"taxonomy":"product_brand","embeddable":true,"href":"https:\/\/ceoparts.com\/tr\/wp-json\/wp\/v2\/product_brand?post=8452"},{"taxonomy":"product_cat","embeddable":true,"href":"https:\/\/ceoparts.com\/tr\/wp-json\/wp\/v2\/product_cat?post=8452"},{"taxonomy":"product_tag","embeddable":true,"href":"https:\/\/ceoparts.com\/tr\/wp-json\/wp\/v2\/product_tag?post=8452"}],"curies":[{"name":"wp","href":"https:\/\/api.w.org\/{rel}","templated":true}]}}