{"id":8454,"date":"2021-02-15T12:21:07","date_gmt":"2021-02-15T09:21:07","guid":{"rendered":"https:\/\/ceoparts.com\/?post_type=product&#038;p=8454"},"modified":"2026-05-02T17:47:32","modified_gmt":"2026-05-02T14:47:32","slug":"150x76-81-25-denge-tekeri","status":"publish","type":"product","link":"https:\/\/ceoparts.com\/tr\/urun\/150x76-81-25-denge-tekeri\/","title":{"rendered":"150&#215;76\/81-25 MSL Ose Denge Tekeri &#8211; 7509579, 210545, 7542704"},"content":{"rendered":"<p>150&#215;76\/81-25 MSL Ose Denge Tekeri &#8211; 7509579, 210545, 7542704<\/p>\n<p>OL 20<br \/>\nOL 25<\/p>\n<p>OS 1.0<br \/>\nOS 1.8 X OPUS<br \/>\nOS 2.0<br \/>\nOS 2.0 TRINKS<br \/>\nOS 3.0 OPUS<\/p>\n<p>OSE 120<br \/>\nOSE 120 IKEA<br \/>\nOSE 120 P<br \/>\nOSE 180 X<br \/>\nOSE 180 XP<br \/>\nOSE 250<br \/>\nOSE 250 P<\/p>","protected":false},"excerpt":{"rendered":"<p data-start=\"123\" data-end=\"601\"><br data-start=\"128\" data-end=\"131\" \/><strong data-start=\"131\" data-end=\"168\">150\u00d776\/81-25 MSL Ose Denge Tekeri<\/strong>, forklift ve a\u011f\u0131r i\u015f makinelerinde denge sa\u011flamak amac\u0131yla kullan\u0131lan y\u00fcksek dayan\u0131ml\u0131 bir denge tekeridir. MSL Ose markas\u0131n\u0131n kalite standartlar\u0131yla \u00fcretilen bu denge tekeri, sa\u011flam metal g\u00f6vdesi ve a\u015f\u0131nmaya kar\u015f\u0131 dayan\u0131kl\u0131 kau\u00e7uk veya poli\u00fcretan kaplamas\u0131 ile uzun \u00f6m\u00fcrl\u00fc ve sessiz bir kullan\u0131m sunar. End\u00fcstriyel ortamlarda m\u00fckemmel denge ve stabilite sa\u011flar. Lojistik, depo ve \u00fcretim tesislerinde s\u0131k tercih edilen bir par\u00e7ad\u0131r.<\/p>\n<p data-start=\"603\" data-end=\"973\"><strong data-start=\"603\" data-end=\"617\">\u00d6zellikler<\/strong><br data-start=\"617\" data-end=\"620\" \/><strong data-start=\"620\" data-end=\"633\">\u00dcr\u00fcn Ad\u0131:<\/strong> 150\u00d776\/81-25 MSL Ose Denge Tekeri<br data-start=\"667\" data-end=\"670\" \/><strong data-start=\"670\" data-end=\"685\">Par\u00e7a Kodu:<\/strong> 7509579, 210545, 7542704<br data-start=\"710\" data-end=\"713\" \/><strong data-start=\"713\" data-end=\"725\">Malzeme:<\/strong> A\u015f\u0131nmaya dayan\u0131kl\u0131 kau\u00e7uk\/poli\u00fcretan kaplama ve sa\u011flam metal g\u00f6vde<br data-start=\"792\" data-end=\"795\" \/><strong data-start=\"795\" data-end=\"814\">Kullan\u0131m Alan\u0131:<\/strong> Forklift ve a\u011f\u0131r i\u015f makineleri dengeleme sistemleri<br data-start=\"866\" data-end=\"869\" \/><strong data-start=\"869\" data-end=\"881\">Avantaj:<\/strong> Y\u00fcksek dayan\u0131kl\u0131l\u0131k, uzun \u00f6m\u00fcr, sessiz \u00e7al\u0131\u015fma, m\u00fckemmel denge ve stabilite, kolay montaj<\/p>\n<hr data-start=\"975\" data-end=\"978\" \/>\n<p data-start=\"980\" data-end=\"1431\">\n","protected":false},"featured_media":15101,"template":"","meta":[],"product_brand":[],"product_cat":[395,396,185],"product_tag":[],"class_list":{"0":"post-8454","1":"product","2":"type-product","3":"status-publish","4":"has-post-thumbnail","6":"product_cat-ceoparts","7":"product_cat-denge-tekeri-ceo","8":"product_cat-denge-tekeri","10":"first","11":"instock","12":"taxable","13":"shipping-taxable","14":"purchasable","15":"product-type-simple"},"_links":{"self":[{"href":"https:\/\/ceoparts.com\/tr\/wp-json\/wp\/v2\/product\/8454","targetHints":{"allow":["GET"]}}],"collection":[{"href":"https:\/\/ceoparts.com\/tr\/wp-json\/wp\/v2\/product"}],"about":[{"href":"https:\/\/ceoparts.com\/tr\/wp-json\/wp\/v2\/types\/product"}],"wp:featuredmedia":[{"embeddable":true,"href":"https:\/\/ceoparts.com\/tr\/wp-json\/wp\/v2\/media\/15101"}],"wp:attachment":[{"href":"https:\/\/ceoparts.com\/tr\/wp-json\/wp\/v2\/media?parent=8454"}],"wp:term":[{"taxonomy":"product_brand","embeddable":true,"href":"https:\/\/ceoparts.com\/tr\/wp-json\/wp\/v2\/product_brand?post=8454"},{"taxonomy":"product_cat","embeddable":true,"href":"https:\/\/ceoparts.com\/tr\/wp-json\/wp\/v2\/product_cat?post=8454"},{"taxonomy":"product_tag","embeddable":true,"href":"https:\/\/ceoparts.com\/tr\/wp-json\/wp\/v2\/product_tag?post=8454"}],"curies":[{"name":"wp","href":"https:\/\/api.w.org\/{rel}","templated":true}]}}