{"id":8459,"date":"2021-02-15T13:09:36","date_gmt":"2021-02-15T10:09:36","guid":{"rendered":"https:\/\/ceoparts.com\/?post_type=product&#038;p=8459"},"modified":"2026-05-16T17:28:10","modified_gmt":"2026-05-16T14:28:10","slug":"200x100-40-yuk-tekeri","status":"publish","type":"product","link":"https:\/\/ceoparts.com\/tr\/urun\/200x100-40-yuk-tekeri\/","title":{"rendered":"200&#215;100-40 Y\u00fck Tekeri"},"content":{"rendered":"<p>200&#215;100-40 Y\u00fck Tekeri<\/p>","protected":false},"excerpt":{"rendered":"<p data-start=\"93\" data-end=\"521\"><br data-start=\"98\" data-end=\"101\" \/><strong data-start=\"101\" data-end=\"126\">200\u00d7100-40 Y\u00fck Tekeri<\/strong>, forklift ve a\u011f\u0131r y\u00fck ta\u015f\u0131ma ekipmanlar\u0131nda kullan\u0131lan dayan\u0131kl\u0131 ve y\u00fcksek performansl\u0131 bir y\u00fck ta\u015f\u0131ma tekeridir. Sa\u011flam metal g\u00f6vdesi ve a\u015f\u0131nmaya dayan\u0131kl\u0131 kau\u00e7uk veya poli\u00fcretan kaplamas\u0131 ile uzun \u00f6m\u00fcrl\u00fc ve sessiz kullan\u0131m sa\u011flar. Zorlu \u00e7al\u0131\u015fma ko\u015fullar\u0131nda y\u00fcksek denge, y\u00fck ta\u015f\u0131ma kapasitesi ve manevra kabiliyeti sunar. Lojistik, \u00fcretim ve end\u00fcstriyel tesislerde yayg\u0131n \u015fekilde kullan\u0131l\u0131r.<\/p>\n<p data-start=\"523\" data-end=\"807\"><strong data-start=\"523\" data-end=\"537\">\u00d6zellikler<\/strong><br data-start=\"537\" data-end=\"540\" \/><strong data-start=\"540\" data-end=\"553\">\u00dcr\u00fcn Ad\u0131:<\/strong> 200\u00d7100-40 Y\u00fck Tekeri<br data-start=\"575\" data-end=\"578\" \/><strong data-start=\"578\" data-end=\"590\">Malzeme:<\/strong> A\u015f\u0131nmaya dayan\u0131kl\u0131 kau\u00e7uk\/poli\u00fcretan kaplama ve sa\u011flam metal g\u00f6vde<br data-start=\"657\" data-end=\"660\" \/><strong data-start=\"660\" data-end=\"679\">Kullan\u0131m Alan\u0131:<\/strong> Forklift ve a\u011f\u0131r y\u00fck ta\u015f\u0131ma sistemleri<br data-start=\"718\" data-end=\"721\" \/><strong data-start=\"721\" data-end=\"733\">Avantaj:<\/strong> Y\u00fcksek dayan\u0131kl\u0131l\u0131k, sessiz ve dengeli \u00e7al\u0131\u015fma, uzun \u00f6m\u00fcr, kolay montaj<\/p>\n<hr data-start=\"809\" data-end=\"812\" \/>\n<p data-start=\"814\" data-end=\"1217\">\n","protected":false},"featured_media":17662,"template":"","meta":[],"product_brand":[],"product_cat":[194],"product_tag":[],"class_list":{"0":"post-8459","1":"product","2":"type-product","3":"status-publish","4":"has-post-thumbnail","6":"product_cat-yuk-tekeri","8":"first","9":"instock","10":"taxable","11":"shipping-taxable","12":"purchasable","13":"product-type-simple"},"_links":{"self":[{"href":"https:\/\/ceoparts.com\/tr\/wp-json\/wp\/v2\/product\/8459","targetHints":{"allow":["GET"]}}],"collection":[{"href":"https:\/\/ceoparts.com\/tr\/wp-json\/wp\/v2\/product"}],"about":[{"href":"https:\/\/ceoparts.com\/tr\/wp-json\/wp\/v2\/types\/product"}],"wp:featuredmedia":[{"embeddable":true,"href":"https:\/\/ceoparts.com\/tr\/wp-json\/wp\/v2\/media\/17662"}],"wp:attachment":[{"href":"https:\/\/ceoparts.com\/tr\/wp-json\/wp\/v2\/media?parent=8459"}],"wp:term":[{"taxonomy":"product_brand","embeddable":true,"href":"https:\/\/ceoparts.com\/tr\/wp-json\/wp\/v2\/product_brand?post=8459"},{"taxonomy":"product_cat","embeddable":true,"href":"https:\/\/ceoparts.com\/tr\/wp-json\/wp\/v2\/product_cat?post=8459"},{"taxonomy":"product_tag","embeddable":true,"href":"https:\/\/ceoparts.com\/tr\/wp-json\/wp\/v2\/product_tag?post=8459"}],"curies":[{"name":"wp","href":"https:\/\/api.w.org\/{rel}","templated":true}]}}