{"id":8460,"date":"2021-02-15T13:15:27","date_gmt":"2021-02-15T10:15:27","guid":{"rendered":"https:\/\/ceoparts.com\/?post_type=product&#038;p=8460"},"modified":"2026-05-16T15:13:43","modified_gmt":"2026-05-16T12:13:43","slug":"230x85-o80x25mm-yuk-tekeri","status":"publish","type":"product","link":"https:\/\/ceoparts.com\/tr\/urun\/230x85-o80x25mm-yuk-tekeri\/","title":{"rendered":"230&#215;85-40 Stellana Vulkollan Y\u00fck Tekeri &#8211; 50440384, 51758809"},"content":{"rendered":"<p>230&#215;85-40 Stellana Vulkollan Y\u00fck Tekeri &#8211; 50440384, 51758809<\/p>\n<p>Jungheinrich<\/p>\n<p>ETV 110\/112\u00a011.05 &#8211; 6.14<br \/>\nETV 110\/112 (US)\u00a01.11 &#8211; 6.14<br \/>\nETM\/V 214-325 Cab\u00a09.11 &#8211;<br \/>\nETV 110\/112 (CN)\u00a012.11 &#8211; 6.14<br \/>\nETV 110\/112\u00a05.14 &#8211;<br \/>\nETV 110\/112 (US)\u00a05.14 &#8211;<br \/>\nETV 110\/112 (CN)\u00a05.14 &#8211;<br \/>\nReach trucks\u00a07.13 &#8211;<br \/>\nET 210-212 2021\u00a02.22 &#8211;<br \/>\nET 210-212 2021 (US)\u00a02.22 &#8211;<br \/>\nET 210-212 2021 (CN)\u00a02.22 &#8211;<\/p>","protected":false},"excerpt":{"rendered":"<p data-start=\"123\" data-end=\"621\"><br data-start=\"128\" data-end=\"131\" \/><strong data-start=\"131\" data-end=\"174\">230\u00d785-40 Stellana Vulkollan Y\u00fck Tekeri<\/strong>, forklift ve a\u011f\u0131r y\u00fck ta\u015f\u0131ma ekipmanlar\u0131 i\u00e7in \u00f6zel olarak tasarlanm\u0131\u015f dayan\u0131kl\u0131 ve y\u00fcksek performansl\u0131 bir y\u00fck tekeridir. Vulkollan kaplama sayesinde y\u00fcksek a\u015f\u0131nma direnci ve m\u00fckemmel darbe emilimi sa\u011flar. Bu sayede uzun \u00f6m\u00fcrl\u00fc kullan\u0131m ve sessiz \u00e7al\u0131\u015fma avantaj\u0131 sunar. Sa\u011flam yap\u0131s\u0131 forkliftlerin stabilitesini art\u0131r\u0131rken, zorlu end\u00fcstriyel ko\u015fullarda \u00fcst\u00fcn performans g\u00f6sterir. Lojistik, \u00fcretim ve a\u011f\u0131r sanayi alanlar\u0131 i\u00e7in ideal bir \u00e7\u00f6z\u00fcmd\u00fcr.<\/p>\n<p data-start=\"623\" data-end=\"952\"><strong data-start=\"623\" data-end=\"637\">\u00d6zellikler<\/strong><br data-start=\"637\" data-end=\"640\" \/><strong data-start=\"640\" data-end=\"653\">\u00dcr\u00fcn Ad\u0131:<\/strong> 230\u00d785-40 Stellana Vulkollan Y\u00fck Tekeri<br data-start=\"693\" data-end=\"696\" \/><strong data-start=\"696\" data-end=\"711\">Par\u00e7a Kodu:<\/strong> 50440384, 51758809<br data-start=\"730\" data-end=\"733\" \/><strong data-start=\"733\" data-end=\"745\">Malzeme:<\/strong> Vulkollan kaplama ve sa\u011flam metal g\u00f6vde<br data-start=\"785\" data-end=\"788\" \/><strong data-start=\"788\" data-end=\"807\">Kullan\u0131m Alan\u0131:<\/strong> Forklift ve a\u011f\u0131r y\u00fck ta\u015f\u0131ma sistemleri<br data-start=\"846\" data-end=\"849\" \/><strong data-start=\"849\" data-end=\"861\">Avantaj:<\/strong> Y\u00fcksek a\u015f\u0131nma direnci, \u00fcst\u00fcn darbe emilimi, sessiz ve uzun \u00f6m\u00fcrl\u00fc kullan\u0131m, kolay montaj<\/p>\n<hr data-start=\"954\" data-end=\"957\" \/>\n<p data-start=\"959\" data-end=\"1458\">\n","protected":false},"featured_media":11007,"template":"","meta":[],"product_brand":[],"product_cat":[236,240,416,419,194],"product_tag":[],"class_list":{"0":"post-8460","1":"product","2":"type-product","3":"status-publish","4":"has-post-thumbnail","6":"product_cat-jungheinrich","7":"product_cat-yuk-tekeri-jungheinrich","8":"product_cat-stellana","9":"product_cat-yuk-tekeri-stellana","10":"product_cat-yuk-tekeri","12":"first","13":"instock","14":"taxable","15":"shipping-taxable","16":"purchasable","17":"product-type-simple"},"_links":{"self":[{"href":"https:\/\/ceoparts.com\/tr\/wp-json\/wp\/v2\/product\/8460","targetHints":{"allow":["GET"]}}],"collection":[{"href":"https:\/\/ceoparts.com\/tr\/wp-json\/wp\/v2\/product"}],"about":[{"href":"https:\/\/ceoparts.com\/tr\/wp-json\/wp\/v2\/types\/product"}],"wp:featuredmedia":[{"embeddable":true,"href":"https:\/\/ceoparts.com\/tr\/wp-json\/wp\/v2\/media\/11007"}],"wp:attachment":[{"href":"https:\/\/ceoparts.com\/tr\/wp-json\/wp\/v2\/media?parent=8460"}],"wp:term":[{"taxonomy":"product_brand","embeddable":true,"href":"https:\/\/ceoparts.com\/tr\/wp-json\/wp\/v2\/product_brand?post=8460"},{"taxonomy":"product_cat","embeddable":true,"href":"https:\/\/ceoparts.com\/tr\/wp-json\/wp\/v2\/product_cat?post=8460"},{"taxonomy":"product_tag","embeddable":true,"href":"https:\/\/ceoparts.com\/tr\/wp-json\/wp\/v2\/product_tag?post=8460"}],"curies":[{"name":"wp","href":"https:\/\/api.w.org\/{rel}","templated":true}]}}