{"id":8463,"date":"2021-02-15T13:38:38","date_gmt":"2021-02-15T10:38:38","guid":{"rendered":"https:\/\/ceoparts.com\/?post_type=product&#038;p=8463"},"modified":"2026-05-03T07:55:37","modified_gmt":"2026-05-03T04:55:37","slug":"285x85-yuk-tekeri","status":"publish","type":"product","link":"https:\/\/ceoparts.com\/tr\/urun\/285x85-yuk-tekeri\/","title":{"rendered":"285&#215;85-75 Stellana Vulkollan Y\u00fck Tekeri &#8211; 215806"},"content":{"rendered":"<p>285&#215;85-75 Stellana Vulkollan Y\u00fck Tekeri &#8211; 215806<\/p>\n<p>BT,Toyota 280&#215;85\/75\u00a0 215806<\/p>\n<p>RR B1-B3 REFLEX AC<\/p>\n<p>RR B1CC-3CC<\/p>\n<p>RR E1-E3 REFLEX AC<\/p>\n<p>RR E1CC-E3CC<\/p>\n<p>RR M12 REFLEX<\/p>\n<p>RR M12C REFLEX<\/p>\n<p>RR M14 REFLEX<\/p>\n<p>RR M14 C\u00a0REFLEX<\/p>\n<p>RR M16 REFLEX<\/p>\n<p>RR M16C REFLEX<\/p>\n<p>RRE120M<\/p>\n<p>RRE140M\/MC\/160M\/MC<\/p>","protected":false},"excerpt":{"rendered":"<p data-start=\"131\" data-end=\"1063\"><br data-start=\"136\" data-end=\"139\" \/>285\u00d785-75 Stellana Vulkollan Y\u00fck Tekeri, \u00f6zellikle forklift ve istif makinelerinde a\u011f\u0131r y\u00fck ta\u015f\u0131ma uygulamalar\u0131 i\u00e7in tasarlanm\u0131\u015f y\u00fcksek performansl\u0131 end\u00fcstriyel y\u00fck tekerle\u011fidir. Stellana markas\u0131n\u0131n Vulkollan kaplama teknolojisi sayesinde, \u00fcst\u00fcn a\u015f\u0131nma direnci ve darbe emici \u00f6zellik sunar. Y\u00fcksek ta\u015f\u0131ma kapasitesi ile a\u011f\u0131r y\u00fck alt\u0131nda denge ve manevra kabiliyeti sa\u011flar. Sessiz ve iz b\u0131rakmayan yap\u0131s\u0131yla depo, fabrika, lojistik ve end\u00fcstriyel alanlarda uzun \u00f6m\u00fcrl\u00fc ve g\u00fcvenli kullan\u0131m imkan\u0131 sunar. \u00c7e\u015fitli zemin t\u00fcrlerinde stabil performans sergileyerek makine verimlili\u011fini art\u0131r\u0131r.<br data-start=\"726\" data-end=\"729\" \/><strong data-start=\"729\" data-end=\"744\">\u00d6zellikler:<\/strong><br data-start=\"744\" data-end=\"747\" \/><strong data-start=\"747\" data-end=\"760\">\u00dcr\u00fcn Ad\u0131:<\/strong> 285\u00d785-75 Stellana Vulkollan Y\u00fck Tekeri<br data-start=\"800\" data-end=\"803\" \/><strong data-start=\"803\" data-end=\"818\">Par\u00e7a Kodu:<\/strong> 215806<br data-start=\"825\" data-end=\"828\" \/><strong data-start=\"828\" data-end=\"840\">Malzeme:<\/strong> Vulkollan kaplama, y\u00fcksek mukavemetli \u00e7ekirdek<br data-start=\"887\" data-end=\"890\" \/><strong data-start=\"890\" data-end=\"909\">Kullan\u0131m Alan\u0131:<\/strong> Forklift ve istif makinesi y\u00fck ta\u015f\u0131ma sistemleri<br data-start=\"958\" data-end=\"961\" \/><strong data-start=\"961\" data-end=\"973\">Avantaj:<\/strong> \u00dcst\u00fcn a\u015f\u0131nma ve darbe direnci, y\u00fcksek ta\u015f\u0131ma kapasitesi, sessiz ve uzun \u00f6m\u00fcrl\u00fc kullan\u0131m<\/p>\n<p data-start=\"1065\" data-end=\"1981\">\n","protected":false},"featured_media":11553,"template":"","meta":[],"product_brand":[],"product_cat":[521,528,251,255,416,419,194],"product_tag":[],"class_list":{"0":"post-8463","1":"product","2":"type-product","3":"status-publish","4":"has-post-thumbnail","6":"product_cat-toyota","7":"product_cat-yuk-tekeri-toyota","8":"product_cat-bt","9":"product_cat-yuk-tekeri-bt","10":"product_cat-stellana","11":"product_cat-yuk-tekeri-stellana","12":"product_cat-yuk-tekeri","14":"first","15":"instock","16":"taxable","17":"shipping-taxable","18":"purchasable","19":"product-type-simple"},"_links":{"self":[{"href":"https:\/\/ceoparts.com\/tr\/wp-json\/wp\/v2\/product\/8463","targetHints":{"allow":["GET"]}}],"collection":[{"href":"https:\/\/ceoparts.com\/tr\/wp-json\/wp\/v2\/product"}],"about":[{"href":"https:\/\/ceoparts.com\/tr\/wp-json\/wp\/v2\/types\/product"}],"wp:featuredmedia":[{"embeddable":true,"href":"https:\/\/ceoparts.com\/tr\/wp-json\/wp\/v2\/media\/11553"}],"wp:attachment":[{"href":"https:\/\/ceoparts.com\/tr\/wp-json\/wp\/v2\/media?parent=8463"}],"wp:term":[{"taxonomy":"product_brand","embeddable":true,"href":"https:\/\/ceoparts.com\/tr\/wp-json\/wp\/v2\/product_brand?post=8463"},{"taxonomy":"product_cat","embeddable":true,"href":"https:\/\/ceoparts.com\/tr\/wp-json\/wp\/v2\/product_cat?post=8463"},{"taxonomy":"product_tag","embeddable":true,"href":"https:\/\/ceoparts.com\/tr\/wp-json\/wp\/v2\/product_tag?post=8463"}],"curies":[{"name":"wp","href":"https:\/\/api.w.org\/{rel}","templated":true}]}}