{"id":8474,"date":"2021-02-15T14:46:07","date_gmt":"2021-02-15T11:46:07","guid":{"rendered":"https:\/\/ceoparts.com\/?post_type=product&#038;p=8474"},"modified":"2026-05-16T16:07:46","modified_gmt":"2026-05-16T13:07:46","slug":"350x100-40-yuk-tekeri","status":"publish","type":"product","link":"https:\/\/ceoparts.com\/tr\/urun\/350x100-40-yuk-tekeri\/","title":{"rendered":"350&#215;100-40 Wicke Vulkollan Y\u00fck Tekeri &#8211; 0009903911"},"content":{"rendered":"<p>350&#215;100-40 Wicke Vulkollan Y\u00fck Tekeri &#8211; 0009903911<\/p>\n<p>350&#215;100-40 Still Linde 0009903911<\/p>\n<p>Stellana Vulkollan OEM \/ Produkt oryginalny<\/p>\n<p>&nbsp;<\/p>\n<table border=\"0\" width=\"380\" cellspacing=\"0\" cellpadding=\"0\">\n<colgroup>\n<col width=\"206\" \/>\n<col width=\"174\" \/><\/colgroup>\n<tbody>\n<tr>\n<td class=\"xl65\" width=\"206\" height=\"20\"><span style=\"font-family: Calibri;\">1120<\/span><\/td>\n<td width=\"174\"><span style=\"font-family: Calibri;\">R10\/12\/14\/16\/20\/25<\/span><\/td>\n<\/tr>\n<\/tbody>\n<\/table>\n<p>&nbsp;<\/p>\n<p>Still FM-X<\/p>","protected":false},"excerpt":{"rendered":"<p data-start=\"131\" data-end=\"1011\"><br data-start=\"136\" data-end=\"139\" \/>350&#215;100-40 Wicke Y\u00fck Tekeri, forklift ve a\u011f\u0131r y\u00fck ta\u015f\u0131ma ekipmanlar\u0131 i\u00e7in tasarlanm\u0131\u015f dayan\u0131kl\u0131 ve y\u00fcksek performansl\u0131 bir y\u00fck tekeridir.350\u00a0 mm \u00e7ap ve 100 mm geni\u015flik \u00f6l\u00e7\u00fcs\u00fc, y\u00fcksek y\u00fck ta\u015f\u0131ma kapasitesi ve dengeli destek sa\u011flar. Wicke\u2019nin kaliteli poli\u00fcretan kaplamas\u0131, a\u015f\u0131nmaya ve kimyasal etkilere kar\u015f\u0131 \u00fcst\u00fcn diren\u00e7 sunarken, sa\u011flam metal g\u00f6vdesi uzun \u00f6m\u00fcrl\u00fc kullan\u0131m garantiler. Y\u00fcr\u00fcy\u00fc\u015f ve ta\u015f\u0131ma esnas\u0131nda makinenin stabilitesini art\u0131rarak operasyonel verimlili\u011fi y\u00fckseltir. Depo, lojistik ve end\u00fcstriyel uygulamalarda tercih edilen g\u00fcvenilir bir \u00fcr\u00fcnd\u00fcr.<br data-start=\"698\" data-end=\"701\" \/><strong data-start=\"701\" data-end=\"716\">\u00d6zellikler:<\/strong><br data-start=\"716\" data-end=\"719\" \/><strong data-start=\"719\" data-end=\"732\">\u00dcr\u00fcn Ad\u0131:<\/strong> 350&#215;100-40 Wicke Y\u00fck Tekeri<br data-start=\"757\" data-end=\"760\" \/><strong data-start=\"760\" data-end=\"778\">Par\u00e7a Kodlar\u0131:<\/strong> 0009903911<br data-start=\"801\" data-end=\"804\" \/><strong data-start=\"804\" data-end=\"816\">Malzeme:<\/strong> Poli\u00fcretan kaplama, metal g\u00f6vde<br data-start=\"848\" data-end=\"851\" \/><strong data-start=\"851\" data-end=\"870\">Kullan\u0131m Alan\u0131:<\/strong> Forklift ve a\u011f\u0131r y\u00fck ta\u015f\u0131ma ekipmanlar\u0131<br data-start=\"910\" data-end=\"913\" \/><strong data-start=\"913\" data-end=\"925\">Avantaj:<\/strong> Y\u00fcksek dayan\u0131kl\u0131l\u0131k, \u00fcst\u00fcn a\u015f\u0131nma ve kimyasal diren\u00e7, geni\u015f destek alan\u0131, uzun \u00f6m\u00fcr<\/p>\n<p data-start=\"1013\" data-end=\"1884\">\n","protected":false},"featured_media":11066,"template":"","meta":[],"product_brand":[],"product_cat":[241,245,246,250,405,194],"product_tag":[],"class_list":{"0":"post-8474","1":"product","2":"type-product","3":"status-publish","4":"has-post-thumbnail","6":"product_cat-still","7":"product_cat-yuk-tekeri-still","8":"product_cat-linde","9":"product_cat-yuk-tekeri-linde","10":"product_cat-yuk-tekeri-wicke","11":"product_cat-yuk-tekeri","13":"first","14":"instock","15":"taxable","16":"shipping-taxable","17":"purchasable","18":"product-type-simple"},"_links":{"self":[{"href":"https:\/\/ceoparts.com\/tr\/wp-json\/wp\/v2\/product\/8474","targetHints":{"allow":["GET"]}}],"collection":[{"href":"https:\/\/ceoparts.com\/tr\/wp-json\/wp\/v2\/product"}],"about":[{"href":"https:\/\/ceoparts.com\/tr\/wp-json\/wp\/v2\/types\/product"}],"wp:featuredmedia":[{"embeddable":true,"href":"https:\/\/ceoparts.com\/tr\/wp-json\/wp\/v2\/media\/11066"}],"wp:attachment":[{"href":"https:\/\/ceoparts.com\/tr\/wp-json\/wp\/v2\/media?parent=8474"}],"wp:term":[{"taxonomy":"product_brand","embeddable":true,"href":"https:\/\/ceoparts.com\/tr\/wp-json\/wp\/v2\/product_brand?post=8474"},{"taxonomy":"product_cat","embeddable":true,"href":"https:\/\/ceoparts.com\/tr\/wp-json\/wp\/v2\/product_cat?post=8474"},{"taxonomy":"product_tag","embeddable":true,"href":"https:\/\/ceoparts.com\/tr\/wp-json\/wp\/v2\/product_tag?post=8474"}],"curies":[{"name":"wp","href":"https:\/\/api.w.org\/{rel}","templated":true}]}}