{"id":8475,"date":"2021-02-15T15:17:55","date_gmt":"2021-02-15T12:17:55","guid":{"rendered":"https:\/\/ceoparts.com\/?post_type=product&#038;p=8475"},"modified":"2026-05-16T18:09:48","modified_gmt":"2026-05-16T15:09:48","slug":"211x70-yuruyus-tekeri","status":"publish","type":"product","link":"https:\/\/ceoparts.com\/tr\/urun\/211x70-yuruyus-tekeri\/","title":{"rendered":"211&#215;70 Y\u00fcr\u00fcy\u00fc\u015f Tekeri"},"content":{"rendered":"<p>211&#215;70 Y\u00fcr\u00fcy\u00fc\u015f Tekeri<\/p>","protected":false},"excerpt":{"rendered":"<p data-start=\"102\" data-end=\"841\"><br data-start=\"107\" data-end=\"110\" \/>211\u00d770 Y\u00fcr\u00fcy\u00fc\u015f Tekeri, forklift ve istif makineleri i\u00e7in \u00f6zel olarak tasarlanm\u0131\u015f dayan\u0131kl\u0131 bir y\u00fcr\u00fcy\u00fc\u015f tekeridir. 211 mm \u00e7ap ve 70 mm geni\u015flik \u00f6l\u00e7\u00fcs\u00fc, makinenin hareket kabiliyetini art\u0131r\u0131rken y\u00fcksek y\u00fck ta\u015f\u0131ma kapasitesi sunar. Sa\u011flam yap\u0131s\u0131 ve kaliteli malzemesi sayesinde uzun \u00f6m\u00fcrl\u00fc kullan\u0131m sa\u011flar. Poli\u00fcretan kaplama sayesinde hem a\u015f\u0131nmaya kar\u015f\u0131 diren\u00e7li hem de zemin \u00fczerinde sessiz \u00e7al\u0131\u015f\u0131r. End\u00fcstriyel ortamlarda, depo ve lojistik alanlar\u0131nda g\u00fcvenle tercih edilir.<br data-start=\"584\" data-end=\"587\" \/><strong data-start=\"587\" data-end=\"602\">\u00d6zellikler:<\/strong><br data-start=\"602\" data-end=\"605\" \/><strong data-start=\"605\" data-end=\"618\">\u00dcr\u00fcn Ad\u0131:<\/strong> 211\u00d770 Y\u00fcr\u00fcy\u00fc\u015f Tekeri<br data-start=\"640\" data-end=\"643\" \/><strong data-start=\"643\" data-end=\"655\">Malzeme:<\/strong> Poli\u00fcretan kaplama, dayan\u0131kl\u0131 metal \u00e7ekirdek<br data-start=\"700\" data-end=\"703\" \/><strong data-start=\"703\" data-end=\"722\">Kullan\u0131m Alan\u0131:<\/strong> Forklift ve istif makineleri<br data-start=\"751\" data-end=\"754\" \/><strong data-start=\"754\" data-end=\"766\">Avantaj:<\/strong> Y\u00fcksek dayan\u0131kl\u0131l\u0131k, sessiz \u00e7al\u0131\u015fma, uzun \u00f6m\u00fcr, y\u00fcksek ta\u015f\u0131ma kapasitesi<\/p>\n<p data-start=\"843\" data-end=\"1559\">\n","protected":false},"featured_media":17666,"template":"","meta":[],"product_brand":[],"product_cat":[193],"product_tag":[],"class_list":{"0":"post-8475","1":"product","2":"type-product","3":"status-publish","4":"has-post-thumbnail","6":"product_cat-yuruyus-tekeri","8":"first","9":"instock","10":"taxable","11":"shipping-taxable","12":"purchasable","13":"product-type-simple"},"_links":{"self":[{"href":"https:\/\/ceoparts.com\/tr\/wp-json\/wp\/v2\/product\/8475","targetHints":{"allow":["GET"]}}],"collection":[{"href":"https:\/\/ceoparts.com\/tr\/wp-json\/wp\/v2\/product"}],"about":[{"href":"https:\/\/ceoparts.com\/tr\/wp-json\/wp\/v2\/types\/product"}],"wp:featuredmedia":[{"embeddable":true,"href":"https:\/\/ceoparts.com\/tr\/wp-json\/wp\/v2\/media\/17666"}],"wp:attachment":[{"href":"https:\/\/ceoparts.com\/tr\/wp-json\/wp\/v2\/media?parent=8475"}],"wp:term":[{"taxonomy":"product_brand","embeddable":true,"href":"https:\/\/ceoparts.com\/tr\/wp-json\/wp\/v2\/product_brand?post=8475"},{"taxonomy":"product_cat","embeddable":true,"href":"https:\/\/ceoparts.com\/tr\/wp-json\/wp\/v2\/product_cat?post=8475"},{"taxonomy":"product_tag","embeddable":true,"href":"https:\/\/ceoparts.com\/tr\/wp-json\/wp\/v2\/product_tag?post=8475"}],"curies":[{"name":"wp","href":"https:\/\/api.w.org\/{rel}","templated":true}]}}