{"id":8479,"date":"2021-02-15T15:41:54","date_gmt":"2021-02-15T12:41:54","guid":{"rendered":"https:\/\/ceoparts.com\/?post_type=product&#038;p=8479"},"modified":"2026-05-16T10:58:21","modified_gmt":"2026-05-16T07:58:21","slug":"406x178-110-12-185-235-160-yuruyus-tekeri","status":"publish","type":"product","link":"https:\/\/ceoparts.com\/tr\/urun\/406x178-110-12-185-235-160-yuruyus-tekeri\/","title":{"rendered":"406&#215;178-110 12 18,5\/23,5 160 Y\u00fcr\u00fcy\u00fc\u015f Tekeri"},"content":{"rendered":"<p>406&#215;178-110 12 18,5\/23,5 160 Y\u00fcr\u00fcy\u00fc\u015f Tekeri<\/p>","protected":false},"excerpt":{"rendered":"<p data-start=\"107\" data-end=\"602\"><br data-start=\"112\" data-end=\"115\" \/>Forklift ve i\u015f makineleri i\u00e7in tasarlanm\u0131\u015f <strong data-start=\"158\" data-end=\"205\">406\u00d7178-110 12 18,5\/23,5 160 Y\u00fcr\u00fcy\u00fc\u015f Tekeri<\/strong>, a\u011f\u0131r i\u015f ko\u015fullar\u0131na dayan\u0131kl\u0131 olarak \u00fcretilmi\u015ftir. Geni\u015f y\u00fczeyi ve 160 mm jant \u00e7ap\u0131 ile y\u00fcksek ta\u015f\u0131ma kapasitesi sa\u011flar. 12 tipi yap\u0131s\u0131 ve 18,5\/23,5 \u00f6l\u00e7\u00fcleri ile makinenizin dengeli ve g\u00fcvenli hareket etmesine yard\u0131mc\u0131 olur. Dayan\u0131kl\u0131 kau\u00e7uk malzeme ve sa\u011flam metal g\u00f6vde, titre\u015fimleri azaltarak operat\u00f6r konforunu art\u0131r\u0131r. Uzun \u00f6m\u00fcrl\u00fc ve kolay bak\u0131m \u00f6zellikleriyle i\u015f verimlili\u011finizi destekler.<\/p>\n<p data-start=\"604\" data-end=\"933\"><strong data-start=\"604\" data-end=\"618\">\u00d6zellikler<\/strong><br data-start=\"618\" data-end=\"621\" \/><strong data-start=\"621\" data-end=\"634\">\u00dcr\u00fcn Ad\u0131:<\/strong> 12 18,5\/23,5 160 Y\u00fcr\u00fcy\u00fc\u015f Tekeri<br data-start=\"666\" data-end=\"669\" \/><strong data-start=\"669\" data-end=\"679\">Boyut:<\/strong> 406\u00d7178-110<br data-start=\"691\" data-end=\"694\" \/><strong data-start=\"694\" data-end=\"702\">Tip:<\/strong> 12<br data-start=\"705\" data-end=\"708\" \/><strong data-start=\"708\" data-end=\"722\">Jant \u00c7ap\u0131:<\/strong> 160 mm<br data-start=\"729\" data-end=\"732\" \/><strong data-start=\"732\" data-end=\"744\">Malzeme:<\/strong> Dayan\u0131kl\u0131 kau\u00e7uk, metal g\u00f6vde<br data-start=\"774\" data-end=\"777\" \/><strong data-start=\"777\" data-end=\"796\">Kullan\u0131m Alan\u0131:<\/strong> Forklift ve i\u015f makineleri y\u00fcr\u00fcy\u00fc\u015f sistemi<br data-start=\"838\" data-end=\"841\" \/><strong data-start=\"841\" data-end=\"853\">Avantaj:<\/strong> Y\u00fcksek ta\u015f\u0131ma kapasitesi, titre\u015fim azaltma, uzun \u00f6m\u00fcr, stabilite, kolay bak\u0131m<\/p>\n<p data-start=\"935\" data-end=\"1413\">\n","protected":false},"featured_media":17675,"template":"","meta":[],"product_brand":[],"product_cat":[193],"product_tag":[],"class_list":{"0":"post-8479","1":"product","2":"type-product","3":"status-publish","4":"has-post-thumbnail","6":"product_cat-yuruyus-tekeri","8":"first","9":"instock","10":"taxable","11":"shipping-taxable","12":"purchasable","13":"product-type-simple"},"_links":{"self":[{"href":"https:\/\/ceoparts.com\/tr\/wp-json\/wp\/v2\/product\/8479","targetHints":{"allow":["GET"]}}],"collection":[{"href":"https:\/\/ceoparts.com\/tr\/wp-json\/wp\/v2\/product"}],"about":[{"href":"https:\/\/ceoparts.com\/tr\/wp-json\/wp\/v2\/types\/product"}],"wp:featuredmedia":[{"embeddable":true,"href":"https:\/\/ceoparts.com\/tr\/wp-json\/wp\/v2\/media\/17675"}],"wp:attachment":[{"href":"https:\/\/ceoparts.com\/tr\/wp-json\/wp\/v2\/media?parent=8479"}],"wp:term":[{"taxonomy":"product_brand","embeddable":true,"href":"https:\/\/ceoparts.com\/tr\/wp-json\/wp\/v2\/product_brand?post=8479"},{"taxonomy":"product_cat","embeddable":true,"href":"https:\/\/ceoparts.com\/tr\/wp-json\/wp\/v2\/product_cat?post=8479"},{"taxonomy":"product_tag","embeddable":true,"href":"https:\/\/ceoparts.com\/tr\/wp-json\/wp\/v2\/product_tag?post=8479"}],"curies":[{"name":"wp","href":"https:\/\/api.w.org\/{rel}","templated":true}]}}