{"id":8480,"date":"2021-02-15T15:45:49","date_gmt":"2021-02-15T12:45:49","guid":{"rendered":"https:\/\/ceoparts.com\/?post_type=product&#038;p=8480"},"modified":"2026-05-16T17:33:50","modified_gmt":"2026-05-16T14:33:50","slug":"400x160-110-10b-155-24-145-yuruyus-tekeri","status":"publish","type":"product","link":"https:\/\/ceoparts.com\/tr\/urun\/400x160-110-10b-155-24-145-yuruyus-tekeri\/","title":{"rendered":"400&#215;160-110 10B Rader Vogel Y\u00fcr\u00fcy\u00fc\u015f Tekeri &#8211; 51356844, 51701139"},"content":{"rendered":"<p>400&#215;160-110 10B Rader Vogel Y\u00fcr\u00fcy\u00fc\u015f Tekeri &#8211; 51356844, 51701139<\/p>\n<p>Jungheinrich 51356844, 51701139<\/p>\n<p>Reach trucks\u00a07.13 &#8211;<br \/>\nEKX 514\/516 (2015)\u00a09.15 &#8211;<br \/>\nEKX 514\/516 (2015) (US)\u00a09.15 &#8211;<\/p>","protected":false},"excerpt":{"rendered":"<p data-start=\"127\" data-end=\"672\"><br data-start=\"132\" data-end=\"135\" \/>Forklift ve i\u015f makineleri i\u00e7in tasarlanm\u0131\u015f <strong data-start=\"178\" data-end=\"245\">400\u00d7160-110 10B Rader Vogel Y\u00fcr\u00fcy\u00fc\u015f Tekeri \u2013 51356844, 51701139<\/strong>, y\u00fcksek kalite ve dayan\u0131kl\u0131l\u0131k sunar. Rader Vogel markas\u0131n\u0131n g\u00fcvenilir malzemesiyle \u00fcretilen bu y\u00fcr\u00fcy\u00fc\u015f tekeri, a\u011f\u0131r i\u015f ko\u015fullar\u0131na kar\u015f\u0131 diren\u00e7lidir. 10B tipi yap\u0131s\u0131 sayesinde makinenizin stabil hareketini sa\u011flar ve operat\u00f6r konforunu art\u0131r\u0131r. Dayan\u0131kl\u0131 kau\u00e7uk d\u0131\u015f y\u00fczeyi ile titre\u015fimleri minimize eder. G\u00fc\u00e7lendirilmi\u015f metal g\u00f6vde uzun \u00f6m\u00fcrl\u00fc kullan\u0131m sunar. Kolay bak\u0131m ve y\u00fcksek a\u015f\u0131nma direnci i\u015f verimlili\u011finizi destekler.<\/p>\n<p data-start=\"674\" data-end=\"1029\"><strong data-start=\"674\" data-end=\"688\">\u00d6zellikler<\/strong><br data-start=\"688\" data-end=\"691\" \/><strong data-start=\"691\" data-end=\"704\">\u00dcr\u00fcn Ad\u0131:<\/strong> 10B Rader Vogel Y\u00fcr\u00fcy\u00fc\u015f Tekeri<br data-start=\"735\" data-end=\"738\" \/><strong data-start=\"738\" data-end=\"756\">Par\u00e7a Kodlar\u0131:<\/strong> 51356844, 51701139<br data-start=\"775\" data-end=\"778\" \/><strong data-start=\"778\" data-end=\"788\">Boyut:<\/strong> 400\u00d7160-110<br data-start=\"800\" data-end=\"803\" \/><strong data-start=\"803\" data-end=\"811\">Tip:<\/strong> 10B<br data-start=\"815\" data-end=\"818\" \/><strong data-start=\"818\" data-end=\"830\">Malzeme:<\/strong> Dayan\u0131kl\u0131 kau\u00e7uk, g\u00fc\u00e7lendirilmi\u015f metal g\u00f6vde<br data-start=\"875\" data-end=\"878\" \/><strong data-start=\"878\" data-end=\"897\">Kullan\u0131m Alan\u0131:<\/strong> Forklift ve i\u015f makineleri y\u00fcr\u00fcy\u00fc\u015f sistemi<br data-start=\"939\" data-end=\"942\" \/><strong data-start=\"942\" data-end=\"954\">Avantaj:<\/strong> Y\u00fcksek dayan\u0131kl\u0131l\u0131k, titre\u015fim azaltma, uzun \u00f6m\u00fcr, stabilite, kolay bak\u0131m<\/p>\n<p data-start=\"1031\" data-end=\"1554\">\n","protected":false},"featured_media":11558,"template":"","meta":[],"product_brand":[],"product_cat":[236,239,427,429,193],"product_tag":[],"class_list":{"0":"post-8480","1":"product","2":"type-product","3":"status-publish","4":"has-post-thumbnail","6":"product_cat-jungheinrich","7":"product_cat-yuruyus-tekeri-jungheinrich","8":"product_cat-vulkoprin","9":"product_cat-yuruyus-tekeri-vulkoprin","10":"product_cat-yuruyus-tekeri","12":"first","13":"instock","14":"taxable","15":"shipping-taxable","16":"purchasable","17":"product-type-simple"},"_links":{"self":[{"href":"https:\/\/ceoparts.com\/tr\/wp-json\/wp\/v2\/product\/8480","targetHints":{"allow":["GET"]}}],"collection":[{"href":"https:\/\/ceoparts.com\/tr\/wp-json\/wp\/v2\/product"}],"about":[{"href":"https:\/\/ceoparts.com\/tr\/wp-json\/wp\/v2\/types\/product"}],"wp:featuredmedia":[{"embeddable":true,"href":"https:\/\/ceoparts.com\/tr\/wp-json\/wp\/v2\/media\/11558"}],"wp:attachment":[{"href":"https:\/\/ceoparts.com\/tr\/wp-json\/wp\/v2\/media?parent=8480"}],"wp:term":[{"taxonomy":"product_brand","embeddable":true,"href":"https:\/\/ceoparts.com\/tr\/wp-json\/wp\/v2\/product_brand?post=8480"},{"taxonomy":"product_cat","embeddable":true,"href":"https:\/\/ceoparts.com\/tr\/wp-json\/wp\/v2\/product_cat?post=8480"},{"taxonomy":"product_tag","embeddable":true,"href":"https:\/\/ceoparts.com\/tr\/wp-json\/wp\/v2\/product_tag?post=8480"}],"curies":[{"name":"wp","href":"https:\/\/api.w.org\/{rel}","templated":true}]}}