{"id":8481,"date":"2021-02-15T15:50:12","date_gmt":"2021-02-15T12:50:12","guid":{"rendered":"https:\/\/ceoparts.com\/?post_type=product&#038;p=8481"},"modified":"2026-05-16T13:20:04","modified_gmt":"2026-05-16T10:20:04","slug":"230x65-yuruyus-tekeri","status":"publish","type":"product","link":"https:\/\/ceoparts.com\/tr\/urun\/230x65-yuruyus-tekeri\/","title":{"rendered":"230&#215;65-150 Y\u00fcr\u00fcy\u00fc\u015f Tekeri &#8211; 51633199, 51601141, 51535381"},"content":{"rendered":"<p>230&#215;65-150 Y\u00fcr\u00fcy\u00fc\u015f Tekeri &#8211; 51633199, 51601141, 51535381<\/p>\n<p>ROCLA 468408,<\/p>\n<p>SW 12 AC 230&#215;65\/75-150<\/p>\n<p>Mitsubishi RL468408<\/p>\n<p>Jungheinrich 51535381 51633199<\/p>\n<p>EJC M10 B<br \/>\nEJC M10 E<br \/>\nEJC M10 ZT<br \/>\nEJC M13<br \/>\nEJC M13 B<br \/>\nERE BA 116<br \/>\nERE BA 120<\/p>","protected":false},"excerpt":{"rendered":"<p data-start=\"120\" data-end=\"666\"><br data-start=\"125\" data-end=\"128\" \/><strong data-start=\"128\" data-end=\"157\">230\u00d765-150 Y\u00fcr\u00fcy\u00fc\u015f Tekeri<\/strong>, forklift ve i\u015f makineleri i\u00e7in \u00f6zel olarak tasarlanm\u0131\u015f y\u00fcksek dayan\u0131kl\u0131l\u0131\u011fa sahip bir y\u00fcr\u00fcy\u00fc\u015f tekeridir. 230 mm \u00e7ap\u0131 ve 65 mm geni\u015fli\u011fi ile makinenizin dengeli ve g\u00fcvenli hareket etmesini sa\u011flar. 150 mm montaj uzunlu\u011fu ile uyumlu olarak tasarlanm\u0131\u015ft\u0131r. Dayan\u0131kl\u0131 kau\u00e7uk kaplama, titre\u015fimleri azaltarak operat\u00f6r konforunu art\u0131r\u0131r ve uzun \u00f6m\u00fcrl\u00fc kullan\u0131m sunar. End\u00fcstriyel \u00e7al\u0131\u015fma ko\u015fullar\u0131na uygun olarak y\u00fcksek a\u015f\u0131nma direncine sahiptir. Kolay montaj imkan\u0131 ve sa\u011flam yap\u0131s\u0131 ile i\u015f verimlili\u011finizi art\u0131r\u0131r.<\/p>\n<p data-start=\"668\" data-end=\"1017\"><strong data-start=\"668\" data-end=\"682\">\u00d6zellikler<\/strong><br data-start=\"682\" data-end=\"685\" \/><strong data-start=\"685\" data-end=\"698\">\u00dcr\u00fcn Ad\u0131:<\/strong> Y\u00fcr\u00fcy\u00fc\u015f Tekeri<br data-start=\"713\" data-end=\"716\" \/><strong data-start=\"716\" data-end=\"734\">Par\u00e7a Kodlar\u0131:<\/strong> 51633199, 51601141, 51535381<br data-start=\"763\" data-end=\"766\" \/><strong data-start=\"766\" data-end=\"776\">Boyut:<\/strong> 230\u00d765-150<br data-start=\"787\" data-end=\"790\" \/><strong data-start=\"790\" data-end=\"810\">Montaj Uzunlu\u011fu:<\/strong> 150 mm<br data-start=\"817\" data-end=\"820\" \/><strong data-start=\"820\" data-end=\"832\">Malzeme:<\/strong> Dayan\u0131kl\u0131 kau\u00e7uk, metal g\u00f6vde<br data-start=\"862\" data-end=\"865\" \/><strong data-start=\"865\" data-end=\"884\">Kullan\u0131m Alan\u0131:<\/strong> Forklift ve i\u015f makineleri y\u00fcr\u00fcy\u00fc\u015f sistemi<br data-start=\"926\" data-end=\"929\" \/><strong data-start=\"929\" data-end=\"941\">Avantaj:<\/strong> Y\u00fcksek dayan\u0131kl\u0131l\u0131k, titre\u015fim azaltma, uzun \u00f6m\u00fcr, kolay montaj, stabilite<\/p>\n<p data-start=\"1019\" data-end=\"1543\">\n","protected":false},"featured_media":11102,"template":"","meta":[],"product_brand":[],"product_cat":[236,239,193],"product_tag":[],"class_list":{"0":"post-8481","1":"product","2":"type-product","3":"status-publish","4":"has-post-thumbnail","6":"product_cat-jungheinrich","7":"product_cat-yuruyus-tekeri-jungheinrich","8":"product_cat-yuruyus-tekeri","10":"first","11":"instock","12":"taxable","13":"shipping-taxable","14":"purchasable","15":"product-type-simple"},"_links":{"self":[{"href":"https:\/\/ceoparts.com\/tr\/wp-json\/wp\/v2\/product\/8481","targetHints":{"allow":["GET"]}}],"collection":[{"href":"https:\/\/ceoparts.com\/tr\/wp-json\/wp\/v2\/product"}],"about":[{"href":"https:\/\/ceoparts.com\/tr\/wp-json\/wp\/v2\/types\/product"}],"wp:featuredmedia":[{"embeddable":true,"href":"https:\/\/ceoparts.com\/tr\/wp-json\/wp\/v2\/media\/11102"}],"wp:attachment":[{"href":"https:\/\/ceoparts.com\/tr\/wp-json\/wp\/v2\/media?parent=8481"}],"wp:term":[{"taxonomy":"product_brand","embeddable":true,"href":"https:\/\/ceoparts.com\/tr\/wp-json\/wp\/v2\/product_brand?post=8481"},{"taxonomy":"product_cat","embeddable":true,"href":"https:\/\/ceoparts.com\/tr\/wp-json\/wp\/v2\/product_cat?post=8481"},{"taxonomy":"product_tag","embeddable":true,"href":"https:\/\/ceoparts.com\/tr\/wp-json\/wp\/v2\/product_tag?post=8481"}],"curies":[{"name":"wp","href":"https:\/\/api.w.org\/{rel}","templated":true}]}}