{"id":8482,"date":"2021-02-15T16:08:10","date_gmt":"2021-02-15T13:08:10","guid":{"rendered":"https:\/\/ceoparts.com\/?post_type=product&#038;p=8482"},"modified":"2026-05-16T16:07:41","modified_gmt":"2026-05-16T13:07:41","slug":"230x90-45-5b-yuruyus-tekeri","status":"publish","type":"product","link":"https:\/\/ceoparts.com\/tr\/urun\/230x90-45-5b-yuruyus-tekeri\/","title":{"rendered":"230&#215;90-45 5B Wicke Y\u00fcr\u00fcy\u00fc\u015f Tekeri &#8211; 0039933826, 0039933800"},"content":{"rendered":"<p>230&#215;90-45 5B Wicke Y\u00fcr\u00fcy\u00fc\u015f Tekeri &#8211; 0039933826, 0039933800<\/p>\n<div class=\"font12\">Linde:<\/div>\n<div class=\"font12\"><\/div>\n<div class=\"font12\">Vulkollan 0039933800<\/div>\n<div class=\"font12\">OEM Stellana<\/div>\n<div class=\"font12\"><\/div>\n<div class=\"font12\">372\u00a0L14\/16<br \/>\n372\u00a0L14\/16\/L14AP\/16AP<\/div>\n<div class=\"font12\">1173 L14\/L16<\/div>\n<div class=\"font12\"><\/div>\n<div class=\"font12\">Still 0039933826<\/div>\n<div class=\"font12\"><\/div>\n<div class=\"font12\">EXH 25-30 EXH-SF 20-25 (2360-2363)<\/div>","protected":false},"excerpt":{"rendered":"<div>\n<p data-start=\"122\" data-end=\"665\"><br data-start=\"127\" data-end=\"130\" \/><strong data-start=\"130\" data-end=\"167\">230\u00d790-45 5B Wicke Y\u00fcr\u00fcy\u00fc\u015f Tekeri<\/strong>, forklift ve i\u015f makineleri i\u00e7in \u00f6zel olarak tasarlanm\u0131\u015f, dayan\u0131kl\u0131 ve y\u00fcksek performansl\u0131 bir y\u00fcr\u00fcy\u00fc\u015f tekeridir. 230 mm \u00e7ap\u0131 ve 90 mm geni\u015fli\u011fi ile makinenizin dengeli ve g\u00fcvenli hareketini sa\u011flar. 45 mm montaj uzunlu\u011fu ile uyumludur. Wicke markas\u0131n\u0131n kaliteli malzemesi kullan\u0131larak \u00fcretilen bu teker, uzun \u00f6m\u00fcrl\u00fcd\u00fcr ve y\u00fcksek a\u015f\u0131nma direnci sunar. Kau\u00e7uk d\u0131\u015f y\u00fczeyi titre\u015fimleri azaltarak operat\u00f6r konforunu art\u0131r\u0131r. \u0130\u015f verimlili\u011fini art\u0131rmak i\u00e7in kolay montaj ve sa\u011flam yap\u0131 avantajlar\u0131 sa\u011flar.<\/p>\n<p data-start=\"667\" data-end=\"1031\"><strong data-start=\"667\" data-end=\"681\">\u00d6zellikler<\/strong><br data-start=\"681\" data-end=\"684\" \/><strong data-start=\"684\" data-end=\"697\">\u00dcr\u00fcn Ad\u0131:<\/strong> 5B Wicke Y\u00fcr\u00fcy\u00fc\u015f Tekeri<br data-start=\"721\" data-end=\"724\" \/><strong data-start=\"724\" data-end=\"742\">Par\u00e7a Kodlar\u0131:<\/strong> 0039933826, 0039933800<br data-start=\"765\" data-end=\"768\" \/><strong data-start=\"768\" data-end=\"778\">Boyut:<\/strong> 230\u00d790-45<br data-start=\"788\" data-end=\"791\" \/><strong data-start=\"791\" data-end=\"799\">Tip:<\/strong> 5B<br data-start=\"802\" data-end=\"805\" \/><strong data-start=\"805\" data-end=\"825\">Montaj Uzunlu\u011fu:<\/strong> 45 mm<br data-start=\"831\" data-end=\"834\" \/><strong data-start=\"834\" data-end=\"846\">Malzeme:<\/strong> Dayan\u0131kl\u0131 kau\u00e7uk, metal g\u00f6vde<br data-start=\"876\" data-end=\"879\" \/><strong data-start=\"879\" data-end=\"898\">Kullan\u0131m Alan\u0131:<\/strong> Forklift ve i\u015f makineleri y\u00fcr\u00fcy\u00fc\u015f sistemi<br data-start=\"940\" data-end=\"943\" \/><strong data-start=\"943\" data-end=\"955\">Avantaj:<\/strong> Y\u00fcksek dayan\u0131kl\u0131l\u0131k, titre\u015fim azaltma, uzun \u00f6m\u00fcr, kolay montaj, stabilite<\/p>\n<p data-start=\"1033\" data-end=\"1611\">\n<\/div>\n","protected":false},"featured_media":12466,"template":"","meta":[],"product_brand":[],"product_cat":[241,244,246,249,401,404,193],"product_tag":[],"class_list":{"0":"post-8482","1":"product","2":"type-product","3":"status-publish","4":"has-post-thumbnail","6":"product_cat-still","7":"product_cat-yuruyus-tekeri-still","8":"product_cat-linde","9":"product_cat-yuruyus-tekeri-linde","10":"product_cat-wicke","11":"product_cat-yuruyus-tekeri-wicke","12":"product_cat-yuruyus-tekeri","14":"first","15":"instock","16":"taxable","17":"shipping-taxable","18":"purchasable","19":"product-type-simple"},"_links":{"self":[{"href":"https:\/\/ceoparts.com\/tr\/wp-json\/wp\/v2\/product\/8482","targetHints":{"allow":["GET"]}}],"collection":[{"href":"https:\/\/ceoparts.com\/tr\/wp-json\/wp\/v2\/product"}],"about":[{"href":"https:\/\/ceoparts.com\/tr\/wp-json\/wp\/v2\/types\/product"}],"wp:featuredmedia":[{"embeddable":true,"href":"https:\/\/ceoparts.com\/tr\/wp-json\/wp\/v2\/media\/12466"}],"wp:attachment":[{"href":"https:\/\/ceoparts.com\/tr\/wp-json\/wp\/v2\/media?parent=8482"}],"wp:term":[{"taxonomy":"product_brand","embeddable":true,"href":"https:\/\/ceoparts.com\/tr\/wp-json\/wp\/v2\/product_brand?post=8482"},{"taxonomy":"product_cat","embeddable":true,"href":"https:\/\/ceoparts.com\/tr\/wp-json\/wp\/v2\/product_cat?post=8482"},{"taxonomy":"product_tag","embeddable":true,"href":"https:\/\/ceoparts.com\/tr\/wp-json\/wp\/v2\/product_tag?post=8482"}],"curies":[{"name":"wp","href":"https:\/\/api.w.org\/{rel}","templated":true}]}}