{"id":8484,"date":"2021-02-15T16:19:10","date_gmt":"2021-02-15T13:19:10","guid":{"rendered":"https:\/\/ceoparts.com\/?post_type=product&#038;p=8484"},"modified":"2026-05-16T18:22:59","modified_gmt":"2026-05-16T15:22:59","slug":"360x130-90-185-24-7b-yuruyus-tekeri","status":"publish","type":"product","link":"https:\/\/ceoparts.com\/tr\/urun\/360x130-90-185-24-7b-yuruyus-tekeri\/","title":{"rendered":"360&#215;130-90 MSL Y\u00fcr\u00fcy\u00fc\u015f Tekeri &#8211; 8428189"},"content":{"rendered":"<p>360&#215;130-90 MSL Y\u00fcr\u00fcy\u00fc\u015f Tekeri &#8211; 8428189<\/p>\n<p>Still FM-X,<\/p>\n<p>STILL FM-XN,<\/p>\n<p>STILL FS-X33<\/p>","protected":false},"excerpt":{"rendered":"<p data-start=\"103\" data-end=\"607\"><br data-start=\"108\" data-end=\"111\" \/>Forklift ve i\u015f makineleri i\u00e7in tasarlanm\u0131\u015f <strong data-start=\"154\" data-end=\"197\">360\u00d7130-90 MSL Y\u00fcr\u00fcy\u00fc\u015f Tekeri \u2013 8428189<\/strong>, y\u00fcksek dayan\u0131kl\u0131l\u0131k ve performans sunar. MSL markas\u0131n\u0131n kaliteli malzemesi kullan\u0131larak \u00fcretilen bu y\u00fcr\u00fcy\u00fc\u015f tekeri, zorlu \u00e7al\u0131\u015fma ko\u015fullar\u0131nda uzun \u00f6m\u00fcrl\u00fc kullan\u0131m sa\u011flar. Dayan\u0131kl\u0131 kau\u00e7uk d\u0131\u015f y\u00fczey ve sa\u011flam metal g\u00f6vdesi sayesinde titre\u015fimleri azalt\u0131r, operat\u00f6r konforunu art\u0131r\u0131r ve makinenizin dengeli hareket etmesini destekler. Kolay bak\u0131m imkan\u0131 ve y\u00fcksek a\u015f\u0131nma direnci ile i\u015f verimlili\u011finizi art\u0131r\u0131r.<\/p>\n<p data-start=\"609\" data-end=\"907\"><strong data-start=\"609\" data-end=\"623\">\u00d6zellikler<\/strong><br data-start=\"623\" data-end=\"626\" \/><strong data-start=\"626\" data-end=\"639\">\u00dcr\u00fcn Ad\u0131:<\/strong> MSL Y\u00fcr\u00fcy\u00fc\u015f Tekeri<br data-start=\"658\" data-end=\"661\" \/><strong data-start=\"661\" data-end=\"676\">Par\u00e7a Kodu:<\/strong> 8428189<br data-start=\"684\" data-end=\"687\" \/><strong data-start=\"687\" data-end=\"697\">Boyut:<\/strong> 360\u00d7130-90<br data-start=\"708\" data-end=\"711\" \/><strong data-start=\"711\" data-end=\"723\">Malzeme:<\/strong> Dayan\u0131kl\u0131 kau\u00e7uk, metal g\u00f6vde<br data-start=\"753\" data-end=\"756\" \/><strong data-start=\"756\" data-end=\"775\">Kullan\u0131m Alan\u0131:<\/strong> Forklift ve i\u015f makineleri y\u00fcr\u00fcy\u00fc\u015f sistemi<br data-start=\"817\" data-end=\"820\" \/><strong data-start=\"820\" data-end=\"832\">Avantaj:<\/strong> Y\u00fcksek dayan\u0131kl\u0131l\u0131k, titre\u015fim azaltma, uzun \u00f6m\u00fcr, stabilite, kolay bak\u0131m<\/p>\n<p data-start=\"909\" data-end=\"1375\">\n","protected":false},"featured_media":17209,"template":"","meta":[],"product_brand":[],"product_cat":[241,244,395,397,193],"product_tag":[],"class_list":{"0":"post-8484","1":"product","2":"type-product","3":"status-publish","4":"has-post-thumbnail","6":"product_cat-still","7":"product_cat-yuruyus-tekeri-still","8":"product_cat-ceoparts","9":"product_cat-yuruyus-tekeri-ceo","10":"product_cat-yuruyus-tekeri","12":"first","13":"instock","14":"taxable","15":"shipping-taxable","16":"purchasable","17":"product-type-simple"},"_links":{"self":[{"href":"https:\/\/ceoparts.com\/tr\/wp-json\/wp\/v2\/product\/8484","targetHints":{"allow":["GET"]}}],"collection":[{"href":"https:\/\/ceoparts.com\/tr\/wp-json\/wp\/v2\/product"}],"about":[{"href":"https:\/\/ceoparts.com\/tr\/wp-json\/wp\/v2\/types\/product"}],"wp:featuredmedia":[{"embeddable":true,"href":"https:\/\/ceoparts.com\/tr\/wp-json\/wp\/v2\/media\/17209"}],"wp:attachment":[{"href":"https:\/\/ceoparts.com\/tr\/wp-json\/wp\/v2\/media?parent=8484"}],"wp:term":[{"taxonomy":"product_brand","embeddable":true,"href":"https:\/\/ceoparts.com\/tr\/wp-json\/wp\/v2\/product_brand?post=8484"},{"taxonomy":"product_cat","embeddable":true,"href":"https:\/\/ceoparts.com\/tr\/wp-json\/wp\/v2\/product_cat?post=8484"},{"taxonomy":"product_tag","embeddable":true,"href":"https:\/\/ceoparts.com\/tr\/wp-json\/wp\/v2\/product_tag?post=8484"}],"curies":[{"name":"wp","href":"https:\/\/api.w.org\/{rel}","templated":true}]}}