{"id":8485,"date":"2021-02-15T16:25:40","date_gmt":"2021-02-15T13:25:40","guid":{"rendered":"https:\/\/ceoparts.com\/?post_type=product&#038;p=8485"},"modified":"2026-05-16T17:33:44","modified_gmt":"2026-05-16T14:33:44","slug":"350x140-80-7b-16-24-112-yuruyus-tekeri","status":"publish","type":"product","link":"https:\/\/ceoparts.com\/tr\/urun\/350x140-80-7b-16-24-112-yuruyus-tekeri\/","title":{"rendered":"350&#215;140-80 7B Stellana Y\u00fcr\u00fcy\u00fc\u015f Tekeri &#8211; 201332"},"content":{"rendered":"<p>350&#215;140-80 7B Stellana Y\u00fcr\u00fcy\u00fc\u015f Tekeri &#8211; 201332<\/p>\n<p>201332\u00a0\u00a0 350&#215;120\/140&#215;80<\/p>\n<p>RRE 140<br \/>\nRRE 140C<br \/>\nRRE 140E<br \/>\nRRE 140EC<br \/>\nRRE 160<br \/>\nRRE 160C<br \/>\nRRE 160E<br \/>\nRRE 160EC<br \/>\nLRE 300<br \/>\nLRE 300T<\/p>","protected":false},"excerpt":{"rendered":"<p data-start=\"110\" data-end=\"681\"><br data-start=\"115\" data-end=\"118\" \/>Forklift ve i\u015f makineleri i\u00e7in tasarlanm\u0131\u015f <strong data-start=\"161\" data-end=\"211\">350\u00d7140-80 7B Stellana Y\u00fcr\u00fcy\u00fc\u015f Tekeri \u2013 201332<\/strong>, y\u00fcksek dayan\u0131kl\u0131l\u0131k ve \u00fcst\u00fcn performans sa\u011flar. Stellana markas\u0131n\u0131n kaliteli malzemesi kullan\u0131larak \u00fcretilen bu y\u00fcr\u00fcy\u00fc\u015f tekeri, zorlu \u00e7al\u0131\u015fma ko\u015fullar\u0131na dayan\u0131kl\u0131d\u0131r ve uzun \u00f6m\u00fcrl\u00fcd\u00fcr. 7B tipi yap\u0131s\u0131 sayesinde stabilite ve g\u00fcvenilirlik sunar. G\u00fc\u00e7lendirilmi\u015f metal g\u00f6vde ve dayan\u0131kl\u0131 kau\u00e7uk birle\u015fimi titre\u015fimleri azalt\u0131r, operat\u00f6r konforunu art\u0131r\u0131r ve makinenizin dengeli hareket etmesini sa\u011flar. Kolay bak\u0131m ve y\u00fcksek a\u015f\u0131nma direnci ile i\u015f verimlili\u011finizi destekler.<\/p>\n<p data-start=\"683\" data-end=\"1016\"><strong data-start=\"683\" data-end=\"697\">\u00d6zellikler<\/strong><br data-start=\"697\" data-end=\"700\" \/><strong data-start=\"700\" data-end=\"713\">\u00dcr\u00fcn Ad\u0131:<\/strong> 7B Stellana Y\u00fcr\u00fcy\u00fc\u015f Tekeri<br data-start=\"740\" data-end=\"743\" \/><strong data-start=\"743\" data-end=\"758\">Par\u00e7a Kodu:<\/strong> 201332<br data-start=\"765\" data-end=\"768\" \/><strong data-start=\"768\" data-end=\"778\">Boyut:<\/strong> 350\u00d7140-80<br data-start=\"789\" data-end=\"792\" \/><strong data-start=\"792\" data-end=\"800\">Tip:<\/strong> 7B<br data-start=\"803\" data-end=\"806\" \/><strong data-start=\"806\" data-end=\"818\">Malzeme:<\/strong> Stellana kau\u00e7uk, g\u00fc\u00e7lendirilmi\u015f metal g\u00f6vde<br data-start=\"862\" data-end=\"865\" \/><strong data-start=\"865\" data-end=\"884\">Kullan\u0131m Alan\u0131:<\/strong> Forklift ve i\u015f makineleri y\u00fcr\u00fcy\u00fc\u015f sistemi<br data-start=\"926\" data-end=\"929\" \/><strong data-start=\"929\" data-end=\"941\">Avantaj:<\/strong> Y\u00fcksek dayan\u0131kl\u0131l\u0131k, titre\u015fim azaltma, uzun \u00f6m\u00fcr, stabilite, kolay bak\u0131m<\/p>\n<p data-start=\"1018\" data-end=\"1575\">\n","protected":false},"featured_media":11527,"template":"","meta":[],"product_brand":[],"product_cat":[416,418,193],"product_tag":[],"class_list":{"0":"post-8485","1":"product","2":"type-product","3":"status-publish","4":"has-post-thumbnail","6":"product_cat-stellana","7":"product_cat-yuruyus-tekeri-stellana","8":"product_cat-yuruyus-tekeri","10":"first","11":"instock","12":"taxable","13":"shipping-taxable","14":"purchasable","15":"product-type-simple"},"_links":{"self":[{"href":"https:\/\/ceoparts.com\/tr\/wp-json\/wp\/v2\/product\/8485","targetHints":{"allow":["GET"]}}],"collection":[{"href":"https:\/\/ceoparts.com\/tr\/wp-json\/wp\/v2\/product"}],"about":[{"href":"https:\/\/ceoparts.com\/tr\/wp-json\/wp\/v2\/types\/product"}],"wp:featuredmedia":[{"embeddable":true,"href":"https:\/\/ceoparts.com\/tr\/wp-json\/wp\/v2\/media\/11527"}],"wp:attachment":[{"href":"https:\/\/ceoparts.com\/tr\/wp-json\/wp\/v2\/media?parent=8485"}],"wp:term":[{"taxonomy":"product_brand","embeddable":true,"href":"https:\/\/ceoparts.com\/tr\/wp-json\/wp\/v2\/product_brand?post=8485"},{"taxonomy":"product_cat","embeddable":true,"href":"https:\/\/ceoparts.com\/tr\/wp-json\/wp\/v2\/product_cat?post=8485"},{"taxonomy":"product_tag","embeddable":true,"href":"https:\/\/ceoparts.com\/tr\/wp-json\/wp\/v2\/product_tag?post=8485"}],"curies":[{"name":"wp","href":"https:\/\/api.w.org\/{rel}","templated":true}]}}