{"id":8486,"date":"2021-02-15T16:27:02","date_gmt":"2021-02-15T13:27:02","guid":{"rendered":"https:\/\/ceoparts.com\/?post_type=product&#038;p=8486"},"modified":"2026-05-16T16:07:30","modified_gmt":"2026-05-16T13:07:30","slug":"350x140-80-6b-185-24-112-yuruyus-tekeri","status":"publish","type":"product","link":"https:\/\/ceoparts.com\/tr\/urun\/350x140-80-6b-185-24-112-yuruyus-tekeri\/","title":{"rendered":"350&#215;140-90 Stellana Vulkollan Y\u00fcr\u00fcy\u00fc\u015f Tekeri &#8211; 7594123"},"content":{"rendered":"<p>350&#215;140-90 Stellana Vulkollan Y\u00fcr\u00fcy\u00fc\u015f Tekeri &#8211; 7594123<\/p>","protected":false},"excerpt":{"rendered":"<p data-start=\"126\" data-end=\"663\"><br data-start=\"131\" data-end=\"134\" \/>Forklift ve i\u015f makineleri i\u00e7in \u00f6zel olarak tasarlanm\u0131\u015f <strong data-start=\"189\" data-end=\"255\">350\u00d7140-90 Stellana Vulkollan Hav\u015fal\u0131 Y\u00fcr\u00fcy\u00fc\u015f Tekeri \u2013 7594123<\/strong>, y\u00fcksek dayan\u0131kl\u0131l\u0131k ve \u00fcst\u00fcn performans sunar. Stellana Vulkollan malzemesi, y\u00fcksek a\u015f\u0131nma direnci ve m\u00fckemmel elastikiyet sa\u011flar. Hav\u015fal\u0131 tasar\u0131m\u0131 sayesinde y\u00fcksek kavrama ve stabilite sunarak zorlu zemin ko\u015fullar\u0131nda bile g\u00fcvenli s\u00fcr\u00fc\u015f sa\u011flar. G\u00fc\u00e7lendirilmi\u015f metal g\u00f6vdesi titre\u015fimleri azaltarak operat\u00f6r konforunu art\u0131r\u0131r. Uzun \u00f6m\u00fcrl\u00fc kullan\u0131m ve kolay bak\u0131m \u00f6zellikleriyle i\u015f verimlili\u011finizi destekler.<\/p>\n<p data-start=\"665\" data-end=\"1043\"><strong data-start=\"665\" data-end=\"679\">\u00d6zellikler<\/strong><br data-start=\"679\" data-end=\"682\" \/><strong data-start=\"682\" data-end=\"695\">\u00dcr\u00fcn Ad\u0131:<\/strong> Stellana Vulkollan Hav\u015fal\u0131 Y\u00fcr\u00fcy\u00fc\u015f Tekeri<br data-start=\"737\" data-end=\"740\" \/><strong data-start=\"740\" data-end=\"755\">Par\u00e7a Kodu:<\/strong> 7594123<br data-start=\"763\" data-end=\"766\" \/><strong data-start=\"766\" data-end=\"776\">Boyut:<\/strong> 350\u00d7140-90<br data-start=\"787\" data-end=\"790\" \/><strong data-start=\"790\" data-end=\"802\">Malzeme:<\/strong> Stellana Vulkollan, g\u00fc\u00e7lendirilmi\u015f metal g\u00f6vde<br data-start=\"849\" data-end=\"852\" \/><strong data-start=\"852\" data-end=\"871\">Kullan\u0131m Alan\u0131:<\/strong> Forklift ve i\u015f makineleri y\u00fcr\u00fcy\u00fc\u015f sistemi<br data-start=\"913\" data-end=\"916\" \/><strong data-start=\"916\" data-end=\"928\">Avantaj:<\/strong> Y\u00fcksek a\u015f\u0131nma direnci, m\u00fckemmel elastikiyet, y\u00fcksek kavrama, stabilite, titre\u015fim azaltma, uzun \u00f6m\u00fcr, kolay bak\u0131m<\/p>\n<p data-start=\"1045\" data-end=\"1589\">\n","protected":false},"featured_media":17208,"template":"","meta":[],"product_brand":[],"product_cat":[193,416,418],"product_tag":[],"class_list":{"0":"post-8486","1":"product","2":"type-product","3":"status-publish","4":"has-post-thumbnail","6":"product_cat-yuruyus-tekeri","7":"product_cat-stellana","8":"product_cat-yuruyus-tekeri-stellana","10":"first","11":"instock","12":"taxable","13":"shipping-taxable","14":"purchasable","15":"product-type-simple"},"_links":{"self":[{"href":"https:\/\/ceoparts.com\/tr\/wp-json\/wp\/v2\/product\/8486","targetHints":{"allow":["GET"]}}],"collection":[{"href":"https:\/\/ceoparts.com\/tr\/wp-json\/wp\/v2\/product"}],"about":[{"href":"https:\/\/ceoparts.com\/tr\/wp-json\/wp\/v2\/types\/product"}],"wp:featuredmedia":[{"embeddable":true,"href":"https:\/\/ceoparts.com\/tr\/wp-json\/wp\/v2\/media\/17208"}],"wp:attachment":[{"href":"https:\/\/ceoparts.com\/tr\/wp-json\/wp\/v2\/media?parent=8486"}],"wp:term":[{"taxonomy":"product_brand","embeddable":true,"href":"https:\/\/ceoparts.com\/tr\/wp-json\/wp\/v2\/product_brand?post=8486"},{"taxonomy":"product_cat","embeddable":true,"href":"https:\/\/ceoparts.com\/tr\/wp-json\/wp\/v2\/product_cat?post=8486"},{"taxonomy":"product_tag","embeddable":true,"href":"https:\/\/ceoparts.com\/tr\/wp-json\/wp\/v2\/product_tag?post=8486"}],"curies":[{"name":"wp","href":"https:\/\/api.w.org\/{rel}","templated":true}]}}