{"id":8488,"date":"2021-02-15T22:18:36","date_gmt":"2021-02-15T19:18:36","guid":{"rendered":"https:\/\/ceoparts.com\/?post_type=product&#038;p=8488"},"modified":"2026-05-16T14:02:14","modified_gmt":"2026-05-16T11:02:14","slug":"230x126-yuruyus-tekeri","status":"publish","type":"product","link":"https:\/\/ceoparts.com\/tr\/urun\/230x126-yuruyus-tekeri\/","title":{"rendered":"230&#215;126 Y\u00fcr\u00fcy\u00fc\u015f Tekeri"},"content":{"rendered":"<p>230&#215;126 Y\u00fcr\u00fcy\u00fc\u015f Tekeri<\/p>","protected":false},"excerpt":{"rendered":"<p data-start=\"86\" data-end=\"498\"><br data-start=\"91\" data-end=\"94\" \/>Forklift ve i\u015f makineleri i\u00e7in uygun olan <strong data-start=\"136\" data-end=\"162\">230\u00d7126 Y\u00fcr\u00fcy\u00fc\u015f Tekeri<\/strong>, sa\u011flam yap\u0131s\u0131 ve y\u00fcksek dayan\u0131kl\u0131l\u0131\u011f\u0131 ile uzun \u00f6m\u00fcrl\u00fc kullan\u0131m sa\u011flar. Dayan\u0131kl\u0131 kau\u00e7uk ve metal malzemeden \u00fcretilmi\u015f olup, zorlu \u00e7al\u0131\u015fma ko\u015fullar\u0131nda \u00fcst\u00fcn performans sunar. Titre\u015fimleri azaltarak operat\u00f6r konforunu art\u0131r\u0131r ve makinenizin dengeli hareket etmesine yard\u0131mc\u0131 olur. Kolay bak\u0131m \u00f6zelli\u011fi ile i\u015f verimlili\u011finizi destekler.<\/p>\n<p data-start=\"500\" data-end=\"767\"><strong data-start=\"500\" data-end=\"514\">\u00d6zellikler<\/strong><br data-start=\"514\" data-end=\"517\" \/><strong data-start=\"517\" data-end=\"530\">\u00dcr\u00fcn Ad\u0131:<\/strong> Y\u00fcr\u00fcy\u00fc\u015f Tekeri<br data-start=\"545\" data-end=\"548\" \/><strong data-start=\"548\" data-end=\"558\">Boyut:<\/strong> 230\u00d7126<br data-start=\"566\" data-end=\"569\" \/><strong data-start=\"569\" data-end=\"581\">Malzeme:<\/strong> Dayan\u0131kl\u0131 kau\u00e7uk, metal g\u00f6vde<br data-start=\"611\" data-end=\"614\" \/><strong data-start=\"614\" data-end=\"633\">Kullan\u0131m Alan\u0131:<\/strong> Forklift ve i\u015f makineleri y\u00fcr\u00fcy\u00fc\u015f sistemi<br data-start=\"675\" data-end=\"678\" \/><strong data-start=\"678\" data-end=\"690\">Avantaj:<\/strong> Y\u00fcksek a\u015f\u0131nma direnci, titre\u015fim azaltma, uzun \u00f6m\u00fcr, kolay bak\u0131m, stabilite<\/p>\n<p data-start=\"769\" data-end=\"1170\">\n","protected":false},"featured_media":17668,"template":"","meta":[],"product_brand":[],"product_cat":[193],"product_tag":[],"class_list":{"0":"post-8488","1":"product","2":"type-product","3":"status-publish","4":"has-post-thumbnail","6":"product_cat-yuruyus-tekeri","8":"first","9":"instock","10":"taxable","11":"shipping-taxable","12":"purchasable","13":"product-type-simple"},"_links":{"self":[{"href":"https:\/\/ceoparts.com\/tr\/wp-json\/wp\/v2\/product\/8488","targetHints":{"allow":["GET"]}}],"collection":[{"href":"https:\/\/ceoparts.com\/tr\/wp-json\/wp\/v2\/product"}],"about":[{"href":"https:\/\/ceoparts.com\/tr\/wp-json\/wp\/v2\/types\/product"}],"wp:featuredmedia":[{"embeddable":true,"href":"https:\/\/ceoparts.com\/tr\/wp-json\/wp\/v2\/media\/17668"}],"wp:attachment":[{"href":"https:\/\/ceoparts.com\/tr\/wp-json\/wp\/v2\/media?parent=8488"}],"wp:term":[{"taxonomy":"product_brand","embeddable":true,"href":"https:\/\/ceoparts.com\/tr\/wp-json\/wp\/v2\/product_brand?post=8488"},{"taxonomy":"product_cat","embeddable":true,"href":"https:\/\/ceoparts.com\/tr\/wp-json\/wp\/v2\/product_cat?post=8488"},{"taxonomy":"product_tag","embeddable":true,"href":"https:\/\/ceoparts.com\/tr\/wp-json\/wp\/v2\/product_tag?post=8488"}],"curies":[{"name":"wp","href":"https:\/\/api.w.org\/{rel}","templated":true}]}}