{"id":8489,"date":"2021-02-15T22:28:25","date_gmt":"2021-02-15T19:28:25","guid":{"rendered":"https:\/\/ceoparts.com\/?post_type=product&#038;p=8489"},"modified":"2026-05-16T17:28:10","modified_gmt":"2026-05-16T14:28:10","slug":"250x70-825-45-5b-14-20-70-yuruyus-tekeri","status":"publish","type":"product","link":"https:\/\/ceoparts.com\/tr\/urun\/250x70-825-45-5b-14-20-70-yuruyus-tekeri\/","title":{"rendered":"250&#215;70\/82,5-45 5B 14\/20 Y\u00fcr\u00fcy\u00fc\u015f Tekeri"},"content":{"rendered":"<p>250&#215;70\/82,5-45 5B 14\/20 Y\u00fcr\u00fcy\u00fc\u015f Tekeri<\/p>","protected":false},"excerpt":{"rendered":"<p data-start=\"102\" data-end=\"536\"><br data-start=\"107\" data-end=\"110\" \/>Forklift ve i\u015f makineleri i\u00e7in \u00f6zel olarak \u00fcretilen <strong data-start=\"162\" data-end=\"204\">250\u00d770\/82,5-45 5B 14\/20 Y\u00fcr\u00fcy\u00fc\u015f Tekeri<\/strong>, \u00fcst\u00fcn dayan\u0131kl\u0131l\u0131k ve performans sunar. 5B tipi yap\u0131s\u0131 ve 14\/20 \u00f6l\u00e7\u00fcleriyle, zorlu \u00e7al\u0131\u015fma ko\u015fullar\u0131na uygun sa\u011flam bir \u00e7\u00f6z\u00fcmd\u00fcr. Kau\u00e7uk ve metal kombinasyonu sayesinde y\u00fcksek a\u015f\u0131nma direnci sa\u011flar, titre\u015fimleri azaltarak operat\u00f6r konforunu art\u0131r\u0131r. Uzun \u00f6m\u00fcrl\u00fc kullan\u0131m ve kolay bak\u0131m \u00f6zellikleriyle i\u015f verimlili\u011finizi destekler.<\/p>\n<p data-start=\"538\" data-end=\"853\"><strong data-start=\"538\" data-end=\"552\">\u00d6zellikler<\/strong><br data-start=\"552\" data-end=\"555\" \/><strong data-start=\"555\" data-end=\"568\">\u00dcr\u00fcn Ad\u0131:<\/strong> 5B 14\/20 Y\u00fcr\u00fcy\u00fc\u015f Tekeri<br data-start=\"592\" data-end=\"595\" \/><strong data-start=\"595\" data-end=\"605\">Boyut:<\/strong> 250\u00d770\/82,5-45<br data-start=\"620\" data-end=\"623\" \/><strong data-start=\"623\" data-end=\"631\">Tip:<\/strong> 5B<br data-start=\"634\" data-end=\"637\" \/><strong data-start=\"637\" data-end=\"646\">\u00d6l\u00e7\u00fc:<\/strong> 14\/20<br data-start=\"652\" data-end=\"655\" \/><strong data-start=\"655\" data-end=\"667\">Malzeme:<\/strong> Dayan\u0131kl\u0131 kau\u00e7uk, metal g\u00f6vde<br data-start=\"697\" data-end=\"700\" \/><strong data-start=\"700\" data-end=\"719\">Kullan\u0131m Alan\u0131:<\/strong> Forklift ve i\u015f makineleri y\u00fcr\u00fcy\u00fc\u015f sistemi<br data-start=\"761\" data-end=\"764\" \/><strong data-start=\"764\" data-end=\"776\">Avantaj:<\/strong> Y\u00fcksek a\u015f\u0131nma direnci, titre\u015fim azaltma, uzun \u00f6m\u00fcr, kolay bak\u0131m, stabilite<\/p>\n<p data-start=\"855\" data-end=\"1313\">\n","protected":false},"featured_media":17670,"template":"","meta":[],"product_brand":[],"product_cat":[193],"product_tag":[],"class_list":{"0":"post-8489","1":"product","2":"type-product","3":"status-publish","4":"has-post-thumbnail","6":"product_cat-yuruyus-tekeri","8":"first","9":"instock","10":"taxable","11":"shipping-taxable","12":"purchasable","13":"product-type-simple"},"_links":{"self":[{"href":"https:\/\/ceoparts.com\/tr\/wp-json\/wp\/v2\/product\/8489","targetHints":{"allow":["GET"]}}],"collection":[{"href":"https:\/\/ceoparts.com\/tr\/wp-json\/wp\/v2\/product"}],"about":[{"href":"https:\/\/ceoparts.com\/tr\/wp-json\/wp\/v2\/types\/product"}],"wp:featuredmedia":[{"embeddable":true,"href":"https:\/\/ceoparts.com\/tr\/wp-json\/wp\/v2\/media\/17670"}],"wp:attachment":[{"href":"https:\/\/ceoparts.com\/tr\/wp-json\/wp\/v2\/media?parent=8489"}],"wp:term":[{"taxonomy":"product_brand","embeddable":true,"href":"https:\/\/ceoparts.com\/tr\/wp-json\/wp\/v2\/product_brand?post=8489"},{"taxonomy":"product_cat","embeddable":true,"href":"https:\/\/ceoparts.com\/tr\/wp-json\/wp\/v2\/product_cat?post=8489"},{"taxonomy":"product_tag","embeddable":true,"href":"https:\/\/ceoparts.com\/tr\/wp-json\/wp\/v2\/product_tag?post=8489"}],"curies":[{"name":"wp","href":"https:\/\/api.w.org\/{rel}","templated":true}]}}