{"id":8490,"date":"2021-02-15T22:33:36","date_gmt":"2021-02-15T19:33:36","guid":{"rendered":"https:\/\/ceoparts.com\/?post_type=product&#038;p=8490"},"modified":"2026-05-16T17:28:19","modified_gmt":"2026-05-16T14:28:19","slug":"343x135-90-7b-185-24-125-yuruyus-tekeri","status":"publish","type":"product","link":"https:\/\/ceoparts.com\/tr\/urun\/343x135-90-7b-185-24-125-yuruyus-tekeri\/","title":{"rendered":"343&#215;135-90 7B 18,5\/24 125 Y\u00fcr\u00fcy\u00fc\u015f Tekeri"},"content":{"rendered":"<p>343&#215;135-90 7B 18,5\/24 125 Y\u00fcr\u00fcy\u00fc\u015f Tekeri<\/p>","protected":false},"excerpt":{"rendered":"<p data-start=\"104\" data-end=\"541\"><br data-start=\"109\" data-end=\"112\" \/>Forklift ve i\u015f makineleri i\u00e7in tasarlanm\u0131\u015f <strong data-start=\"155\" data-end=\"199\">343\u00d7135-90 7B 18,5\/24 125 Y\u00fcr\u00fcy\u00fc\u015f Tekeri<\/strong>, \u00fcst\u00fcn dayan\u0131kl\u0131l\u0131k ve y\u00fcksek performans sunar. G\u00fc\u00e7lendirilmi\u015f kau\u00e7uk yap\u0131s\u0131 ve sa\u011flam metal g\u00f6vdesi sayesinde zorlu \u00e7al\u0131\u015fma ko\u015fullar\u0131na kar\u015f\u0131 diren\u00e7lidir. Titre\u015fimleri minimize ederek operat\u00f6r konforunu art\u0131r\u0131r ve makinenizin dengeli hareket etmesini sa\u011flar. Kolay bak\u0131m ve uzun \u00f6m\u00fcrl\u00fc kullan\u0131m \u00f6zellikleri ile i\u015f verimlili\u011finizi destekler.<\/p>\n<p data-start=\"543\" data-end=\"856\"><strong data-start=\"543\" data-end=\"557\">\u00d6zellikler<\/strong><br data-start=\"557\" data-end=\"560\" \/><strong data-start=\"560\" data-end=\"573\">\u00dcr\u00fcn Ad\u0131:<\/strong> Y\u00fcr\u00fcy\u00fc\u015f Tekeri<br data-start=\"588\" data-end=\"591\" \/><strong data-start=\"591\" data-end=\"601\">Boyut:<\/strong> 343\u00d7135-90<br data-start=\"612\" data-end=\"615\" \/><strong data-start=\"615\" data-end=\"623\">Tip:<\/strong> 7B<br data-start=\"626\" data-end=\"629\" \/><strong data-start=\"629\" data-end=\"638\">\u00d6l\u00e7\u00fc:<\/strong> 18,5\/24 125<br data-start=\"650\" data-end=\"653\" \/><strong data-start=\"653\" data-end=\"665\">Malzeme:<\/strong> G\u00fc\u00e7lendirilmi\u015f kau\u00e7uk, metal g\u00f6vde<br data-start=\"700\" data-end=\"703\" \/><strong data-start=\"703\" data-end=\"722\">Kullan\u0131m Alan\u0131:<\/strong> Forklift ve i\u015f makineleri y\u00fcr\u00fcy\u00fc\u015f sistemi<br data-start=\"764\" data-end=\"767\" \/><strong data-start=\"767\" data-end=\"779\">Avantaj:<\/strong> Y\u00fcksek a\u015f\u0131nma direnci, titre\u015fim azaltma, uzun \u00f6m\u00fcr, kolay bak\u0131m, stabilite<\/p>\n<p data-start=\"858\" data-end=\"1255\">\n","protected":false},"featured_media":17674,"template":"","meta":[],"product_brand":[],"product_cat":[193],"product_tag":[],"class_list":{"0":"post-8490","1":"product","2":"type-product","3":"status-publish","4":"has-post-thumbnail","6":"product_cat-yuruyus-tekeri","8":"first","9":"instock","10":"taxable","11":"shipping-taxable","12":"purchasable","13":"product-type-simple"},"_links":{"self":[{"href":"https:\/\/ceoparts.com\/tr\/wp-json\/wp\/v2\/product\/8490","targetHints":{"allow":["GET"]}}],"collection":[{"href":"https:\/\/ceoparts.com\/tr\/wp-json\/wp\/v2\/product"}],"about":[{"href":"https:\/\/ceoparts.com\/tr\/wp-json\/wp\/v2\/types\/product"}],"wp:featuredmedia":[{"embeddable":true,"href":"https:\/\/ceoparts.com\/tr\/wp-json\/wp\/v2\/media\/17674"}],"wp:attachment":[{"href":"https:\/\/ceoparts.com\/tr\/wp-json\/wp\/v2\/media?parent=8490"}],"wp:term":[{"taxonomy":"product_brand","embeddable":true,"href":"https:\/\/ceoparts.com\/tr\/wp-json\/wp\/v2\/product_brand?post=8490"},{"taxonomy":"product_cat","embeddable":true,"href":"https:\/\/ceoparts.com\/tr\/wp-json\/wp\/v2\/product_cat?post=8490"},{"taxonomy":"product_tag","embeddable":true,"href":"https:\/\/ceoparts.com\/tr\/wp-json\/wp\/v2\/product_tag?post=8490"}],"curies":[{"name":"wp","href":"https:\/\/api.w.org\/{rel}","templated":true}]}}