{"id":8492,"date":"2021-02-15T22:50:56","date_gmt":"2021-02-15T19:50:56","guid":{"rendered":"https:\/\/ceoparts.com\/?post_type=product&#038;p=8492"},"modified":"2026-05-16T11:51:12","modified_gmt":"2026-05-16T08:51:12","slug":"250x75-80-5b-112-yuruyus-tekeri","status":"publish","type":"product","link":"https:\/\/ceoparts.com\/tr\/urun\/250x75-80-5b-112-yuruyus-tekeri\/","title":{"rendered":"250&#215;75-80 5B Tellura Rota Y\u00fcr\u00fcy\u00fc\u015f Tekeri &#8211; 7577494"},"content":{"rendered":"<p>250&#215;75-80 5B Tellura Rota Y\u00fcr\u00fcy\u00fc\u015f Tekeri &#8211; 7577494<\/p>","protected":false},"excerpt":{"rendered":"<p data-start=\"114\" data-end=\"594\"><br data-start=\"119\" data-end=\"122\" \/>Forklift ve i\u015f makineleri i\u00e7in \u00f6zel olarak tasarlanm\u0131\u015f <strong data-start=\"177\" data-end=\"231\">250\u00d775-80 5B Tellura Rota Y\u00fcr\u00fcy\u00fc\u015f Tekeri \u2013 7577494<\/strong>, y\u00fcksek dayan\u0131kl\u0131l\u0131k ve \u00fcst\u00fcn performans sunar. Tellura Rota malzemesi sayesinde m\u00fckemmel a\u015f\u0131nma direnci ve y\u00fcksek stabilite sa\u011flar. G\u00fc\u00e7lendirilmi\u015f metal g\u00f6vdesi zorlu \u00e7al\u0131\u015fma ko\u015fullar\u0131na kar\u015f\u0131 dayan\u0131kl\u0131d\u0131r. Titre\u015fimleri azaltarak operat\u00f6r konforunu art\u0131r\u0131r ve makinenizin dengeli hareket etmesini sa\u011flar. Kolay bak\u0131m \u00f6zellikleriyle i\u015f verimlili\u011finizi destekler.<\/p>\n<p data-start=\"596\" data-end=\"927\"><strong data-start=\"596\" data-end=\"610\">\u00d6zellikler<\/strong><br data-start=\"610\" data-end=\"613\" \/><strong data-start=\"613\" data-end=\"626\">\u00dcr\u00fcn Ad\u0131:<\/strong> 5B Tellura Rota Y\u00fcr\u00fcy\u00fc\u015f Tekeri<br data-start=\"657\" data-end=\"660\" \/><strong data-start=\"660\" data-end=\"675\">Par\u00e7a Kodu:<\/strong> 7577494<br data-start=\"683\" data-end=\"686\" \/><strong data-start=\"686\" data-end=\"696\">Boyut:<\/strong> 250\u00d775-80<br data-start=\"706\" data-end=\"709\" \/><strong data-start=\"709\" data-end=\"721\">Malzeme:<\/strong> Tellura Rota, g\u00fc\u00e7lendirilmi\u015f metal g\u00f6vde<br data-start=\"762\" data-end=\"765\" \/><strong data-start=\"765\" data-end=\"784\">Kullan\u0131m Alan\u0131:<\/strong> Forklift ve i\u015f makineleri y\u00fcr\u00fcy\u00fc\u015f sistemi<br data-start=\"826\" data-end=\"829\" \/><strong data-start=\"829\" data-end=\"841\">Avantaj:<\/strong> M\u00fckemmel a\u015f\u0131nma direnci, y\u00fcksek stabilite, titre\u015fim azaltma, uzun \u00f6m\u00fcr, kolay bak\u0131m<\/p>\n<p data-start=\"929\" data-end=\"1399\">\n","protected":false},"featured_media":11483,"template":"","meta":[],"product_brand":[],"product_cat":[412,414,193],"product_tag":[],"class_list":{"0":"post-8492","1":"product","2":"type-product","3":"status-publish","4":"has-post-thumbnail","6":"product_cat-tellure-rota","7":"product_cat-yuruyus-tekeri-rota","8":"product_cat-yuruyus-tekeri","10":"first","11":"instock","12":"taxable","13":"shipping-taxable","14":"purchasable","15":"product-type-simple"},"_links":{"self":[{"href":"https:\/\/ceoparts.com\/tr\/wp-json\/wp\/v2\/product\/8492","targetHints":{"allow":["GET"]}}],"collection":[{"href":"https:\/\/ceoparts.com\/tr\/wp-json\/wp\/v2\/product"}],"about":[{"href":"https:\/\/ceoparts.com\/tr\/wp-json\/wp\/v2\/types\/product"}],"wp:featuredmedia":[{"embeddable":true,"href":"https:\/\/ceoparts.com\/tr\/wp-json\/wp\/v2\/media\/11483"}],"wp:attachment":[{"href":"https:\/\/ceoparts.com\/tr\/wp-json\/wp\/v2\/media?parent=8492"}],"wp:term":[{"taxonomy":"product_brand","embeddable":true,"href":"https:\/\/ceoparts.com\/tr\/wp-json\/wp\/v2\/product_brand?post=8492"},{"taxonomy":"product_cat","embeddable":true,"href":"https:\/\/ceoparts.com\/tr\/wp-json\/wp\/v2\/product_cat?post=8492"},{"taxonomy":"product_tag","embeddable":true,"href":"https:\/\/ceoparts.com\/tr\/wp-json\/wp\/v2\/product_tag?post=8492"}],"curies":[{"name":"wp","href":"https:\/\/api.w.org\/{rel}","templated":true}]}}