{"id":8493,"date":"2021-02-15T22:52:18","date_gmt":"2021-02-15T19:52:18","guid":{"rendered":"https:\/\/ceoparts.com\/?post_type=product&#038;p=8493"},"modified":"2026-05-16T16:18:34","modified_gmt":"2026-05-16T13:18:34","slug":"250x75-84-45-yuruyus-tekeri","status":"publish","type":"product","link":"https:\/\/ceoparts.com\/tr\/urun\/250x75-84-45-yuruyus-tekeri\/","title":{"rendered":"250&#215;75\/84-45 MSL Y\u00fcr\u00fcy\u00fc\u015f Tekeri"},"content":{"rendered":"<p>250&#215;75\/84-45 MSL Y\u00fcr\u00fcy\u00fc\u015f Tekeri<\/p>\n<p>Hyster\u00a0\/\u00a0Yale 582042236<\/p>\n<p>Hyster P 1.6\u00a0 A418<\/p>","protected":false},"excerpt":{"rendered":"<p data-start=\"95\" data-end=\"563\"><br data-start=\"100\" data-end=\"103\" \/>Forklift ve i\u015f makineleri i\u00e7in tasarlanm\u0131\u015f <strong data-start=\"146\" data-end=\"181\">250\u00d775\/84-45 MSL Y\u00fcr\u00fcy\u00fc\u015f Tekeri<\/strong>, y\u00fcksek dayan\u0131kl\u0131l\u0131k ve \u00fcst\u00fcn performans sunar. MSL malzemesi ile \u00fcretilen bu y\u00fcr\u00fcy\u00fc\u015f tekeri, a\u015f\u0131nmaya kar\u015f\u0131 diren\u00e7lidir ve zorlu \u00e7al\u0131\u015fma ko\u015fullar\u0131nda uzun \u00f6m\u00fcrl\u00fc kullan\u0131m sa\u011flar. G\u00fc\u00e7lendirilmi\u015f metal g\u00f6vdesi, titre\u015fimleri azaltarak operat\u00f6r konforunu art\u0131r\u0131r. Y\u00fcksek stabilite ile makinenizin dengeli hareket etmesini sa\u011flar. Kolay bak\u0131m \u00f6zelli\u011fi ile i\u015f verimlili\u011finizi destekler.<\/p>\n<p data-start=\"565\" data-end=\"869\"><strong data-start=\"565\" data-end=\"579\">\u00d6zellikler<\/strong><br data-start=\"579\" data-end=\"582\" \/><strong data-start=\"582\" data-end=\"595\">\u00dcr\u00fcn Ad\u0131:<\/strong> MSL Y\u00fcr\u00fcy\u00fc\u015f Tekeri<br data-start=\"614\" data-end=\"617\" \/><strong data-start=\"617\" data-end=\"627\">Boyut:<\/strong> 250\u00d775\/84-45<br data-start=\"640\" data-end=\"643\" \/><strong data-start=\"643\" data-end=\"655\">Malzeme:<\/strong> MSL (y\u00fcksek dayan\u0131ml\u0131 kau\u00e7uk), g\u00fc\u00e7lendirilmi\u015f metal g\u00f6vde<br data-start=\"713\" data-end=\"716\" \/><strong data-start=\"716\" data-end=\"735\">Kullan\u0131m Alan\u0131:<\/strong> Forklift ve i\u015f makineleri y\u00fcr\u00fcy\u00fc\u015f sistemi<br data-start=\"777\" data-end=\"780\" \/><strong data-start=\"780\" data-end=\"792\">Avantaj:<\/strong> Y\u00fcksek a\u015f\u0131nma direnci, titre\u015fim azaltma, uzun \u00f6m\u00fcr, stabilite, kolay bak\u0131m<\/p>\n<p data-start=\"871\" data-end=\"1311\">\n","protected":false},"featured_media":11276,"template":"","meta":[],"product_brand":[],"product_cat":[260,395,397,256,193],"product_tag":[],"class_list":{"0":"post-8493","1":"product","2":"type-product","3":"status-publish","4":"has-post-thumbnail","6":"product_cat-yuruyus-tekeri-hyster","7":"product_cat-ceoparts","8":"product_cat-yuruyus-tekeri-ceo","9":"product_cat-hyster","10":"product_cat-yuruyus-tekeri","12":"first","13":"instock","14":"taxable","15":"shipping-taxable","16":"purchasable","17":"product-type-simple"},"_links":{"self":[{"href":"https:\/\/ceoparts.com\/tr\/wp-json\/wp\/v2\/product\/8493","targetHints":{"allow":["GET"]}}],"collection":[{"href":"https:\/\/ceoparts.com\/tr\/wp-json\/wp\/v2\/product"}],"about":[{"href":"https:\/\/ceoparts.com\/tr\/wp-json\/wp\/v2\/types\/product"}],"wp:featuredmedia":[{"embeddable":true,"href":"https:\/\/ceoparts.com\/tr\/wp-json\/wp\/v2\/media\/11276"}],"wp:attachment":[{"href":"https:\/\/ceoparts.com\/tr\/wp-json\/wp\/v2\/media?parent=8493"}],"wp:term":[{"taxonomy":"product_brand","embeddable":true,"href":"https:\/\/ceoparts.com\/tr\/wp-json\/wp\/v2\/product_brand?post=8493"},{"taxonomy":"product_cat","embeddable":true,"href":"https:\/\/ceoparts.com\/tr\/wp-json\/wp\/v2\/product_cat?post=8493"},{"taxonomy":"product_tag","embeddable":true,"href":"https:\/\/ceoparts.com\/tr\/wp-json\/wp\/v2\/product_tag?post=8493"}],"curies":[{"name":"wp","href":"https:\/\/api.w.org\/{rel}","templated":true}]}}