{"id":8494,"date":"2021-02-15T22:53:56","date_gmt":"2021-02-15T19:53:56","guid":{"rendered":"https:\/\/ceoparts.com\/?post_type=product&#038;p=8494"},"modified":"2026-05-16T23:11:42","modified_gmt":"2026-05-16T20:11:42","slug":"250x80-yuruyus-tekeri","status":"publish","type":"product","link":"https:\/\/ceoparts.com\/tr\/urun\/250x80-yuruyus-tekeri\/","title":{"rendered":"250&#215;80 Y\u00fcr\u00fcy\u00fc\u015f Tekeri"},"content":{"rendered":"<p>250&#215;80 Y\u00fcr\u00fcy\u00fc\u015f Tekeri<\/p>","protected":false},"excerpt":{"rendered":"<p data-start=\"85\" data-end=\"441\"><br data-start=\"90\" data-end=\"93\" \/>Forklift ve i\u015f makineleri i\u00e7in ideal olan <strong data-start=\"135\" data-end=\"160\">250\u00d780 Y\u00fcr\u00fcy\u00fc\u015f Tekeri<\/strong>, y\u00fcksek dayan\u0131kl\u0131l\u0131k ve uzun \u00f6m\u00fcr sa\u011flar. Sa\u011flam kau\u00e7uk malzemesi ile zorlu \u00e7al\u0131\u015fma ko\u015fullar\u0131na dayan\u0131kl\u0131 olup, titre\u015fimleri azaltarak operat\u00f6r konforunu art\u0131r\u0131r. Metal g\u00f6vdesi sayesinde sa\u011flaml\u0131k ve stabilite sunar. Kolay bak\u0131m ve de\u011fi\u015fim imkan\u0131 ile i\u015f verimlili\u011finizi destekler.<\/p>\n<p data-start=\"443\" data-end=\"709\"><strong data-start=\"443\" data-end=\"457\">\u00d6zellikler<\/strong><br data-start=\"457\" data-end=\"460\" \/><strong data-start=\"460\" data-end=\"473\">\u00dcr\u00fcn Ad\u0131:<\/strong> Y\u00fcr\u00fcy\u00fc\u015f Tekeri<br data-start=\"488\" data-end=\"491\" \/><strong data-start=\"491\" data-end=\"501\">Boyut:<\/strong> 250\u00d780<br data-start=\"508\" data-end=\"511\" \/><strong data-start=\"511\" data-end=\"523\">Malzeme:<\/strong> Dayan\u0131kl\u0131 kau\u00e7uk, metal g\u00f6vde<br data-start=\"553\" data-end=\"556\" \/><strong data-start=\"556\" data-end=\"575\">Kullan\u0131m Alan\u0131:<\/strong> Forklift ve i\u015f makineleri y\u00fcr\u00fcy\u00fc\u015f sistemi<br data-start=\"617\" data-end=\"620\" \/><strong data-start=\"620\" data-end=\"632\">Avantaj:<\/strong> Y\u00fcksek a\u015f\u0131nma direnci, titre\u015fim azaltma, uzun \u00f6m\u00fcr, kolay bak\u0131m, stabilite<\/p>\n<p data-start=\"711\" data-end=\"1072\">\n","protected":false},"featured_media":17671,"template":"","meta":[],"product_brand":[],"product_cat":[193],"product_tag":[],"class_list":{"0":"post-8494","1":"product","2":"type-product","3":"status-publish","4":"has-post-thumbnail","6":"product_cat-yuruyus-tekeri","8":"first","9":"instock","10":"taxable","11":"shipping-taxable","12":"purchasable","13":"product-type-simple"},"_links":{"self":[{"href":"https:\/\/ceoparts.com\/tr\/wp-json\/wp\/v2\/product\/8494","targetHints":{"allow":["GET"]}}],"collection":[{"href":"https:\/\/ceoparts.com\/tr\/wp-json\/wp\/v2\/product"}],"about":[{"href":"https:\/\/ceoparts.com\/tr\/wp-json\/wp\/v2\/types\/product"}],"wp:featuredmedia":[{"embeddable":true,"href":"https:\/\/ceoparts.com\/tr\/wp-json\/wp\/v2\/media\/17671"}],"wp:attachment":[{"href":"https:\/\/ceoparts.com\/tr\/wp-json\/wp\/v2\/media?parent=8494"}],"wp:term":[{"taxonomy":"product_brand","embeddable":true,"href":"https:\/\/ceoparts.com\/tr\/wp-json\/wp\/v2\/product_brand?post=8494"},{"taxonomy":"product_cat","embeddable":true,"href":"https:\/\/ceoparts.com\/tr\/wp-json\/wp\/v2\/product_cat?post=8494"},{"taxonomy":"product_tag","embeddable":true,"href":"https:\/\/ceoparts.com\/tr\/wp-json\/wp\/v2\/product_tag?post=8494"}],"curies":[{"name":"wp","href":"https:\/\/api.w.org\/{rel}","templated":true}]}}