{"id":8496,"date":"2021-02-15T22:58:13","date_gmt":"2021-02-15T19:58:13","guid":{"rendered":"https:\/\/ceoparts.com\/?post_type=product&#038;p=8496"},"modified":"2026-05-16T21:09:50","modified_gmt":"2026-05-16T18:09:50","slug":"250x105-80-5b-16-24-112-yuruyus-tekeri","status":"publish","type":"product","link":"https:\/\/ceoparts.com\/tr\/urun\/250x105-80-5b-16-24-112-yuruyus-tekeri\/","title":{"rendered":"250&#215;105-80 Vulkoprin Y\u00fcr\u00fcy\u00fc\u015f Tekeri &#8211; 135161"},"content":{"rendered":"<p>250&#215;105-80 Vulkoprin Y\u00fcr\u00fcy\u00fc\u015f Tekeri &#8211; 135161<\/p>","protected":false},"excerpt":{"rendered":"<p data-start=\"108\" data-end=\"542\"><br data-start=\"113\" data-end=\"116\" \/>Forklift ve i\u015f makineleri i\u00e7in tasarlanm\u0131\u015f <strong data-start=\"159\" data-end=\"207\">250\u00d7105-80 Vulkoprin Y\u00fcr\u00fcy\u00fc\u015f Tekeri \u2013 135161<\/strong>, \u00fcst\u00fcn dayan\u0131kl\u0131l\u0131k ve performans sunar. Vulkoprin malzemesi sayesinde y\u00fcksek a\u015f\u0131nma direnci ve m\u00fckemmel yanal stabilite sa\u011flar. Sa\u011flam metal g\u00f6vdesi, zorlu \u00e7al\u0131\u015fma ko\u015fullar\u0131na kar\u015f\u0131 dayan\u0131kl\u0131d\u0131r. Titre\u015fimleri azaltarak operat\u00f6r konforunu art\u0131r\u0131r ve uzun \u00f6m\u00fcrl\u00fc kullan\u0131m sa\u011flar. Kolay bak\u0131m \u00f6zellikleri ile i\u015f verimlili\u011fini destekler.<\/p>\n<p data-start=\"544\" data-end=\"842\"><strong data-start=\"544\" data-end=\"558\">\u00d6zellikler<\/strong><br data-start=\"558\" data-end=\"561\" \/><strong data-start=\"561\" data-end=\"574\">\u00dcr\u00fcn Ad\u0131:<\/strong> Vulkoprin Y\u00fcr\u00fcy\u00fc\u015f Tekeri<br data-start=\"599\" data-end=\"602\" \/><strong data-start=\"602\" data-end=\"617\">Par\u00e7a Kodu:<\/strong> 135161<br data-start=\"624\" data-end=\"627\" \/><strong data-start=\"627\" data-end=\"639\">Malzeme:<\/strong> Vulkoprin, g\u00fc\u00e7lendirilmi\u015f metal g\u00f6vde<br data-start=\"677\" data-end=\"680\" \/><strong data-start=\"680\" data-end=\"699\">Kullan\u0131m Alan\u0131:<\/strong> Forklift ve i\u015f makineleri y\u00fcr\u00fcy\u00fc\u015f sistemi<br data-start=\"741\" data-end=\"744\" \/><strong data-start=\"744\" data-end=\"756\">Avantaj:<\/strong> Y\u00fcksek a\u015f\u0131nma direnci, m\u00fckemmel stabilite, titre\u015fim azaltma, uzun \u00f6m\u00fcr, kolay bak\u0131m<\/p>\n<p data-start=\"844\" data-end=\"1285\">\n","protected":false},"featured_media":11296,"template":"","meta":[],"product_brand":[],"product_cat":[193],"product_tag":[],"class_list":{"0":"post-8496","1":"product","2":"type-product","3":"status-publish","4":"has-post-thumbnail","6":"product_cat-yuruyus-tekeri","8":"first","9":"instock","10":"taxable","11":"shipping-taxable","12":"purchasable","13":"product-type-simple"},"_links":{"self":[{"href":"https:\/\/ceoparts.com\/tr\/wp-json\/wp\/v2\/product\/8496","targetHints":{"allow":["GET"]}}],"collection":[{"href":"https:\/\/ceoparts.com\/tr\/wp-json\/wp\/v2\/product"}],"about":[{"href":"https:\/\/ceoparts.com\/tr\/wp-json\/wp\/v2\/types\/product"}],"wp:featuredmedia":[{"embeddable":true,"href":"https:\/\/ceoparts.com\/tr\/wp-json\/wp\/v2\/media\/11296"}],"wp:attachment":[{"href":"https:\/\/ceoparts.com\/tr\/wp-json\/wp\/v2\/media?parent=8496"}],"wp:term":[{"taxonomy":"product_brand","embeddable":true,"href":"https:\/\/ceoparts.com\/tr\/wp-json\/wp\/v2\/product_brand?post=8496"},{"taxonomy":"product_cat","embeddable":true,"href":"https:\/\/ceoparts.com\/tr\/wp-json\/wp\/v2\/product_cat?post=8496"},{"taxonomy":"product_tag","embeddable":true,"href":"https:\/\/ceoparts.com\/tr\/wp-json\/wp\/v2\/product_tag?post=8496"}],"curies":[{"name":"wp","href":"https:\/\/api.w.org\/{rel}","templated":true}]}}