{"id":8498,"date":"2021-02-15T23:02:36","date_gmt":"2021-02-15T20:02:36","guid":{"rendered":"https:\/\/ceoparts.com\/?post_type=product&#038;p=8498"},"modified":"2026-05-03T03:08:44","modified_gmt":"2026-05-03T00:08:44","slug":"254x100-80-5b-185-24-112-yuruyus-tekeri","status":"publish","type":"product","link":"https:\/\/ceoparts.com\/tr\/urun\/254x100-80-5b-185-24-112-yuruyus-tekeri\/","title":{"rendered":"254&#215;100-80 5B 18,5\/24 112 Y\u00fcr\u00fcy\u00fc\u015f Tekeri"},"content":{"rendered":"<p>254&#215;100-80 5B 18,5\/24 112 Y\u00fcr\u00fcy\u00fc\u015f Tekeri<\/p>","protected":false},"excerpt":{"rendered":"<p data-start=\"104\" data-end=\"514\"><br data-start=\"109\" data-end=\"112\" \/>Forklift ve i\u015f makineleri i\u00e7in \u00f6zel olarak tasarlanm\u0131\u015f <strong data-start=\"167\" data-end=\"211\">254\u00d7100-80 5B 18,5\/24 112 Y\u00fcr\u00fcy\u00fc\u015f Tekeri<\/strong>, y\u00fcksek dayan\u0131kl\u0131l\u0131k ve \u00fcst\u00fcn performans sunar. G\u00fc\u00e7lendirilmi\u015f kau\u00e7uk ve sa\u011flam metal g\u00f6vde yap\u0131s\u0131 ile zorlu \u00e7al\u0131\u015fma ko\u015fullar\u0131na kar\u015f\u0131 diren\u00e7lidir. Titre\u015fimleri minimize ederek operat\u00f6r konforunu art\u0131r\u0131r ve makine hareketinin dengeli olmas\u0131n\u0131 sa\u011flar. Kolay bak\u0131m \u00f6zelli\u011fiyle i\u015f verimlili\u011fini destekler.<\/p>\n<p data-start=\"516\" data-end=\"839\"><strong data-start=\"516\" data-end=\"530\">\u00d6zellikler<\/strong><br data-start=\"530\" data-end=\"533\" \/><strong data-start=\"533\" data-end=\"546\">\u00dcr\u00fcn Ad\u0131:<\/strong> Y\u00fcr\u00fcy\u00fc\u015f Tekeri<br data-start=\"561\" data-end=\"564\" \/><strong data-start=\"564\" data-end=\"574\">Boyut:<\/strong> 254\u00d7100-80<br data-start=\"585\" data-end=\"588\" \/><strong data-start=\"588\" data-end=\"596\">Tip:<\/strong> 5B<br data-start=\"599\" data-end=\"602\" \/><strong data-start=\"602\" data-end=\"611\">\u00d6l\u00e7\u00fc:<\/strong> 18,5\/24 112<br data-start=\"623\" data-end=\"626\" \/><strong data-start=\"626\" data-end=\"638\">Malzeme:<\/strong> Dayan\u0131kl\u0131 kau\u00e7uk, g\u00fc\u00e7lendirilmi\u015f metal g\u00f6vde<br data-start=\"683\" data-end=\"686\" \/><strong data-start=\"686\" data-end=\"705\">Kullan\u0131m Alan\u0131:<\/strong> Forklift ve i\u015f makineleri y\u00fcr\u00fcy\u00fc\u015f sistemi<br data-start=\"747\" data-end=\"750\" \/><strong data-start=\"750\" data-end=\"762\">Avantaj:<\/strong> Y\u00fcksek a\u015f\u0131nma direnci, titre\u015fim azaltma, uzun \u00f6m\u00fcr, kolay bak\u0131m, stabilite<\/p>\n<p data-start=\"841\" data-end=\"1215\">\n","protected":false},"featured_media":17673,"template":"","meta":[],"product_brand":[],"product_cat":[193],"product_tag":[],"class_list":{"0":"post-8498","1":"product","2":"type-product","3":"status-publish","4":"has-post-thumbnail","6":"product_cat-yuruyus-tekeri","8":"first","9":"instock","10":"taxable","11":"shipping-taxable","12":"purchasable","13":"product-type-simple"},"_links":{"self":[{"href":"https:\/\/ceoparts.com\/tr\/wp-json\/wp\/v2\/product\/8498","targetHints":{"allow":["GET"]}}],"collection":[{"href":"https:\/\/ceoparts.com\/tr\/wp-json\/wp\/v2\/product"}],"about":[{"href":"https:\/\/ceoparts.com\/tr\/wp-json\/wp\/v2\/types\/product"}],"wp:featuredmedia":[{"embeddable":true,"href":"https:\/\/ceoparts.com\/tr\/wp-json\/wp\/v2\/media\/17673"}],"wp:attachment":[{"href":"https:\/\/ceoparts.com\/tr\/wp-json\/wp\/v2\/media?parent=8498"}],"wp:term":[{"taxonomy":"product_brand","embeddable":true,"href":"https:\/\/ceoparts.com\/tr\/wp-json\/wp\/v2\/product_brand?post=8498"},{"taxonomy":"product_cat","embeddable":true,"href":"https:\/\/ceoparts.com\/tr\/wp-json\/wp\/v2\/product_cat?post=8498"},{"taxonomy":"product_tag","embeddable":true,"href":"https:\/\/ceoparts.com\/tr\/wp-json\/wp\/v2\/product_tag?post=8498"}],"curies":[{"name":"wp","href":"https:\/\/api.w.org\/{rel}","templated":true}]}}