{"id":8499,"date":"2021-02-15T23:04:16","date_gmt":"2021-02-15T20:04:16","guid":{"rendered":"https:\/\/ceoparts.com\/?post_type=product&#038;p=8499"},"modified":"2026-05-16T20:32:59","modified_gmt":"2026-05-16T17:32:59","slug":"310x120-80-5b-16-24-112-yuruyus-tekeri","status":"publish","type":"product","link":"https:\/\/ceoparts.com\/tr\/urun\/310x120-80-5b-16-24-112-yuruyus-tekeri\/","title":{"rendered":"310&#215;120-80 5B Stellana Vulkollan Y\u00fcr\u00fcy\u00fc\u015f Tekeri &#8211; 241752"},"content":{"rendered":"<p>310&#215;120-80 5B Stellana Vulkollan Y\u00fcr\u00fcy\u00fc\u015f Tekeri &#8211; 241752<\/p>\n<p>BT 241752<\/p>\n<p>RRE120M<\/p>\n<p>RRE120MCRRE140M<\/p>\n<p>RRE140MC<\/p>\n<p>RRE160M<\/p>\n<p>RRE160MC<\/p>","protected":false},"excerpt":{"rendered":"<p data-start=\"120\" data-end=\"535\"><br data-start=\"125\" data-end=\"128\" \/>Forklift ve i\u015f makineleri i\u00e7in \u00f6zel olarak tasarlanm\u0131\u015f <strong data-start=\"183\" data-end=\"243\">310\u00d7120-80 5B Stellana Vulkollan Y\u00fcr\u00fcy\u00fc\u015f Tekeri \u2013 241752<\/strong>, \u00fcst\u00fcn a\u015f\u0131nma direnci ve m\u00fckemmel stabilite sunar. Vulkollan malzemesi sayesinde uzun \u00f6m\u00fcrl\u00fc performans sa\u011flar ve zorlay\u0131c\u0131 \u00e7al\u0131\u015fma ko\u015fullar\u0131na dayan\u0131kl\u0131d\u0131r. G\u00fc\u00e7lendirilmi\u015f metal g\u00f6vdesi ile titre\u015fimleri azaltarak operat\u00f6r konforunu art\u0131r\u0131r. Kolay bak\u0131m imkan\u0131yla i\u015f verimlili\u011fini destekler.<\/p>\n<p data-start=\"537\" data-end=\"835\"><strong data-start=\"537\" data-end=\"551\">\u00d6zellikler<\/strong><br data-start=\"551\" data-end=\"554\" \/><strong data-start=\"554\" data-end=\"567\">\u00dcr\u00fcn Ad\u0131:<\/strong> Vulkollan Y\u00fcr\u00fcy\u00fc\u015f Tekeri<br data-start=\"592\" data-end=\"595\" \/><strong data-start=\"595\" data-end=\"610\">Par\u00e7a Kodu:<\/strong> 241752<br data-start=\"617\" data-end=\"620\" \/><strong data-start=\"620\" data-end=\"632\">Malzeme:<\/strong> Vulkollan, g\u00fc\u00e7lendirilmi\u015f metal g\u00f6vde<br data-start=\"670\" data-end=\"673\" \/><strong data-start=\"673\" data-end=\"692\">Kullan\u0131m Alan\u0131:<\/strong> Forklift ve i\u015f makineleri y\u00fcr\u00fcy\u00fc\u015f sistemi<br data-start=\"734\" data-end=\"737\" \/><strong data-start=\"737\" data-end=\"749\">Avantaj:<\/strong> Y\u00fcksek a\u015f\u0131nma direnci, m\u00fckemmel stabilite, titre\u015fim azaltma, uzun \u00f6m\u00fcr, kolay bak\u0131m<\/p>\n<p data-start=\"837\" data-end=\"1260\">\n","protected":false},"featured_media":16827,"template":"","meta":[],"product_brand":[],"product_cat":[251,254,416,418,193],"product_tag":[],"class_list":{"0":"post-8499","1":"product","2":"type-product","3":"status-publish","4":"has-post-thumbnail","6":"product_cat-bt","7":"product_cat-yuruyus-tekeri-bt","8":"product_cat-stellana","9":"product_cat-yuruyus-tekeri-stellana","10":"product_cat-yuruyus-tekeri","12":"first","13":"instock","14":"taxable","15":"shipping-taxable","16":"purchasable","17":"product-type-simple"},"_links":{"self":[{"href":"https:\/\/ceoparts.com\/tr\/wp-json\/wp\/v2\/product\/8499","targetHints":{"allow":["GET"]}}],"collection":[{"href":"https:\/\/ceoparts.com\/tr\/wp-json\/wp\/v2\/product"}],"about":[{"href":"https:\/\/ceoparts.com\/tr\/wp-json\/wp\/v2\/types\/product"}],"wp:featuredmedia":[{"embeddable":true,"href":"https:\/\/ceoparts.com\/tr\/wp-json\/wp\/v2\/media\/16827"}],"wp:attachment":[{"href":"https:\/\/ceoparts.com\/tr\/wp-json\/wp\/v2\/media?parent=8499"}],"wp:term":[{"taxonomy":"product_brand","embeddable":true,"href":"https:\/\/ceoparts.com\/tr\/wp-json\/wp\/v2\/product_brand?post=8499"},{"taxonomy":"product_cat","embeddable":true,"href":"https:\/\/ceoparts.com\/tr\/wp-json\/wp\/v2\/product_cat?post=8499"},{"taxonomy":"product_tag","embeddable":true,"href":"https:\/\/ceoparts.com\/tr\/wp-json\/wp\/v2\/product_tag?post=8499"}],"curies":[{"name":"wp","href":"https:\/\/api.w.org\/{rel}","templated":true}]}}