{"id":8501,"date":"2021-02-15T23:05:32","date_gmt":"2021-02-15T20:05:32","guid":{"rendered":"https:\/\/ceoparts.com\/?post_type=product&#038;p=8501"},"modified":"2026-05-16T13:30:46","modified_gmt":"2026-05-16T10:30:46","slug":"310x120-80-7b-16-24-112-yuruyus-tekeri","status":"publish","type":"product","link":"https:\/\/ceoparts.com\/tr\/urun\/310x120-80-7b-16-24-112-yuruyus-tekeri\/","title":{"rendered":"310&#215;120-80 7B Stellana Vulkollan Y\u00fcr\u00fcy\u00fc\u015f Tekeri &#8211; 151991 ,220400"},"content":{"rendered":"<p>310&#215;120-80 7B Stellana Vulkollan Y\u00fcr\u00fcy\u00fc\u015f Tekeri &#8211; 151991 ,220400<\/p>\n<p>RR B1-B3 REFLEX AC<br \/>\nRR B1CC-3CC<br \/>\nRR B2<br \/>\nRR E1-E3 REFLEX AC<br \/>\nRR E1-E3 REFLEX DC<br \/>\nRR E1CC-E3CC<br \/>\nRR E2<br \/>\nRR M1-3REFLEX AC\/DC<br \/>\nRR M12 REFLEX<br \/>\nRR M12C REFLEX<br \/>\nRR M14 REFLEX<br \/>\nRR M14C REFLEX<br \/>\nRR M16<br \/>\nRR M16C<br \/>\nRR M1C-3C REFLEX AC\/DC<br \/>\nRR 4-6 REFLEX AC\/DC<br \/>\nRR 4C-6C REFLEX AC\/DC<br \/>\nRR N1-N3 REFLEX AC<br \/>\nRR N1-N3 REFLEX DC<\/p>","protected":false},"excerpt":{"rendered":"<p data-start=\"128\" data-end=\"587\"><br data-start=\"133\" data-end=\"136\" \/>Forklift ve i\u015f makineleri i\u00e7in tasarlanm\u0131\u015f <strong data-start=\"179\" data-end=\"247\">310\u00d7120-80 7B Stellana Vulkollan Y\u00fcr\u00fcy\u00fc\u015f Tekeri \u2013 151991, 220400<\/strong>, \u00fcst\u00fcn dayan\u0131kl\u0131l\u0131k ve y\u00fcksek performans sunar. Vulkollan malzeme sayesinde y\u00fcksek a\u015f\u0131nma direnci ve m\u00fckemmel yanal stabilite sa\u011flar. G\u00fc\u00e7lendirilmi\u015f metal g\u00f6vdesi ile zorlu \u00e7al\u0131\u015fma ko\u015fullar\u0131na dayan\u0131kl\u0131 olan bu y\u00fcr\u00fcy\u00fc\u015f tekeri, titre\u015fimleri minimize ederek operat\u00f6r konforunu art\u0131r\u0131r. Kolay bak\u0131m \u00f6zellikleri ile i\u015f verimlili\u011fini destekler.<\/p>\n<p data-start=\"589\" data-end=\"895\"><strong data-start=\"589\" data-end=\"603\">\u00d6zellikler<\/strong><br data-start=\"603\" data-end=\"606\" \/><strong data-start=\"606\" data-end=\"619\">\u00dcr\u00fcn Ad\u0131:<\/strong> Vulkollan Y\u00fcr\u00fcy\u00fc\u015f Tekeri<br data-start=\"644\" data-end=\"647\" \/><strong data-start=\"647\" data-end=\"662\">Par\u00e7a Kodu:<\/strong> 151991, 220400<br data-start=\"677\" data-end=\"680\" \/><strong data-start=\"680\" data-end=\"692\">Malzeme:<\/strong> Vulkollan, g\u00fc\u00e7lendirilmi\u015f metal g\u00f6vde<br data-start=\"730\" data-end=\"733\" \/><strong data-start=\"733\" data-end=\"752\">Kullan\u0131m Alan\u0131:<\/strong> Forklift ve i\u015f makineleri y\u00fcr\u00fcy\u00fc\u015f sistemi<br data-start=\"794\" data-end=\"797\" \/><strong data-start=\"797\" data-end=\"809\">Avantaj:<\/strong> Y\u00fcksek a\u015f\u0131nma direnci, m\u00fckemmel stabilite, titre\u015fim azaltma, uzun \u00f6m\u00fcr, kolay bak\u0131m<\/p>\n<p data-start=\"897\" data-end=\"1364\">\n","protected":false},"featured_media":16789,"template":"","meta":[],"product_brand":[],"product_cat":[416,418,193],"product_tag":[],"class_list":{"0":"post-8501","1":"product","2":"type-product","3":"status-publish","4":"has-post-thumbnail","6":"product_cat-stellana","7":"product_cat-yuruyus-tekeri-stellana","8":"product_cat-yuruyus-tekeri","10":"first","11":"instock","12":"taxable","13":"shipping-taxable","14":"purchasable","15":"product-type-simple"},"_links":{"self":[{"href":"https:\/\/ceoparts.com\/tr\/wp-json\/wp\/v2\/product\/8501","targetHints":{"allow":["GET"]}}],"collection":[{"href":"https:\/\/ceoparts.com\/tr\/wp-json\/wp\/v2\/product"}],"about":[{"href":"https:\/\/ceoparts.com\/tr\/wp-json\/wp\/v2\/types\/product"}],"wp:featuredmedia":[{"embeddable":true,"href":"https:\/\/ceoparts.com\/tr\/wp-json\/wp\/v2\/media\/16789"}],"wp:attachment":[{"href":"https:\/\/ceoparts.com\/tr\/wp-json\/wp\/v2\/media?parent=8501"}],"wp:term":[{"taxonomy":"product_brand","embeddable":true,"href":"https:\/\/ceoparts.com\/tr\/wp-json\/wp\/v2\/product_brand?post=8501"},{"taxonomy":"product_cat","embeddable":true,"href":"https:\/\/ceoparts.com\/tr\/wp-json\/wp\/v2\/product_cat?post=8501"},{"taxonomy":"product_tag","embeddable":true,"href":"https:\/\/ceoparts.com\/tr\/wp-json\/wp\/v2\/product_tag?post=8501"}],"curies":[{"name":"wp","href":"https:\/\/api.w.org\/{rel}","templated":true}]}}