{"id":8503,"date":"2021-02-15T23:09:57","date_gmt":"2021-02-15T20:09:57","guid":{"rendered":"https:\/\/ceoparts.com\/?post_type=product&#038;p=8503"},"modified":"2026-05-16T22:12:17","modified_gmt":"2026-05-16T19:12:17","slug":"330x135-80-7b-145-24-112-yuruyus-tekeri","status":"publish","type":"product","link":"https:\/\/ceoparts.com\/tr\/urun\/330x135-80-7b-145-24-112-yuruyus-tekeri\/","title":{"rendered":"330&#215;135-80 7B Stellana Y\u00fcr\u00fcy\u00fc\u015f Tekeri &#8211; 9815000599"},"content":{"rendered":"<p>330&#215;135-80 7B Stellana Y\u00fcr\u00fcy\u00fc\u015f Tekeri &#8211; 9815000599<\/p>\n<p>113 R14\/16\/16N\/20\/20N<br \/>\n115 R14\/R16\/R20<br \/>\n115C R10C\/R12C\/R14C<br \/>\n117 A 10Z<\/p>","protected":false},"excerpt":{"rendered":"<p data-start=\"114\" data-end=\"542\"><br data-start=\"119\" data-end=\"122\" \/>Forklift ve i\u015f makineleri i\u00e7in tasarlanm\u0131\u015f olan <strong data-start=\"170\" data-end=\"224\">330\u00d7135-80 7B Stellana Y\u00fcr\u00fcy\u00fc\u015f Tekeri \u2013 9815000599<\/strong>, y\u00fcksek dayan\u0131kl\u0131l\u0131k ve \u00fcst\u00fcn performans sa\u011flar. G\u00fc\u00e7lendirilmi\u015f kau\u00e7uk yap\u0131s\u0131 ve sa\u011flam metal g\u00f6vdesi ile zorlu i\u015f ko\u015fullar\u0131na dayan\u0131kl\u0131d\u0131r. Operat\u00f6r konforunu art\u0131rmak i\u00e7in titre\u015fimleri azalt\u0131r ve y\u00fcr\u00fcy\u00fc\u015f esnas\u0131nda makinenin dengeli hareket etmesine yard\u0131mc\u0131 olur. Kolay bak\u0131m \u00f6zelli\u011fiyle i\u015f verimlili\u011fini destekler.<\/p>\n<p data-start=\"544\" data-end=\"826\"><strong data-start=\"544\" data-end=\"558\">\u00d6zellikler<\/strong><br data-start=\"558\" data-end=\"561\" \/><strong data-start=\"561\" data-end=\"574\">\u00dcr\u00fcn Ad\u0131:<\/strong> Y\u00fcr\u00fcy\u00fc\u015f Tekeri<br data-start=\"589\" data-end=\"592\" \/><strong data-start=\"592\" data-end=\"607\">Par\u00e7a Kodu:<\/strong> 9815000599<br data-start=\"618\" data-end=\"621\" \/><strong data-start=\"621\" data-end=\"633\">Malzeme:<\/strong> Dayan\u0131kl\u0131 kau\u00e7uk, sa\u011flam metal g\u00f6vde<br data-start=\"670\" data-end=\"673\" \/><strong data-start=\"673\" data-end=\"692\">Kullan\u0131m Alan\u0131:<\/strong> Forklift ve i\u015f makineleri y\u00fcr\u00fcy\u00fc\u015f sistemi<br data-start=\"734\" data-end=\"737\" \/><strong data-start=\"737\" data-end=\"749\">Avantaj:<\/strong> Y\u00fcksek a\u015f\u0131nma direnci, titre\u015fim azaltma, uzun \u00f6m\u00fcr, kolay bak\u0131m, stabilite<\/p>\n<p data-start=\"828\" data-end=\"1226\">\n","protected":false},"featured_media":16507,"template":"","meta":[],"product_brand":[],"product_cat":[416,418,193],"product_tag":[],"class_list":{"0":"post-8503","1":"product","2":"type-product","3":"status-publish","4":"has-post-thumbnail","6":"product_cat-stellana","7":"product_cat-yuruyus-tekeri-stellana","8":"product_cat-yuruyus-tekeri","10":"first","11":"instock","12":"taxable","13":"shipping-taxable","14":"purchasable","15":"product-type-simple"},"_links":{"self":[{"href":"https:\/\/ceoparts.com\/tr\/wp-json\/wp\/v2\/product\/8503","targetHints":{"allow":["GET"]}}],"collection":[{"href":"https:\/\/ceoparts.com\/tr\/wp-json\/wp\/v2\/product"}],"about":[{"href":"https:\/\/ceoparts.com\/tr\/wp-json\/wp\/v2\/types\/product"}],"wp:featuredmedia":[{"embeddable":true,"href":"https:\/\/ceoparts.com\/tr\/wp-json\/wp\/v2\/media\/16507"}],"wp:attachment":[{"href":"https:\/\/ceoparts.com\/tr\/wp-json\/wp\/v2\/media?parent=8503"}],"wp:term":[{"taxonomy":"product_brand","embeddable":true,"href":"https:\/\/ceoparts.com\/tr\/wp-json\/wp\/v2\/product_brand?post=8503"},{"taxonomy":"product_cat","embeddable":true,"href":"https:\/\/ceoparts.com\/tr\/wp-json\/wp\/v2\/product_cat?post=8503"},{"taxonomy":"product_tag","embeddable":true,"href":"https:\/\/ceoparts.com\/tr\/wp-json\/wp\/v2\/product_tag?post=8503"}],"curies":[{"name":"wp","href":"https:\/\/api.w.org\/{rel}","templated":true}]}}