{"id":9934,"date":"2024-09-06T13:11:15","date_gmt":"2024-09-06T10:11:15","guid":{"rendered":"https:\/\/ceoparts.com\/?post_type=product&#038;p=9934"},"modified":"2026-05-03T03:05:18","modified_gmt":"2026-05-03T00:05:18","slug":"100x74-76-13-ceoparts-yuk-tekeri","status":"publish","type":"product","link":"https:\/\/ceoparts.com\/tr\/urun\/100x74-76-13-ceoparts-yuk-tekeri\/","title":{"rendered":"100&#215;74\/76-13 Ceoparts Y\u00fck Tekeri"},"content":{"rendered":"<p>100&#215;74\/76-13 Ceoparts Y\u00fck Tekeri<\/p>","protected":false},"excerpt":{"rendered":"<p>A\u011f\u0131r y\u00fck ta\u015f\u0131ma uygulamalar\u0131 i\u00e7in \u00f6zel olarak \u00fcretilen 100\u00d774\/76-13 <strong>Ceoparts Y\u00fck Tekeri<\/strong>, y\u00fcksek ta\u015f\u0131ma kapasitesi ve a\u015f\u0131nmaya kar\u015f\u0131 dayan\u0131kl\u0131 yap\u0131s\u0131yla \u00f6ne \u00e7\u0131kar. Poli\u00fcretan kaplamas\u0131 sayesinde sessiz, g\u00fcvenli ve uzun \u00f6m\u00fcrl\u00fc kullan\u0131m sa\u011flar. Forklift, transpalet ve istif makineleriyle tam uyumlu tasar\u0131m\u0131 ile end\u00fcstriyel alanlarda verimlili\u011fi art\u0131r\u0131r.<\/p>\n<p>\u2705 100 mm \u00e7ap \u2013 74\/76 mm geni\u015flik<br \/>\n\u2705 Sessiz ve iz b\u0131rakmayan y\u00fczey<br \/>\n\u2705 Y\u00fcksek darbe emilimi ve dayan\u0131kl\u0131l\u0131k<br \/>\n\u2705 H\u0131zl\u0131 montaj, bak\u0131m gerektirmez<\/p>\n","protected":false},"featured_media":15422,"template":"","meta":[],"product_brand":[],"product_cat":[398,400],"product_tag":[],"class_list":{"0":"post-9934","1":"product","2":"type-product","3":"status-publish","4":"has-post-thumbnail","6":"product_cat-catal-tekeri-ceo","7":"product_cat-catal-tekeri","9":"first","10":"instock","11":"taxable","12":"shipping-taxable","13":"purchasable","14":"product-type-simple"},"_links":{"self":[{"href":"https:\/\/ceoparts.com\/tr\/wp-json\/wp\/v2\/product\/9934","targetHints":{"allow":["GET"]}}],"collection":[{"href":"https:\/\/ceoparts.com\/tr\/wp-json\/wp\/v2\/product"}],"about":[{"href":"https:\/\/ceoparts.com\/tr\/wp-json\/wp\/v2\/types\/product"}],"wp:featuredmedia":[{"embeddable":true,"href":"https:\/\/ceoparts.com\/tr\/wp-json\/wp\/v2\/media\/15422"}],"wp:attachment":[{"href":"https:\/\/ceoparts.com\/tr\/wp-json\/wp\/v2\/media?parent=9934"}],"wp:term":[{"taxonomy":"product_brand","embeddable":true,"href":"https:\/\/ceoparts.com\/tr\/wp-json\/wp\/v2\/product_brand?post=9934"},{"taxonomy":"product_cat","embeddable":true,"href":"https:\/\/ceoparts.com\/tr\/wp-json\/wp\/v2\/product_cat?post=9934"},{"taxonomy":"product_tag","embeddable":true,"href":"https:\/\/ceoparts.com\/tr\/wp-json\/wp\/v2\/product_tag?post=9934"}],"curies":[{"name":"wp","href":"https:\/\/api.w.org\/{rel}","templated":true}]}}