{"id":9941,"date":"2024-09-06T13:37:15","date_gmt":"2024-09-06T10:37:15","guid":{"rendered":"https:\/\/ceoparts.com\/?post_type=product&#038;p=9941"},"modified":"2026-05-03T03:05:15","modified_gmt":"2026-05-03T00:05:15","slug":"100x74-78-20-ceoparts-yuk-tekeri","status":"publish","type":"product","link":"https:\/\/ceoparts.com\/tr\/urun\/100x74-78-20-ceoparts-yuk-tekeri\/","title":{"rendered":"100&#215;74\/78-20 Ceoparts Y\u00fck Tekeri &#8211; 215179, 235971"},"content":{"rendered":"<p>100&#215;74\/78-20 Ceoparts Y\u00fck Tekeri &#8211; 215179, 235971<\/p>\n<p><span style=\"font-family: ti;\">BT SWE120S BT 235971\u00a0<span style=\"color: #1f497d;\"><span style=\"color: #000000;\">958303 Vulk Hjul 100\/80&#215;78 kpl<\/span><\/span><\/span><\/p>\n<p><span style=\"font-family: ti;\">S12 S<\/span><\/p>\n<p><span style=\"font-family: ti;\">MPL 12S<\/span><\/p>\n<p><span style=\"font-family: ti;\">PPS 120 MXS<\/span><\/p>\n<p><span style=\"font-family: ti;\">RSX 20\/25<\/span><\/p>","protected":false},"excerpt":{"rendered":"<p data-start=\"113\" data-end=\"526\"><br data-start=\"118\" data-end=\"121\" \/>Forklift ve i\u015f makineleri i\u00e7in \u00f6zel olarak tasarlanm\u0131\u015f <strong data-start=\"176\" data-end=\"212\">100\u00d774\/78-20 Ceoparts Y\u00fck Tekeri<\/strong>, y\u00fcksek ta\u015f\u0131ma kapasitesi ve dayan\u0131kl\u0131l\u0131k sunar. Kaliteli kau\u00e7uk ve g\u00fc\u00e7lendirilmi\u015f metal g\u00f6vde kombinasyonu, zorlu \u00e7al\u0131\u015fma ko\u015fullar\u0131nda uzun \u00f6m\u00fcrl\u00fc performans sa\u011flar. Titre\u015fimleri azaltarak operat\u00f6r konforunu art\u0131r\u0131r ve makine verimlili\u011fini destekler. Kolay bak\u0131m imkan\u0131 ile i\u015f g\u00fcvenli\u011fi i\u00e7in kritik bir par\u00e7ad\u0131r.<\/p>\n<p data-start=\"528\" data-end=\"830\"><strong data-start=\"528\" data-end=\"542\">\u00d6zellikler<\/strong><br data-start=\"542\" data-end=\"545\" \/><strong data-start=\"545\" data-end=\"558\">\u00dcr\u00fcn Ad\u0131:<\/strong> Y\u00fck Tekeri<br data-start=\"569\" data-end=\"572\" \/><strong data-start=\"572\" data-end=\"587\">Par\u00e7a Kodu:<\/strong> 215179, 235971<br data-start=\"602\" data-end=\"605\" \/><strong data-start=\"605\" data-end=\"617\">Malzeme:<\/strong> Dayan\u0131kl\u0131 kau\u00e7uk, g\u00fc\u00e7lendirilmi\u015f metal g\u00f6vde<br data-start=\"662\" data-end=\"665\" \/><strong data-start=\"665\" data-end=\"684\">Kullan\u0131m Alan\u0131:<\/strong> Forklift ve i\u015f makineleri y\u00fck ta\u015f\u0131ma sistemi<br data-start=\"729\" data-end=\"732\" \/><strong data-start=\"732\" data-end=\"744\">Avantaj:<\/strong> Y\u00fcksek a\u015f\u0131nma direnci, uzun \u00f6m\u00fcr, titre\u015fim azaltma, kolay bak\u0131m, geli\u015fmi\u015f stabilite<\/p>\n<p data-start=\"832\" data-end=\"1276\">\n","protected":false},"featured_media":15522,"template":"","meta":[],"product_brand":[],"product_cat":[395,398,400,251,253],"product_tag":[],"class_list":{"0":"post-9941","1":"product","2":"type-product","3":"status-publish","4":"has-post-thumbnail","6":"product_cat-ceoparts","7":"product_cat-catal-tekeri-ceo","8":"product_cat-catal-tekeri","9":"product_cat-bt","10":"product_cat-catal-tekeri-bt","12":"first","13":"instock","14":"taxable","15":"shipping-taxable","16":"purchasable","17":"product-type-simple"},"_links":{"self":[{"href":"https:\/\/ceoparts.com\/tr\/wp-json\/wp\/v2\/product\/9941","targetHints":{"allow":["GET"]}}],"collection":[{"href":"https:\/\/ceoparts.com\/tr\/wp-json\/wp\/v2\/product"}],"about":[{"href":"https:\/\/ceoparts.com\/tr\/wp-json\/wp\/v2\/types\/product"}],"wp:featuredmedia":[{"embeddable":true,"href":"https:\/\/ceoparts.com\/tr\/wp-json\/wp\/v2\/media\/15522"}],"wp:attachment":[{"href":"https:\/\/ceoparts.com\/tr\/wp-json\/wp\/v2\/media?parent=9941"}],"wp:term":[{"taxonomy":"product_brand","embeddable":true,"href":"https:\/\/ceoparts.com\/tr\/wp-json\/wp\/v2\/product_brand?post=9941"},{"taxonomy":"product_cat","embeddable":true,"href":"https:\/\/ceoparts.com\/tr\/wp-json\/wp\/v2\/product_cat?post=9941"},{"taxonomy":"product_tag","embeddable":true,"href":"https:\/\/ceoparts.com\/tr\/wp-json\/wp\/v2\/product_tag?post=9941"}],"curies":[{"name":"wp","href":"https:\/\/api.w.org\/{rel}","templated":true}]}}