{"id":9974,"date":"2024-09-06T17:33:58","date_gmt":"2024-09-06T14:33:58","guid":{"rendered":"https:\/\/ceoparts.com\/?post_type=product&#038;p=9974"},"modified":"2026-05-06T12:51:36","modified_gmt":"2026-05-06T09:51:36","slug":"85x60-65-12-wicke-yuk-tekeri","status":"publish","type":"product","link":"https:\/\/ceoparts.com\/tr\/urun\/85x60-65-12-wicke-yuk-tekeri\/","title":{"rendered":"85&#215;60\/65-12 Wicke Y\u00fck Tekeri &#8211; 0039903512"},"content":{"rendered":"<p>85&#215;60\/65-12 Wicke Y\u00fck Tekeri &#8211; 0039903512<\/p>\n<p>132 N20\/N24\/N20L\/N20LI<br \/>\n133 L12\/L14-L12L\/L14L-L12LHP<br \/>\n139 L12\/16R<br \/>\n141 L12L\/L12LP<br \/>\n149 N20\/N25\/N20L\/LI\/LX<br \/>\n149 N20V-N20VI<br \/>\n360 T16\/T18\/T20\/T16L<br \/>\n365 L14\/16\/L14AP\/16AP<br \/>\n372 L14\/16<br \/>\n372 L14\/16\/L14AP\/16AP<br \/>\n377 N20\/N20<br \/>\n379 L10\/12-L10\/12AS<br \/>\n1110 V08-01\/V08-02<br \/>\n1111 N20VI &#8211; N20VLI<br \/>\n1152 T16\/T18\/T20\/T16L<br \/>\n1172 L10\/L12\/L12i<\/p>","protected":false},"excerpt":{"rendered":"<p data-start=\"107\" data-end=\"569\"><br data-start=\"112\" data-end=\"115\" \/>Forklift ve i\u015f makineleri i\u00e7in \u00f6zel olarak \u00fcretilen <strong data-start=\"167\" data-end=\"212\">85\u00d760\/65-12 Wicke Y\u00fck Tekeri \u2013 0039903512<\/strong>, y\u00fcksek ta\u015f\u0131ma kapasitesi ve dayan\u0131kl\u0131l\u0131\u011f\u0131 ile \u00f6ne \u00e7\u0131kar. Kaliteli kau\u00e7uk ve sa\u011flam metal g\u00f6vde birle\u015fimi sayesinde zorlu \u00e7al\u0131\u015fma ko\u015fullar\u0131nda uzun \u00f6m\u00fcrl\u00fc performans sa\u011flar. Operat\u00f6r konforunu art\u0131rmak i\u00e7in titre\u015fimleri minimize eder ve makine verimlili\u011fini optimize eder. Kolay bak\u0131m imkan\u0131 sunan bu y\u00fck tekeri, i\u015f g\u00fcvenli\u011fi a\u00e7\u0131s\u0131ndan kritik bir par\u00e7ad\u0131r.<\/p>\n<p data-start=\"571\" data-end=\"869\"><strong data-start=\"571\" data-end=\"585\">\u00d6zellikler<\/strong><br data-start=\"585\" data-end=\"588\" \/><strong data-start=\"588\" data-end=\"601\">\u00dcr\u00fcn Ad\u0131:<\/strong> Y\u00fck Tekeri<br data-start=\"612\" data-end=\"615\" \/><strong data-start=\"615\" data-end=\"630\">Par\u00e7a Kodu:<\/strong> 0039903512<br data-start=\"641\" data-end=\"644\" \/><strong data-start=\"644\" data-end=\"656\">Malzeme:<\/strong> Dayan\u0131kl\u0131 kau\u00e7uk, g\u00fc\u00e7lendirilmi\u015f metal g\u00f6vde<br data-start=\"701\" data-end=\"704\" \/><strong data-start=\"704\" data-end=\"723\">Kullan\u0131m Alan\u0131:<\/strong> Forklift ve i\u015f makineleri y\u00fck ta\u015f\u0131ma sistemi<br data-start=\"768\" data-end=\"771\" \/><strong data-start=\"771\" data-end=\"783\">Avantaj:<\/strong> Y\u00fcksek a\u015f\u0131nma direnci, uzun \u00f6m\u00fcr, titre\u015fim azaltma, kolay bak\u0131m, geli\u015fmi\u015f stabilite<\/p>\n<p data-start=\"871\" data-end=\"1323\">\n","protected":false},"featured_media":15967,"template":"","meta":[],"product_brand":[],"product_cat":[400,401,402],"product_tag":[],"class_list":{"0":"post-9974","1":"product","2":"type-product","3":"status-publish","4":"has-post-thumbnail","6":"product_cat-catal-tekeri","7":"product_cat-wicke","8":"product_cat-catal-tekeri-wicke","10":"first","11":"instock","12":"taxable","13":"shipping-taxable","14":"purchasable","15":"product-type-simple"},"_links":{"self":[{"href":"https:\/\/ceoparts.com\/tr\/wp-json\/wp\/v2\/product\/9974","targetHints":{"allow":["GET"]}}],"collection":[{"href":"https:\/\/ceoparts.com\/tr\/wp-json\/wp\/v2\/product"}],"about":[{"href":"https:\/\/ceoparts.com\/tr\/wp-json\/wp\/v2\/types\/product"}],"wp:featuredmedia":[{"embeddable":true,"href":"https:\/\/ceoparts.com\/tr\/wp-json\/wp\/v2\/media\/15967"}],"wp:attachment":[{"href":"https:\/\/ceoparts.com\/tr\/wp-json\/wp\/v2\/media?parent=9974"}],"wp:term":[{"taxonomy":"product_brand","embeddable":true,"href":"https:\/\/ceoparts.com\/tr\/wp-json\/wp\/v2\/product_brand?post=9974"},{"taxonomy":"product_cat","embeddable":true,"href":"https:\/\/ceoparts.com\/tr\/wp-json\/wp\/v2\/product_cat?post=9974"},{"taxonomy":"product_tag","embeddable":true,"href":"https:\/\/ceoparts.com\/tr\/wp-json\/wp\/v2\/product_tag?post=9974"}],"curies":[{"name":"wp","href":"https:\/\/api.w.org\/{rel}","templated":true}]}}